{"id":101,"date":"2015-08-19T22:01:00","date_gmt":"2015-08-19T22:01:00","guid":{"rendered":"http:\/\/umpra20.com.br\/satyananda\/?page_id=101"},"modified":"2025-06-13T23:25:50","modified_gmt":"2025-06-14T02:25:50","slug":"fundadores","status":"publish","type":"page","link":"https:\/\/www.satyanandayoga.com.br\/website\/fundadores\/","title":{"rendered":"FUNDADORES"},"content":{"rendered":"<section class=\"l-section wpb_row height_medium color_custom with_img parallax_ver with_overlay\" style=\" color: #ffffff;padding-top: 140px !important;padding-bottom: 60px !important;\"><div class=\"l-section-img\" style=\"background-image: url(https:\/\/www.satyanandayoga.com.br\/website\/wp-content\/uploads\/2015\/08\/113.jpg);\" data-img-width=\"1000\" data-img-height=\"667\"><\/div><div class=\"l-section-overlay\" style=\"background-color: rgba(0,0,0,0.4)\"><\/div><div class=\"l-section-h i-cf\"><div class=\"g-cols offset_small\"><div class=\"vc_col-sm-12 wpb_column vc_column_container\"><div class=\"vc_column-inner\"><div class=\"wpb_text_column \"><div class=\"wpb_wrapper\">\n<h2 style=\"text-align: center; color: #ffffff; font-size: 40px;\">QUEM SOMOS<\/h2>\n<hr style=\"width: 80px; border: 1px solid #ffffff; margin: 10px auto;\">\n<p style=\"text-align: center; color: #ffffff; font-size: 18px;\">FUNDADORES<\/p>\n<\/div> <\/div> <\/div><\/div><\/div><\/div><\/section><section class=\"l-section wpb_row height_medium\"><div class=\"l-section-h i-cf\"><div class=\"g-cols offset_small\"><div class=\"vc_col-sm-12 wpb_column vc_column_container\"><div class=\"vc_column-inner\"><div class=\"g-cols wpb_row offset_small vc_inner\"><div class=\"vc_col-sm-12 wpb_column vc_column_container\"><div class=\"vc_column-inner\">[vc_empty_space height=&#8221;60px&#8221;]<div class=\"wpb_text_column \"><div class=\"wpb_wrapper\">\n<h3 style=\"margin: 0 0 10px;\">SWAMI AGHORANANDA SARASWATI E GANGADHARA SARASWATI<\/h3>\n<h4 style=\"font-weight: 300;\">Nossa hist\u00f3ria: S\u00e9rgio Clark e Alcione Ramos<\/h4>\n<\/div> <\/div> <\/div><\/div><\/div><div class=\"g-cols wpb_row offset_small vc_inner\"><div class=\"vc_col-sm-6 wpb_column vc_column_container\"><div class=\"vc_column-inner\"><div class=\"wpb_text_column \"><div class=\"wpb_wrapper\"><p>Em 1995, quando j\u00e1 eram\u00a0professores de Yoga, partiram para a \u00cdndia, numa viagem de 6 meses, para conhecerem o ber\u00e7o do Yoga e a cultura em torno desse tema. Encontraram a Bihar School of Yoga em Munger , no nordeste indiano. Vislumbrados pelos profundos ensinamentos dessa escola, passaram a visit\u00e1-la constantemente desde 2000,\u00a0vivenciando as ricas experi\u00eancias de vida dentro de uma comunidade Yogi, aprendendo com o Guru, prestando servi\u00e7os \u00e0 comunidade e aperfei\u00e7oando seus\u00a0conhecimentos.<\/p>\n<p>Em 2001 foram iniciados por Swami Niranjanananda Saraswati (Sucessor de Paramahamsa Satyananda Saraswati) e receberam o\u00a0nome espiritual de Swami Aghorananda Saraswati e Gangadhara Saraswati.<\/p><\/div> <\/div> <\/div><\/div><div class=\"vc_col-sm-6 wpb_column vc_column_container\"><div class=\"vc_column-inner\"><div class=\"wpb_text_column \"><div class=\"wpb_wrapper\"><p>Ainda\u00a0em 2001 fundaram o Satyananda Yoga Center que se tornou um centro representante da tradi\u00e7\u00e3o Satyananda Yoga no Brasil.\u00a0A partir da\u00ed come\u00e7aram a formar professores de Yoga, ministrar workshops , semin\u00e1rios e retiros de Yoga.<\/p>\n<p>Em 2011 fundaram em Moeda\/MG a Casa do Guru , um espa\u00e7o pr\u00f3ximo \u00e0 natureza para viv\u00eancias e\u00a0interfaces do Yoga com cultura, educa\u00e7\u00e3o, sa\u00fade, vida amorosa e sustent\u00e1vel.<\/p>\n<p>Tendo a natureza como provedora de inspira\u00e7\u00e3o e energia vital, a Casa do Guru est\u00e1 aberta a todos aqueles que queiram vivenciar o estilo Yoga de viver em harmonia com a natureza, com os outros e consigo pr\u00f3prio, contribuindo com a consci\u00eancia Yogi para um mundo melhor.<\/p><\/div> <\/div> <\/div><\/div><\/div><div class=\"g-cols wpb_row offset_small vc_inner\"><div class=\"vc_col-sm-12 wpb_column vc_column_container\"><div class=\"vc_column-inner\"><div class=\"w-separator type_default size_medium thick_1 style_solid color_border cont_icon\"><span class=\"w-separator-h\"><i class=\"fa fa-star\"><\/i><\/span><\/div><\/div><\/div><\/div><div class=\"g-cols wpb_row offset_small vc_inner\"><div class=\"vc_col-sm-3 wpb_column vc_column_container\"><div class=\"vc_column-inner\"><div class=\"w-image \"><img loading=\"lazy\" decoding=\"async\" width=\"374\" height=\"525\" src=\"https:\/\/www.satyanandayoga.com.br\/website\/wp-content\/uploads\/2022\/03\/fund1.jpg\" class=\"attachment-large size-large\" alt=\"\" srcset=\"https:\/\/www.satyanandayoga.com.br\/website\/wp-content\/uploads\/2022\/03\/fund1.jpg 374w, https:\/\/www.satyanandayoga.com.br\/website\/wp-content\/uploads\/2022\/03\/fund1-214x300.jpg 214w\" sizes=\"auto, (max-width: 374px) 100vw, 374px\" \/><\/div><\/div><\/div><div class=\"vc_col-sm-3 wpb_column vc_column_container\"><div class=\"vc_column-inner\"><div class=\"wpb_text_column \"><div class=\"wpb_wrapper\">\n<h5 style=\"margin-bottom: 10px;\">SWAMI AGHORANANDA SARASWATI<\/h5>\n<p>Swami Aghorananda (S\u00e9rgio Clark) \u00e9 professor de Yoga desde 1985. Em 1994 formou-se em Hist\u00f3ria, especializando-se em Hist\u00f3ria e Mitologias da \u00cdndia. Em 1998 fez Mestrado pela Universidade Federal de Minas Gerais, desenvolvendo estudos interdisciplinares nas \u00e1reas da Literatura indiana (Tantra Shastras), Alteridade, Estudos de G\u00eanero e Orientalismo. \u00c9 Versado nos m\u00e9todos de concentra\u00e7\u00e3o descritos na tradi\u00e7\u00e3o do Tantra, ministra regularmente cursos e semin\u00e1rios de Medita\u00e7\u00e3o dos Tantras. Autor dos livros: Mitologia Hindu, pela Editora Madras &#8211; SP e Tantra Vidya, pela Editora Mondana &#8211; BH.<\/div> <\/div> <\/div><\/div><div class=\"vc_col-sm-3 wpb_column vc_column_container\"><div class=\"vc_column-inner\"><div class=\"w-image \"><img loading=\"lazy\" decoding=\"async\" width=\"374\" height=\"525\" src=\"https:\/\/www.satyanandayoga.com.br\/website\/wp-content\/uploads\/2022\/03\/fund2-1.jpg\" class=\"attachment-large size-large\" alt=\"\" srcset=\"https:\/\/www.satyanandayoga.com.br\/website\/wp-content\/uploads\/2022\/03\/fund2-1.jpg 374w, https:\/\/www.satyanandayoga.com.br\/website\/wp-content\/uploads\/2022\/03\/fund2-1-214x300.jpg 214w\" sizes=\"auto, (max-width: 374px) 100vw, 374px\" \/><\/div><\/div><\/div><div class=\"vc_col-sm-3 wpb_column vc_column_container\"><div class=\"vc_column-inner\"><div class=\"wpb_text_column \"><div class=\"wpb_wrapper\">\n<h5 style=\"margin-bottom: 10px;\">GANGADHARA SARASWATI<\/h5>\n<p>Gangadhara Saraswati\/Alcione Ramos. \u00c9 professora de Yoga desde 1986. Sua s\u00f3lida forma\u00e7\u00e3o em Yoga se deu na \u00cdndia, na Bihar School of Yoga\/India, \u00e0 qual est\u00e1 conectada desde 2001 quando foi iniciada por Sw. Niranjanananda Saraswati. Possui Mestrado em Educa\u00e7\u00e3o e Sa\u00fade pela Universidade Federal de Minas Gerais com o tema: O Yoga como uma pr\u00e1tica educativa na promo\u00e7\u00e3o da sa\u00fade: entre cuidado, pr\u00e1ticas e experi\u00eancias de si. A partir deste estudo e de sua experi\u00eancia com o Yoga tradicional, trabalha na perspectiva do Cuidado de Si. \u00c9 psic\u00f3loga pela UFMG e possui p\u00f3s-gradua\u00e7\u00e3o em Psicologia Anal\u00edtica Junguiana pela PUC\/MG. A partir desta p\u00f3s gradua\u00e7\u00e3o se aprofundou na metodologia do Yoga Nidra de Sw. Satyananda Saraswati e escreveu o livro Yoga Nidra: O Sono Consciente. Elementos Junguianos no Yoga Nidra de Swami Satyananda Saraswati , pela Editora Mondana. \u00c9 pedagoga pela UEMG e a partir desta experi\u00eancia trabalha com Yoga e Cuidados na Educa\u00e7\u00e3o treinando Facilitadores em Yoga para Crian\u00e7as. O livro de sua autoria: A Gata Maya vai ao Yoga pela editora Miguilim foi inspirado nesta experi\u00eancia.Faz a ponte Brasil \u2013India anualmente para estudos e aperfei\u00e7oamento na Bihar School of Yoga. Coordena o Satyananda Yoga Center \/Brasil e a Casa do Guru: um espa\u00e7o rural situado nas montanhas da Serra da Moeda\/ MG\/Brasil, para viv\u00eancias de ecologia humana, arte, educa\u00e7\u00e3o , sa\u00fade e cultura interconectadas com o Yoga. Se dedica \u00e0 forma\u00e7\u00e3o e aprimoramento de professores de Yoga \u00c9 membro do Yoga Vidya Council da Bihar School of Yoga\/ \u00cdndia.<\/div> <\/div> <\/div><\/div><\/div><\/div><\/div><\/div><\/div><\/section>\n","protected":false},"excerpt":{"rendered":"","protected":false},"author":1809,"featured_media":0,"parent":0,"menu_order":0,"comment_status":"closed","ping_status":"closed","template":"","meta":{"footnotes":""},"class_list":["post-101","page","type-page","status-publish","hentry"],"_links":{"self":[{"href":"https:\/\/www.satyanandayoga.com.br\/website\/wp-json\/wp\/v2\/pages\/101","targetHints":{"allow":["GET"]}}],"collection":[{"href":"https:\/\/www.satyanandayoga.com.br\/website\/wp-json\/wp\/v2\/pages"}],"about":[{"href":"https:\/\/www.satyanandayoga.com.br\/website\/wp-json\/wp\/v2\/types\/page"}],"author":[{"embeddable":true,"href":"https:\/\/www.satyanandayoga.com.br\/website\/wp-json\/wp\/v2\/users\/1809"}],"replies":[{"embeddable":true,"href":"https:\/\/www.satyanandayoga.com.br\/website\/wp-json\/wp\/v2\/comments?post=101"}],"version-history":[{"count":12,"href":"https:\/\/www.satyanandayoga.com.br\/website\/wp-json\/wp\/v2\/pages\/101\/revisions"}],"predecessor-version":[{"id":4378,"href":"https:\/\/www.satyanandayoga.com.br\/website\/wp-json\/wp\/v2\/pages\/101\/revisions\/4378"}],"wp:attachment":[{"href":"https:\/\/www.satyanandayoga.com.br\/website\/wp-json\/wp\/v2\/media?parent=101"}],"curies":[{"name":"wp","href":"https:\/\/api.w.org\/{rel}","templated":true}]}}