{"id":123,"date":"2015-08-20T01:24:08","date_gmt":"2015-08-20T01:24:08","guid":{"rendered":"http:\/\/umpra20.com.br\/satyananda\/?page_id=123"},"modified":"2025-06-16T21:54:58","modified_gmt":"2025-06-17T00:54:58","slug":"inspiradores","status":"publish","type":"page","link":"https:\/\/www.satyanandayoga.com.br\/website\/inspiradores\/","title":{"rendered":"INSPIRADORES"},"content":{"rendered":"<section class=\"l-section wpb_row height_medium color_custom with_img parallax_ver with_overlay\" style=\" color: #ffffff;padding-top: 140px !important;padding-bottom: 60px !important;\"><div class=\"l-section-img\" style=\"background-image: url(https:\/\/www.satyanandayoga.com.br\/website\/wp-content\/uploads\/2015\/08\/113.jpg);\" data-img-width=\"1000\" data-img-height=\"667\"><\/div><div class=\"l-section-overlay\" style=\"background-color: rgba(0,0,0,0.4)\"><\/div><div class=\"l-section-h i-cf\"><div class=\"g-cols offset_small\"><div class=\"vc_col-sm-12 wpb_column vc_column_container\"><div class=\"vc_column-inner\"><div class=\"wpb_text_column \"><div class=\"wpb_wrapper\">\n<h2 style=\"text-align: center; color: #ffffff; font-size: 40px;\">QUEM SOMOS<\/h2>\n<hr style=\"width: 80px; border: 1px solid #ffffff; margin: 10px auto;\">\n<p style=\"text-align: center; color: #ffffff; font-size: 18px;\">MESTRES INSPIRADORES<\/p>\n<\/div> <\/div> <\/div><\/div><\/div><\/div><\/section><section class=\"l-section wpb_row height_medium\"><div class=\"l-section-h i-cf\"><div class=\"g-cols offset_small\"><div class=\"vc_col-sm-12 wpb_column vc_column_container\"><div class=\"vc_column-inner\"><div class=\"g-cols wpb_row offset_small vc_inner\"><div class=\"vc_col-sm-12 wpb_column vc_column_container\"><div class=\"vc_column-inner\">[vc_empty_space height=&#8221;30px&#8221;]<div class=\"wpb_text_column \"><div class=\"wpb_wrapper\"><p>Os Mestres de Yoga s\u00e3o pessoas especiais. Vision\u00e1rios por natureza, s\u00e3o capazes de guiar e iluminar a vida de milhares de pessoas. Seus ensinamentos transcendem o tempo e o espa\u00e7o. A vida de cada mestre traz li\u00e7\u00f5es ancoradas na verdade e no amor. Por isso vale \u00e0 pena se inspirar um pouco.<\/p>\n<p>Conhe\u00e7a um pouco sobre os mestres inspiradores da nossa escola:<\/p><\/div> <\/div> <\/div><\/div><\/div><div class=\"g-cols wpb_row offset_small vc_inner\"><div class=\"vc_col-sm-4 wpb_column vc_column_container\"><div class=\"vc_column-inner\"><div class=\"w-image \"><img loading=\"lazy\" decoding=\"async\" width=\"374\" height=\"525\" src=\"https:\/\/www.satyanandayoga.com.br\/website\/wp-content\/uploads\/2015\/08\/ssatyananda.jpg\" class=\"attachment-large size-large\" alt=\"\" srcset=\"https:\/\/www.satyanandayoga.com.br\/website\/wp-content\/uploads\/2015\/08\/ssatyananda.jpg 374w, https:\/\/www.satyanandayoga.com.br\/website\/wp-content\/uploads\/2015\/08\/ssatyananda-214x300.jpg 214w, https:\/\/www.satyanandayoga.com.br\/website\/wp-content\/uploads\/2015\/08\/ssatyananda-150x211.jpg 150w, https:\/\/www.satyanandayoga.com.br\/website\/wp-content\/uploads\/2015\/08\/ssatyananda-285x400.jpg 285w\" sizes=\"auto, (max-width: 374px) 100vw, 374px\" \/><\/div><\/div><\/div><div class=\"vc_col-sm-8 wpb_column vc_column_container\"><div class=\"vc_column-inner\"><div class=\"wpb_text_column \"><div class=\"wpb_wrapper\">\n<h5 style=\"margin-bottom: 10px;\">SWAMI SATYANANDA SARASWATI<\/h5>\n<p>Swami Satyananda Saraswati nasceu em Almora, no estado de Uttaranchal, no norte da \u00cdndia, em 1923.<\/p>\n<p>Em 1943, encontrou Swami Sivananda Saraswati em Rishikesh que o iniciou na ordem de Dashnami Sannyasa em 12 de setembro de 1947. Servindo seu Guru por 12 anos, ele aperfei\u00e7oou cada aspecto de sua vida.<\/p>\n<p>Em 1956, Swami Satyananda viajou atrav\u00e9s do subcontinente indiano levando uma vida de Parivrajaka, (peregrino) e come\u00e7ou a formular suas id\u00e9ias e m\u00e9todos sobre como levar o Yoga para todo o mundo.<\/p>\n<p>Em 1962, fundou o Internacional Yoga Fellowship Movement, com o objetivo de criar uma fraternidade global de Yoga. Em 1963, estabeleceu a Bihar School of Yoga em Munger, Bihar. De 1963 a 1983, levou o Yoga a os quatro cantos do mundo e seus ensinamentos se expandiram rapidamente. Bihar Yoga desenvolveu-se baseado numa tradi\u00e7\u00e3o combinando conhecimento cl\u00e1ssico com entendimento experimental. Em 1984, fundou o Yoga Research Foundation para sincronizar as pesquisas cient\u00edficas com Yoga e o Sivananda Math para assistir popula\u00e7\u00f5es mais desfavorecidas. Muitos foram inspirados pelas suas id\u00e9ias e ele iniciou milhares de pessoas no caminho do Yoga. Escreveu mais de 80 livros sobre Yoga.<\/p>\n<p>Em 1988, Swami Satyananda, carinhosamente chamado de Sri Swamiji renunciou a tudo que fundou; e fez peregrina\u00e7\u00f5es em locais especias da \u00cdndia. Em 1989, Rikhia, uma vila desprivilegiada aos arredores de Deoghar foi revelada para ele, onde ele se estabeleceu para viver e realizar Pr\u00e1ticas elevadas em reclus\u00e3o.<\/p>\n<p>Recebendo uma inspira\u00e7\u00e3o elevada para amparar seus vizinhos em 1991, o Ashram de Swami Satyananda come\u00e7ou a ajudar v\u00e1rias vilas desfavorecidas na regi\u00e3o com o prop\u00f3sito de levar paz, plenitude e prosperidade para todos. Em 2007, fundou Rikhiapeeth (a cidade de Rikhia), com o mandato de \u201cServir, Amar e Doar\u201d.<\/p>\n<p>Em 5 de dezembro de 2009, Swami Satyananda alcan\u00e7ou Mahasamadhi, uma conquista Yogi de deixar o corpo voluntariamente para se tornar Um com a consci\u00eancia universal.<\/div> <\/div> <\/div><\/div><\/div><div class=\"g-cols wpb_row offset_small vc_inner\"><div class=\"vc_col-sm-12 wpb_column vc_column_container\"><div class=\"vc_column-inner\"><div class=\"w-separator type_default size_medium thick_1 style_solid color_border cont_none\"><span class=\"w-separator-h\"><\/span><\/div><\/div><\/div><\/div><div class=\"g-cols wpb_row offset_small vc_inner\"><div class=\"vc_col-sm-4 wpb_column vc_column_container\"><div class=\"vc_column-inner\"><div class=\"w-image \"><img loading=\"lazy\" decoding=\"async\" width=\"374\" height=\"525\" src=\"https:\/\/www.satyanandayoga.com.br\/website\/wp-content\/uploads\/2015\/08\/niranja.jpg\" class=\"attachment-large size-large\" alt=\"\" srcset=\"https:\/\/www.satyanandayoga.com.br\/website\/wp-content\/uploads\/2015\/08\/niranja.jpg 374w, https:\/\/www.satyanandayoga.com.br\/website\/wp-content\/uploads\/2015\/08\/niranja-214x300.jpg 214w, https:\/\/www.satyanandayoga.com.br\/website\/wp-content\/uploads\/2015\/08\/niranja-150x211.jpg 150w, https:\/\/www.satyanandayoga.com.br\/website\/wp-content\/uploads\/2015\/08\/niranja-285x400.jpg 285w\" sizes=\"auto, (max-width: 374px) 100vw, 374px\" \/><\/div><\/div><\/div><div class=\"vc_col-sm-8 wpb_column vc_column_container\"><div class=\"vc_column-inner\"><div class=\"wpb_text_column \"><div class=\"wpb_wrapper\">\n<h5 style=\"margin-bottom: 10px;\">SWAMI NIRANJANANANDA SARASWATI<\/h5>\n<p>Nasceu em Radnandgon(\u00cdndia) em 1960 e viveu com Swami Satyananda Saraswati desde a idade de 4 anos, na Bihar School of Yoga, em Munger, onde recebeu treinamento em yoga e ci\u00eancias espirituais atrav\u00e9s de Yoga Nidra. Viveu 11 anos fora da \u00cdndia (Austr\u00e1lia, \u00c1ustria, Col\u00f4mbia, Estados Unidos), ganhando habilidades para lidar e entender as diferentes culturas e ajudando a estabelecer Ashrams e centros em v\u00e1rias partes do mundo.<\/p>\n<p>Em 1990 foi iniciado como Paramahamsa Sannyasi. Em 1995 foi apontado como sucessor de Swami Satyananda Saraswati, estabeleceu a primeira universidade de Yoga no mundo (Bihar Yoga Bharati) e iniciou um grande movimento de Yoga para jovens de todas as idades chamado de Yoga Mitra Mandal, com o objetivo de proporcionar aos jovens condi\u00e7\u00f5es favor\u00e1veis para desenvolverem seus talentos e confian\u00e7a para realizarem seus sonhos. Viajou extensivamente pelo mundo at\u00e9 2009 quando recebeu a orienta\u00e7\u00e3o de Swami Satyananda de estabelecer um Ashram para resgatar\u00a0a tradi\u00e7\u00e3o do Sannyasi na \u00cdndia. Swami Niranjan \u00e9 autor de v\u00e1rios livros cl\u00e1ssicos sobre Yoga, Tantra e espiritualidade. Possui uma fonte inspiradora de sabedoria em todos os aspectos da filosofia do Yoga, pr\u00e1tica e estilo de vida.<\/p>\n<p>Lan\u00e7ou as bases que preservaram e regeneraram a tradi\u00e7\u00e3o milenar do Yoga combinando metodologia cient\u00edfica e acad\u00eamica e continua a nutrir e a expandir a miss\u00e3o de seu Guru.<\/div> <\/div> <\/div><\/div><\/div><div class=\"g-cols wpb_row offset_small vc_inner\"><div class=\"vc_col-sm-12 wpb_column vc_column_container\"><div class=\"vc_column-inner\"><div class=\"w-separator type_default size_medium thick_1 style_solid color_border cont_none\"><span class=\"w-separator-h\"><\/span><\/div><\/div><\/div><\/div><div class=\"g-cols wpb_row offset_small vc_inner\"><div class=\"vc_col-sm-4 wpb_column vc_column_container\"><div class=\"vc_column-inner\"><div class=\"w-image \"><img loading=\"lazy\" decoding=\"async\" width=\"374\" height=\"525\" src=\"https:\/\/www.satyanandayoga.com.br\/website\/wp-content\/uploads\/2015\/08\/satsangananda.jpg\" class=\"attachment-large size-large\" alt=\"\" srcset=\"https:\/\/www.satyanandayoga.com.br\/website\/wp-content\/uploads\/2015\/08\/satsangananda.jpg 374w, https:\/\/www.satyanandayoga.com.br\/website\/wp-content\/uploads\/2015\/08\/satsangananda-214x300.jpg 214w, https:\/\/www.satyanandayoga.com.br\/website\/wp-content\/uploads\/2015\/08\/satsangananda-150x211.jpg 150w, https:\/\/www.satyanandayoga.com.br\/website\/wp-content\/uploads\/2015\/08\/satsangananda-285x400.jpg 285w\" sizes=\"auto, (max-width: 374px) 100vw, 374px\" \/><\/div><\/div><\/div><div class=\"vc_col-sm-8 wpb_column vc_column_container\"><div class=\"vc_column-inner\"><div class=\"wpb_text_column \"><div class=\"wpb_wrapper\">\n<h5 style=\"margin-bottom: 10px;\">SWAMI SATYASANGANANDA SARASWATI<\/h5>\n<p>Swami Satyasangananda Saraswati, carinhosamente chamada de Swami Satsangi, nasceu em 1953 em Chadorenagore, regi\u00e3o oeste de Bengal (\u00cdndia).<\/p>\n<p>Ela \u00e9 uma erudita com insights profundos nas tradi\u00e7\u00f5es de Yoga e Tantra, assim como nas ci\u00eancias e filosofias modernas. Swami Satsangi foi iniciada por Swami Satyananda com a idade de 22 anos. A partir de 1981, viajou incessantemente com Paramahamsa Satyananda acompanhando-o em programas , semin\u00e1rios e conven\u00e7\u00f5es de Yoga dentro e fora da \u00cdndia. Swami Satsangi se tornou um canal eficiente da vis\u00e3o e ensinamentos de seu Guru. Atualmente ela coordena as atividades do Shivananda Math em Rikhia, \u00cdndia, trabalhando incansavelmente com compaix\u00e3o, para melhorar a qualidade de vida nas \u00e1reas mais pobres e negligenciadas da regi\u00e3o. \u00c9 considerada o pilar da vis\u00e3o de Swami Satyananda.<\/p>\n<p>Atualmente al\u00e9m de administrar o Ashram de Rikhiapeeth , ela viaja pelo mundo transmitindo sua sabedoria ancorada na experi\u00eancia de viver lado a lado com um grande mestre. Em 2011 visitou o Brasil a convite do Satyananda Yoga Center (BH).<\/div> <\/div> <\/div><\/div><\/div><\/div><\/div><\/div><\/div><\/section>\n","protected":false},"excerpt":{"rendered":"","protected":false},"author":1809,"featured_media":0,"parent":0,"menu_order":0,"comment_status":"closed","ping_status":"closed","template":"","meta":{"footnotes":""},"class_list":["post-123","page","type-page","status-publish","hentry"],"_links":{"self":[{"href":"https:\/\/www.satyanandayoga.com.br\/website\/wp-json\/wp\/v2\/pages\/123","targetHints":{"allow":["GET"]}}],"collection":[{"href":"https:\/\/www.satyanandayoga.com.br\/website\/wp-json\/wp\/v2\/pages"}],"about":[{"href":"https:\/\/www.satyanandayoga.com.br\/website\/wp-json\/wp\/v2\/types\/page"}],"author":[{"embeddable":true,"href":"https:\/\/www.satyanandayoga.com.br\/website\/wp-json\/wp\/v2\/users\/1809"}],"replies":[{"embeddable":true,"href":"https:\/\/www.satyanandayoga.com.br\/website\/wp-json\/wp\/v2\/comments?post=123"}],"version-history":[{"count":11,"href":"https:\/\/www.satyanandayoga.com.br\/website\/wp-json\/wp\/v2\/pages\/123\/revisions"}],"predecessor-version":[{"id":4397,"href":"https:\/\/www.satyanandayoga.com.br\/website\/wp-json\/wp\/v2\/pages\/123\/revisions\/4397"}],"wp:attachment":[{"href":"https:\/\/www.satyanandayoga.com.br\/website\/wp-json\/wp\/v2\/media?parent=123"}],"curies":[{"name":"wp","href":"https:\/\/api.w.org\/{rel}","templated":true}]}}