{"id":125,"date":"2015-08-20T01:24:27","date_gmt":"2015-08-20T01:24:27","guid":{"rendered":"http:\/\/umpra20.com.br\/satyananda\/?page_id=125"},"modified":"2025-06-13T23:39:37","modified_gmt":"2025-06-14T02:39:37","slug":"artigos","status":"publish","type":"page","link":"https:\/\/www.satyanandayoga.com.br\/website\/artigos\/","title":{"rendered":"ARTIGOS"},"content":{"rendered":"<section class=\"l-section wpb_row height_medium color_custom with_img parallax_ver with_overlay\" style=\" color: #ffffff;padding-top: 140px !important;padding-bottom: 60px !important;\"><div class=\"l-section-img\" style=\"background-image: url(https:\/\/www.satyanandayoga.com.br\/website\/wp-content\/uploads\/2015\/08\/IMG_8196.jpg);\" data-img-width=\"1000\" data-img-height=\"667\"><\/div><div class=\"l-section-overlay\" style=\"background-color: rgba(0,0,0,0.6)\"><\/div><div class=\"l-section-h i-cf\"><div class=\"g-cols offset_small\"><div class=\"vc_col-sm-12 wpb_column vc_column_container\"><div class=\"vc_column-inner\"><div class=\"wpb_text_column \"><div class=\"wpb_wrapper\">\n<h2 style=\"text-align: center; color: #ffffff; font-size: 40px;\">LINKS<\/h2>\n<hr style=\"width: 80px; border: 1px solid #ffffff; margin: 10px auto;\">\n<p style=\"text-align: center; color: #ffffff; font-size: 18px;\">ARTIGOS<\/p>\n<\/div> <\/div> <\/div><\/div><\/div><\/div><\/section><section class=\"l-section wpb_row height_medium\"><div class=\"l-section-h i-cf\"><div class=\"g-cols offset_small\"><div class=\"vc_col-sm-12 wpb_column vc_column_container\"><div class=\"vc_column-inner\"><div class=\"w-blog layout_smallsquare cols_1\" itemscope=\"itemscope\" itemtype=\"https:\/\/schema.org\/Blog\"><div class=\"w-blog-list\">\r\n\r\n<article class=\"w-blog-post artigos post-1284 post type-post status-publish format-standard has-post-thumbnail hentry category-artigos\" data-id=\"1284\" data-categories=\"artigos\">\r\n\t<div class=\"w-blog-post-h\">\r\n\t\t<a href=\"https:\/\/www.satyanandayoga.com.br\/website\/visoes-do-oriente\/\">\r\n\t\t\t<div class=\"w-blog-post-preview\">\r\n\t\t\t\t<img loading=\"lazy\" decoding=\"async\" width=\"350\" height=\"350\" src=\"https:\/\/www.satyanandayoga.com.br\/website\/wp-content\/uploads\/2020\/04\/mandala-350x350.jpg\" class=\"attachment-tnail-1x1-small size-tnail-1x1-small wp-post-image\" alt=\"\" srcset=\"https:\/\/www.satyanandayoga.com.br\/website\/wp-content\/uploads\/2020\/04\/mandala-350x350.jpg 350w, https:\/\/www.satyanandayoga.com.br\/website\/wp-content\/uploads\/2020\/04\/mandala-100x100.jpg 100w, https:\/\/www.satyanandayoga.com.br\/website\/wp-content\/uploads\/2020\/04\/mandala-150x150.jpg 150w\" sizes=\"auto, (max-width: 350px) 100vw, 350px\" \/>\t\t\t\t<span class=\"w-blog-post-preview-icon\" style=\"padding-bottom: 66.6667%;\"><\/span>\r\n\t\t\t<\/div>\r\n\t\t<\/a>\r\n\t\t<div class=\"w-blog-post-body\">\r\n\t\t\t<h2 class=\"w-blog-post-title\">\r\n\t\t\t\t<a class=\"entry-title\" rel=\"bookmark\" href=\"https:\/\/www.satyanandayoga.com.br\/website\/visoes-do-oriente\/\">Vis\u00f5es do Oriente<\/a>\r\n\t\t\t<\/h2>\r\n\t\t\t<div class=\"w-blog-post-meta\">\r\n\t\t\t\t<time class=\"w-blog-post-meta-date date updated\">24 de abril de 2020<\/time><span class=\"w-blog-post-meta-author vcard author hidden\"><a href=\"https:\/\/www.satyanandayoga.com.br\/website\/author\/luciana\/\" class=\"fn\">luciana<\/a><\/span>\t\t\t<\/div>\r\n\t\t\t<div class=\"w-blog-post-content\">\r\n\t\t\t\t<p>Por Gangadhara Saraswati &nbsp; Sou uma professora de Yoga. Perten\u00e7o \u00e0 tradi\u00e7\u00e3o Dashnami Sannyasi, uma das dez tradi\u00e7\u00f5es filos\u00f3ficas da&#8230;<\/p>\n\t\t\t<\/div>\r\n\t\t\t<a class=\"w-blog-post-more w-btn\" href=\"https:\/\/www.satyanandayoga.com.br\/website\/visoes-do-oriente\/\"><span class=\"w-btn-label\">Ler Mais<\/span><\/a>\r\n\t\t<\/div>\r\n\t<\/div>\r\n<\/article>\r\n\r\n\r\n\r\n<article class=\"w-blog-post artigos post-295 post type-post status-publish format-standard has-post-thumbnail hentry category-artigos\" data-id=\"295\" data-categories=\"artigos\">\r\n\t<div class=\"w-blog-post-h\">\r\n\t\t<a href=\"https:\/\/www.satyanandayoga.com.br\/website\/sankalpa\/\">\r\n\t\t\t<div class=\"w-blog-post-preview\">\r\n\t\t\t\t<img loading=\"lazy\" decoding=\"async\" width=\"350\" height=\"280\" src=\"https:\/\/www.satyanandayoga.com.br\/website\/wp-content\/uploads\/2015\/08\/Sankalpa-2.jpg\" class=\"attachment-tnail-1x1-small size-tnail-1x1-small wp-post-image\" alt=\"\" srcset=\"https:\/\/www.satyanandayoga.com.br\/website\/wp-content\/uploads\/2015\/08\/Sankalpa-2.jpg 1276w, https:\/\/www.satyanandayoga.com.br\/website\/wp-content\/uploads\/2015\/08\/Sankalpa-2-400x320.jpg 400w, https:\/\/www.satyanandayoga.com.br\/website\/wp-content\/uploads\/2015\/08\/Sankalpa-2-300x240.jpg 300w, https:\/\/www.satyanandayoga.com.br\/website\/wp-content\/uploads\/2015\/08\/Sankalpa-2-1024x819.jpg 1024w, https:\/\/www.satyanandayoga.com.br\/website\/wp-content\/uploads\/2015\/08\/Sankalpa-2-600x480.jpg 600w, https:\/\/www.satyanandayoga.com.br\/website\/wp-content\/uploads\/2015\/08\/Sankalpa-2-150x120.jpg 150w, https:\/\/www.satyanandayoga.com.br\/website\/wp-content\/uploads\/2015\/08\/Sankalpa-2-500x400.jpg 500w\" sizes=\"auto, (max-width: 350px) 100vw, 350px\" \/>\t\t\t\t<span class=\"w-blog-post-preview-icon\" style=\"padding-bottom: 66.6667%;\"><\/span>\r\n\t\t\t<\/div>\r\n\t\t<\/a>\r\n\t\t<div class=\"w-blog-post-body\">\r\n\t\t\t<h2 class=\"w-blog-post-title\">\r\n\t\t\t\t<a class=\"entry-title\" rel=\"bookmark\" href=\"https:\/\/www.satyanandayoga.com.br\/website\/sankalpa\/\">SANKALPA<\/a>\r\n\t\t\t<\/h2>\r\n\t\t\t<div class=\"w-blog-post-meta\">\r\n\t\t\t\t<time class=\"w-blog-post-meta-date date updated\">23 de agosto de 2015<\/time><span class=\"w-blog-post-meta-author vcard author hidden\"><a href=\"https:\/\/www.satyanandayoga.com.br\/website\/author\/satyanan\/\" class=\"fn\">Satyananda Yoga<\/a><\/span>\t\t\t<\/div>\r\n\t\t\t<div class=\"w-blog-post-content\">\r\n\t\t\t\t<p>Dever\u00edamos fazer um Sankalpa, dever\u00edamos plantar uma semente por dentro. Da mesma maneira que a natureza manifesta a beleza da cria\u00e7\u00e3o em uma planta, tamb\u00e9m podemos visualizar as possibilidades de cria\u00e7\u00e3o com a planta\u00e7\u00e3o de um Sankalpa.<\/p>\n\t\t\t<\/div>\r\n\t\t\t<a class=\"w-blog-post-more w-btn\" href=\"https:\/\/www.satyanandayoga.com.br\/website\/sankalpa\/\"><span class=\"w-btn-label\">Ler Mais<\/span><\/a>\r\n\t\t<\/div>\r\n\t<\/div>\r\n<\/article>\r\n\r\n\r\n\r\n<article class=\"w-blog-post artigos post-291 post type-post status-publish format-standard has-post-thumbnail hentry category-artigos\" data-id=\"291\" data-categories=\"artigos\">\r\n\t<div class=\"w-blog-post-h\">\r\n\t\t<a href=\"https:\/\/www.satyanandayoga.com.br\/website\/meditation-on-giving\/\">\r\n\t\t\t<div class=\"w-blog-post-preview\">\r\n\t\t\t\t<img loading=\"lazy\" decoding=\"async\" width=\"350\" height=\"332\" src=\"https:\/\/www.satyanandayoga.com.br\/website\/wp-content\/uploads\/2015\/08\/meditacao2.jpg\" class=\"attachment-tnail-1x1-small size-tnail-1x1-small wp-post-image\" alt=\"\" srcset=\"https:\/\/www.satyanandayoga.com.br\/website\/wp-content\/uploads\/2015\/08\/meditacao2.jpg 400w, https:\/\/www.satyanandayoga.com.br\/website\/wp-content\/uploads\/2015\/08\/meditacao2-300x284.jpg 300w, https:\/\/www.satyanandayoga.com.br\/website\/wp-content\/uploads\/2015\/08\/meditacao2-150x142.jpg 150w\" sizes=\"auto, (max-width: 350px) 100vw, 350px\" \/>\t\t\t\t<span class=\"w-blog-post-preview-icon\" style=\"padding-bottom: 66.6667%;\"><\/span>\r\n\t\t\t<\/div>\r\n\t\t<\/a>\r\n\t\t<div class=\"w-blog-post-body\">\r\n\t\t\t<h2 class=\"w-blog-post-title\">\r\n\t\t\t\t<a class=\"entry-title\" rel=\"bookmark\" href=\"https:\/\/www.satyanandayoga.com.br\/website\/meditation-on-giving\/\">Meditation on Giving<\/a>\r\n\t\t\t<\/h2>\r\n\t\t\t<div class=\"w-blog-post-meta\">\r\n\t\t\t\t<time class=\"w-blog-post-meta-date date updated\">23 de agosto de 2015<\/time><span class=\"w-blog-post-meta-author vcard author hidden\"><a href=\"https:\/\/www.satyanandayoga.com.br\/website\/author\/satyanan\/\" class=\"fn\">Satyananda Yoga<\/a><\/span>\t\t\t<\/div>\r\n\t\t\t<div class=\"w-blog-post-content\">\r\n\t\t\t\t<p>This simple meditation practice can be done immediately after your morning mantra sadhana, and it will help you to begin the day filled with a sense of kindness and generosity.<\/p>\n\t\t\t<\/div>\r\n\t\t\t<a class=\"w-blog-post-more w-btn\" href=\"https:\/\/www.satyanandayoga.com.br\/website\/meditation-on-giving\/\"><span class=\"w-btn-label\">Ler Mais<\/span><\/a>\r\n\t\t<\/div>\r\n\t<\/div>\r\n<\/article>\r\n\r\n\r\n\r\n<article class=\"w-blog-post artigos post-287 post type-post status-publish format-standard has-post-thumbnail hentry category-artigos\" data-id=\"287\" data-categories=\"artigos\">\r\n\t<div class=\"w-blog-post-h\">\r\n\t\t<a href=\"https:\/\/www.satyanandayoga.com.br\/website\/conhecendo-o-yoga-2\/\">\r\n\t\t\t<div class=\"w-blog-post-preview\">\r\n\t\t\t\t<img loading=\"lazy\" decoding=\"async\" width=\"350\" height=\"203\" src=\"https:\/\/www.satyanandayoga.com.br\/website\/wp-content\/uploads\/2015\/08\/Ities.jpg\" class=\"attachment-tnail-1x1-small size-tnail-1x1-small wp-post-image\" alt=\"\" srcset=\"https:\/\/www.satyanandayoga.com.br\/website\/wp-content\/uploads\/2015\/08\/Ities.jpg 620w, https:\/\/www.satyanandayoga.com.br\/website\/wp-content\/uploads\/2015\/08\/Ities-400x232.jpg 400w, https:\/\/www.satyanandayoga.com.br\/website\/wp-content\/uploads\/2015\/08\/Ities-300x174.jpg 300w, https:\/\/www.satyanandayoga.com.br\/website\/wp-content\/uploads\/2015\/08\/Ities-600x348.jpg 600w, https:\/\/www.satyanandayoga.com.br\/website\/wp-content\/uploads\/2015\/08\/Ities-150x87.jpg 150w\" sizes=\"auto, (max-width: 350px) 100vw, 350px\" \/>\t\t\t\t<span class=\"w-blog-post-preview-icon\" style=\"padding-bottom: 66.6667%;\"><\/span>\r\n\t\t\t<\/div>\r\n\t\t<\/a>\r\n\t\t<div class=\"w-blog-post-body\">\r\n\t\t\t<h2 class=\"w-blog-post-title\">\r\n\t\t\t\t<a class=\"entry-title\" rel=\"bookmark\" href=\"https:\/\/www.satyanandayoga.com.br\/website\/conhecendo-o-yoga-2\/\">CRESCENDO COM 0S \u201cITTIES\u201d<\/a>\r\n\t\t\t<\/h2>\r\n\t\t\t<div class=\"w-blog-post-meta\">\r\n\t\t\t\t<time class=\"w-blog-post-meta-date date updated\">23 de agosto de 2015<\/time><span class=\"w-blog-post-meta-author vcard author hidden\"><a href=\"https:\/\/www.satyanandayoga.com.br\/website\/author\/satyanan\/\" class=\"fn\">Satyananda Yoga<\/a><\/span>\t\t\t<\/div>\r\n\t\t\t<div class=\"w-blog-post-content\">\r\n\t\t\t\t<p>Existem dois tipos de yoga. Um \u00e9 o yoga cl\u00e1ssico, no qual praticamos e avan\u00e7amos em asana, pranayama, yama, niyama, pratyahara, dharana e outras pr\u00e1ticas. O outro \u00e9 o yoga de Swami Sivananda, que \u00e9 yoga expressivo e seu tema principal \u00e9 o servi\u00e7o.<\/p>\n\t\t\t<\/div>\r\n\t\t\t<a class=\"w-blog-post-more w-btn\" href=\"https:\/\/www.satyanandayoga.com.br\/website\/conhecendo-o-yoga-2\/\"><span class=\"w-btn-label\">Ler Mais<\/span><\/a>\r\n\t\t<\/div>\r\n\t<\/div>\r\n<\/article>\r\n\r\n\r\n\r\n<article class=\"w-blog-post artigos post-285 post type-post status-publish format-standard has-post-thumbnail hentry category-artigos\" data-id=\"285\" data-categories=\"artigos\">\r\n\t<div class=\"w-blog-post-h\">\r\n\t\t<a href=\"https:\/\/www.satyanandayoga.com.br\/website\/conhecendo-o-yoga\/\">\r\n\t\t\t<div class=\"w-blog-post-preview\">\r\n\t\t\t\t<img loading=\"lazy\" decoding=\"async\" width=\"350\" height=\"332\" src=\"https:\/\/www.satyanandayoga.com.br\/website\/wp-content\/uploads\/2015\/08\/yoga.jpg\" class=\"attachment-tnail-1x1-small size-tnail-1x1-small wp-post-image\" alt=\"\" srcset=\"https:\/\/www.satyanandayoga.com.br\/website\/wp-content\/uploads\/2015\/08\/yoga.jpg 400w, https:\/\/www.satyanandayoga.com.br\/website\/wp-content\/uploads\/2015\/08\/yoga-300x284.jpg 300w, https:\/\/www.satyanandayoga.com.br\/website\/wp-content\/uploads\/2015\/08\/yoga-150x142.jpg 150w\" sizes=\"auto, (max-width: 350px) 100vw, 350px\" \/>\t\t\t\t<span class=\"w-blog-post-preview-icon\" style=\"padding-bottom: 66.6667%;\"><\/span>\r\n\t\t\t<\/div>\r\n\t\t<\/a>\r\n\t\t<div class=\"w-blog-post-body\">\r\n\t\t\t<h2 class=\"w-blog-post-title\">\r\n\t\t\t\t<a class=\"entry-title\" rel=\"bookmark\" href=\"https:\/\/www.satyanandayoga.com.br\/website\/conhecendo-o-yoga\/\">Conhecendo o Yoga<\/a>\r\n\t\t\t<\/h2>\r\n\t\t\t<div class=\"w-blog-post-meta\">\r\n\t\t\t\t<time class=\"w-blog-post-meta-date date updated\">23 de agosto de 2015<\/time><span class=\"w-blog-post-meta-author vcard author hidden\"><a href=\"https:\/\/www.satyanandayoga.com.br\/website\/author\/satyanan\/\" class=\"fn\">Satyananda Yoga<\/a><\/span>\t\t\t<\/div>\r\n\t\t\t<div class=\"w-blog-post-content\">\r\n\t\t\t\t<p>A palavra Yoga \u00e9 um termo do g\u00eanero masculino, derivado da raiz s\u00e2nscrita Yug, que significa unir e pode ter ainda v\u00e1rias conota\u00e7\u00f5es, tais como: uni\u00e3o, conjun\u00e7\u00e3o de estrelas, equipamento, recursos, m\u00e1gica, soma, etc.<\/p>\n\t\t\t<\/div>\r\n\t\t\t<a class=\"w-blog-post-more w-btn\" href=\"https:\/\/www.satyanandayoga.com.br\/website\/conhecendo-o-yoga\/\"><span class=\"w-btn-label\">Ler Mais<\/span><\/a>\r\n\t\t<\/div>\r\n\t<\/div>\r\n<\/article>\r\n\r\n\r\n\r\n<article class=\"w-blog-post artigos post-283 post type-post status-publish format-standard has-post-thumbnail hentry category-artigos\" data-id=\"283\" data-categories=\"artigos\">\r\n\t<div class=\"w-blog-post-h\">\r\n\t\t<a href=\"https:\/\/www.satyanandayoga.com.br\/website\/conclusao-convencao-mundial-de-yoga-2013\/\">\r\n\t\t\t<div class=\"w-blog-post-preview\">\r\n\t\t\t\t<img loading=\"lazy\" decoding=\"async\" width=\"350\" height=\"233\" src=\"https:\/\/www.satyanandayoga.com.br\/website\/wp-content\/uploads\/2015\/08\/convencao.jpg\" class=\"attachment-tnail-1x1-small size-tnail-1x1-small wp-post-image\" alt=\"\" srcset=\"https:\/\/www.satyanandayoga.com.br\/website\/wp-content\/uploads\/2015\/08\/convencao.jpg 800w, https:\/\/www.satyanandayoga.com.br\/website\/wp-content\/uploads\/2015\/08\/convencao-400x267.jpg 400w, https:\/\/www.satyanandayoga.com.br\/website\/wp-content\/uploads\/2015\/08\/convencao-300x200.jpg 300w, https:\/\/www.satyanandayoga.com.br\/website\/wp-content\/uploads\/2015\/08\/convencao-600x400.jpg 600w, https:\/\/www.satyanandayoga.com.br\/website\/wp-content\/uploads\/2015\/08\/convencao-150x100.jpg 150w\" sizes=\"auto, (max-width: 350px) 100vw, 350px\" \/>\t\t\t\t<span class=\"w-blog-post-preview-icon\" style=\"padding-bottom: 66.6667%;\"><\/span>\r\n\t\t\t<\/div>\r\n\t\t<\/a>\r\n\t\t<div class=\"w-blog-post-body\">\r\n\t\t\t<h2 class=\"w-blog-post-title\">\r\n\t\t\t\t<a class=\"entry-title\" rel=\"bookmark\" href=\"https:\/\/www.satyanandayoga.com.br\/website\/conclusao-convencao-mundial-de-yoga-2013\/\">Conclus\u00e3o Conven\u00e7\u00e3o Mundial de Yoga 2013<\/a>\r\n\t\t\t<\/h2>\r\n\t\t\t<div class=\"w-blog-post-meta\">\r\n\t\t\t\t<time class=\"w-blog-post-meta-date date updated\">23 de agosto de 2015<\/time><span class=\"w-blog-post-meta-author vcard author hidden\"><a href=\"https:\/\/www.satyanandayoga.com.br\/website\/author\/satyanan\/\" class=\"fn\">Satyananda Yoga<\/a><\/span>\t\t\t<\/div>\r\n\t\t\t<div class=\"w-blog-post-content\">\r\n\t\t\t\t<p>Las celebraciones comenzaron en junio de 2009 cuando Paramahamsaji un d\u00eda me dijo que pronto, en el 2013, iban a llegar las celebraciones del Jubileo de Bihar School of Yoga.<\/p>\n\t\t\t<\/div>\r\n\t\t\t<a class=\"w-blog-post-more w-btn\" href=\"https:\/\/www.satyanandayoga.com.br\/website\/conclusao-convencao-mundial-de-yoga-2013\/\"><span class=\"w-btn-label\">Ler Mais<\/span><\/a>\r\n\t\t<\/div>\r\n\t<\/div>\r\n<\/article>\r\n\r\n\r\n\r\n<article class=\"w-blog-post artigos post-194 post type-post status-publish format-standard has-post-thumbnail hentry category-artigos\" data-id=\"194\" data-categories=\"artigos\">\r\n\t<div class=\"w-blog-post-h\">\r\n\t\t<a href=\"https:\/\/www.satyanandayoga.com.br\/website\/aliquam-pellentesque-5\/\">\r\n\t\t\t<div class=\"w-blog-post-preview\">\r\n\t\t\t\t<img loading=\"lazy\" decoding=\"async\" width=\"350\" height=\"233\" src=\"https:\/\/www.satyanandayoga.com.br\/website\/wp-content\/uploads\/2015\/08\/Equanimidade.jpg\" class=\"attachment-tnail-1x1-small size-tnail-1x1-small wp-post-image\" alt=\"\" srcset=\"https:\/\/www.satyanandayoga.com.br\/website\/wp-content\/uploads\/2015\/08\/Equanimidade.jpg 522w, https:\/\/www.satyanandayoga.com.br\/website\/wp-content\/uploads\/2015\/08\/Equanimidade-400x267.jpg 400w, https:\/\/www.satyanandayoga.com.br\/website\/wp-content\/uploads\/2015\/08\/Equanimidade-300x200.jpg 300w, https:\/\/www.satyanandayoga.com.br\/website\/wp-content\/uploads\/2015\/08\/Equanimidade-150x100.jpg 150w\" sizes=\"auto, (max-width: 350px) 100vw, 350px\" \/>\t\t\t\t<span class=\"w-blog-post-preview-icon\" style=\"padding-bottom: 66.6667%;\"><\/span>\r\n\t\t\t<\/div>\r\n\t\t<\/a>\r\n\t\t<div class=\"w-blog-post-body\">\r\n\t\t\t<h2 class=\"w-blog-post-title\">\r\n\t\t\t\t<a class=\"entry-title\" rel=\"bookmark\" href=\"https:\/\/www.satyanandayoga.com.br\/website\/aliquam-pellentesque-5\/\">Como alcan\u00e7ar a Equanimidade<\/a>\r\n\t\t\t<\/h2>\r\n\t\t\t<div class=\"w-blog-post-meta\">\r\n\t\t\t\t<time class=\"w-blog-post-meta-date date updated\">23 de agosto de 2015<\/time><span class=\"w-blog-post-meta-author vcard author hidden\"><a href=\"https:\/\/www.satyanandayoga.com.br\/website\/author\/satyanan\/\" class=\"fn\">Satyananda Yoga<\/a><\/span>\t\t\t<\/div>\r\n\t\t\t<div class=\"w-blog-post-content\">\r\n\t\t\t\t<p>Para alcan\u00e7ar equanimidade da mente, s\u00e1bios e pensadores atrav\u00e9s dos tempos nos ensinaram a viver neste mundo como a l\u00edngua vive entre os 32 dentes.<\/p>\n\t\t\t<\/div>\r\n\t\t\t<a class=\"w-blog-post-more w-btn\" href=\"https:\/\/www.satyanandayoga.com.br\/website\/aliquam-pellentesque-5\/\"><span class=\"w-btn-label\">Ler Mais<\/span><\/a>\r\n\t\t<\/div>\r\n\t<\/div>\r\n<\/article>\r\n\r\n<\/div><\/div><\/div><\/div><\/div><\/div><\/section>\n","protected":false},"excerpt":{"rendered":"","protected":false},"author":1809,"featured_media":0,"parent":0,"menu_order":0,"comment_status":"closed","ping_status":"closed","template":"","meta":{"footnotes":""},"class_list":["post-125","page","type-page","status-publish","hentry"],"_links":{"self":[{"href":"https:\/\/www.satyanandayoga.com.br\/website\/wp-json\/wp\/v2\/pages\/125","targetHints":{"allow":["GET"]}}],"collection":[{"href":"https:\/\/www.satyanandayoga.com.br\/website\/wp-json\/wp\/v2\/pages"}],"about":[{"href":"https:\/\/www.satyanandayoga.com.br\/website\/wp-json\/wp\/v2\/types\/page"}],"author":[{"embeddable":true,"href":"https:\/\/www.satyanandayoga.com.br\/website\/wp-json\/wp\/v2\/users\/1809"}],"replies":[{"embeddable":true,"href":"https:\/\/www.satyanandayoga.com.br\/website\/wp-json\/wp\/v2\/comments?post=125"}],"version-history":[{"count":12,"href":"https:\/\/www.satyanandayoga.com.br\/website\/wp-json\/wp\/v2\/pages\/125\/revisions"}],"predecessor-version":[{"id":4391,"href":"https:\/\/www.satyanandayoga.com.br\/website\/wp-json\/wp\/v2\/pages\/125\/revisions\/4391"}],"wp:attachment":[{"href":"https:\/\/www.satyanandayoga.com.br\/website\/wp-json\/wp\/v2\/media?parent=125"}],"curies":[{"name":"wp","href":"https:\/\/api.w.org\/{rel}","templated":true}]}}