{"id":127,"date":"2015-08-20T01:24:46","date_gmt":"2015-08-20T01:24:46","guid":{"rendered":"http:\/\/umpra20.com.br\/satyananda\/?page_id=127"},"modified":"2025-06-13T23:37:23","modified_gmt":"2025-06-14T02:37:23","slug":"projetos-e-acoes-sociais-realizados","status":"publish","type":"page","link":"https:\/\/www.satyanandayoga.com.br\/website\/projetos-e-acoes-sociais-realizados\/","title":{"rendered":"PROJETOS J\u00c1 REALIZADOS"},"content":{"rendered":"<section class=\"l-section wpb_row height_medium color_custom with_img parallax_ver with_overlay\" style=\" color: #ffffff;padding-top: 140px !important;padding-bottom: 60px !important;\"><div class=\"l-section-img\" style=\"background-image: url(https:\/\/www.satyanandayoga.com.br\/website\/wp-content\/uploads\/2016\/03\/Projeto-Sa\u00fade-mental_n.jpg);\" data-img-width=\"960\" data-img-height=\"640\"><\/div><div class=\"l-section-overlay\" style=\"background-color: rgba(0,0,0,0.5)\"><\/div><div class=\"l-section-h i-cf\"><div class=\"g-cols offset_small\"><div class=\"vc_col-sm-12 wpb_column vc_column_container\"><div class=\"vc_column-inner\"><div class=\"wpb_text_column \"><div class=\"wpb_wrapper\">\n<h2 style=\"text-align: center; color: #ffffff; font-size: 40px;\">PROJETOS E A\u00c7\u00d5ES SOCIAIS<\/h2>\n<hr style=\"width: 80px; border: 1px solid #ffffff; margin: 10px auto;\">\n<p style=\"text-align: center; color: #ffffff; font-size: 18px;\">J\u00c1 REALIZADOS<\/p>\n<\/div> <\/div> <\/div><\/div><\/div><\/div><\/section><section class=\"l-section wpb_row height_medium\"><div class=\"l-section-h i-cf\"><div class=\"g-cols offset_small\"><div class=\"vc_col-sm-12 wpb_column vc_column_container\"><div class=\"vc_column-inner\"><div class=\"g-cols wpb_row offset_small vc_inner\"><div class=\"vc_col-sm-12 wpb_column vc_column_container\"><div class=\"vc_column-inner\"><div class=\"wpb_text_column \"><div class=\"wpb_wrapper\">\n<p style=\"text-align: center;\"><em>\u201cAs atitudes devem mudar, as barreiras devem cair, para que surja um novo Yoga.<\/em><br \/>\n<em> Este ser\u00e1 o Yoga da unidade, de dar, de compartilhar e elevar-se como ser humano.\u201d<\/em><br \/>\nSwami Satyananda Saraswati<\/p>\n<\/div> <\/div> <div class=\"w-separator type_default size_medium thick_1 style_solid color_border cont_none\"><span class=\"w-separator-h\"><\/span><\/div><\/div><\/div><\/div><div class=\"g-cols wpb_row offset_small vc_inner\"><div class=\"vc_col-sm-6 wpb_column vc_column_container\"><div class=\"vc_column-inner\"><div class=\"wpb_text_column \"><div class=\"wpb_wrapper\">\n<h5>A\u00c7\u00c3O SOCIAL NA PANDEMIA<\/h5>\n<p>Durante todo o per\u00edodo da pandemia fizemos v\u00e1rias campanhas de arrecada\u00e7\u00e3o de doa\u00e7\u00f5es para revert\u00ea-las em cestas b\u00e1sicas, auxiliando assim, as comunidades que vivem em situa\u00e7\u00e3o de risco, tais como as comunidades quilombolas, as popula\u00e7\u00f5es ribeirinhas e aldeias ind\u00edgenas.<br \/>\nBuscamos exercer a capacidade de identifica\u00e7\u00e3o com o outro (Atmabhava) e incentivar um Yoga que vai muito al\u00e9m da sala de aula<\/div> <\/div> <\/div><\/div><div class=\"vc_col-sm-6 wpb_column vc_column_container\"><div class=\"vc_column-inner\"><div class=\"w-image  align_center\"><img loading=\"lazy\" decoding=\"async\" width=\"442\" height=\"342\" src=\"https:\/\/www.satyanandayoga.com.br\/website\/wp-content\/uploads\/2022\/03\/acao-social.jpg\" class=\"attachment-large size-large\" alt=\"\" srcset=\"https:\/\/www.satyanandayoga.com.br\/website\/wp-content\/uploads\/2022\/03\/acao-social.jpg 442w, https:\/\/www.satyanandayoga.com.br\/website\/wp-content\/uploads\/2022\/03\/acao-social-300x232.jpg 300w, https:\/\/www.satyanandayoga.com.br\/website\/wp-content\/uploads\/2022\/03\/acao-social-400x310.jpg 400w\" sizes=\"auto, (max-width: 442px) 100vw, 442px\" \/><\/div><\/div><\/div><\/div><div class=\"w-separator type_default size_medium thick_1 style_solid color_border cont_none\"><span class=\"w-separator-h\"><\/span><\/div><div class=\"g-cols wpb_row offset_small vc_inner\"><div class=\"vc_col-sm-6 wpb_column vc_column_container\"><div class=\"vc_column-inner\"><div class=\"wpb_text_column \"><div class=\"wpb_wrapper\">\n<h5 style=\"margin-bottom: 10px;\">PROJETO YOGA &amp; SA\u00daDE MENTAL<\/h5>\n<p><strong>Objetivos Espec\u00edficos do Programa<\/strong><br \/>\nUma parceria entre Satyananda Yoga Center\/Casa do Guru e N\u00facleo de Assist\u00eancia Psico-Social da Prefeitura de Moeda.<br \/>\nEste programa tem como objetivo oferecer aos participantes t\u00e9cnicas simples e eficazes do Sistema Satyananda\/Bihar Yoga como instrumentos de apoio no processo pela busca da harmoniza\u00e7\u00e3o das rela\u00e7\u00f5es sociais e manuten\u00e7\u00e3o da sa\u00fade mental e emocional.<\/p>\n<p><strong>Responsabilidade:<\/strong> Satyananda Yoga Center\/ Sannyasi Gangadhara Saraswati e Swami Aghorananda Saraswati.<\/div> <\/div> <\/div><\/div><div class=\"vc_col-sm-6 wpb_column vc_column_container\"><div class=\"vc_column-inner\"><div class=\"wpb_text_column \"><div class=\"wpb_wrapper\"><div class=\"w-gallery layout_default cols_3 with_indents style_simple link_media\"><div class=\"w-gallery-list\"><a class=\"w-gallery-item order_1\" href=\"https:\/\/www.satyanandayoga.com.br\/website\/wp-content\/uploads\/2015\/08\/saudemental6.jpg\" title=\"saudemental6\"><div class=\"w-gallery-item-img\"><img loading=\"lazy\" decoding=\"async\" width=\"600\" height=\"400\" src=\"https:\/\/www.satyanandayoga.com.br\/website\/wp-content\/uploads\/2015\/08\/saudemental6.jpg\" class=\"attachment-tnail-1x1 size-tnail-1x1\" alt=\"\" srcset=\"https:\/\/www.satyanandayoga.com.br\/website\/wp-content\/uploads\/2015\/08\/saudemental6.jpg 700w, https:\/\/www.satyanandayoga.com.br\/website\/wp-content\/uploads\/2015\/08\/saudemental6-400x267.jpg 400w, https:\/\/www.satyanandayoga.com.br\/website\/wp-content\/uploads\/2015\/08\/saudemental6-300x200.jpg 300w, https:\/\/www.satyanandayoga.com.br\/website\/wp-content\/uploads\/2015\/08\/saudemental6-600x400.jpg 600w, https:\/\/www.satyanandayoga.com.br\/website\/wp-content\/uploads\/2015\/08\/saudemental6-150x100.jpg 150w\" sizes=\"auto, (max-width: 600px) 100vw, 600px\" \/><\/div><\/a><a class=\"w-gallery-item order_2\" href=\"https:\/\/www.satyanandayoga.com.br\/website\/wp-content\/uploads\/2015\/08\/saudemental5.jpg\" title=\"saudemental5\"><div class=\"w-gallery-item-img\"><img loading=\"lazy\" decoding=\"async\" width=\"600\" height=\"400\" src=\"https:\/\/www.satyanandayoga.com.br\/website\/wp-content\/uploads\/2015\/08\/saudemental5.jpg\" class=\"attachment-tnail-1x1 size-tnail-1x1\" alt=\"\" srcset=\"https:\/\/www.satyanandayoga.com.br\/website\/wp-content\/uploads\/2015\/08\/saudemental5.jpg 700w, https:\/\/www.satyanandayoga.com.br\/website\/wp-content\/uploads\/2015\/08\/saudemental5-400x267.jpg 400w, https:\/\/www.satyanandayoga.com.br\/website\/wp-content\/uploads\/2015\/08\/saudemental5-300x200.jpg 300w, https:\/\/www.satyanandayoga.com.br\/website\/wp-content\/uploads\/2015\/08\/saudemental5-600x400.jpg 600w, https:\/\/www.satyanandayoga.com.br\/website\/wp-content\/uploads\/2015\/08\/saudemental5-150x100.jpg 150w\" sizes=\"auto, (max-width: 600px) 100vw, 600px\" \/><\/div><\/a><a class=\"w-gallery-item order_3\" href=\"https:\/\/www.satyanandayoga.com.br\/website\/wp-content\/uploads\/2015\/08\/saudemental4.jpg\" title=\"saudemental4\"><div class=\"w-gallery-item-img\"><img loading=\"lazy\" decoding=\"async\" width=\"600\" height=\"400\" src=\"https:\/\/www.satyanandayoga.com.br\/website\/wp-content\/uploads\/2015\/08\/saudemental4.jpg\" class=\"attachment-tnail-1x1 size-tnail-1x1\" alt=\"\" srcset=\"https:\/\/www.satyanandayoga.com.br\/website\/wp-content\/uploads\/2015\/08\/saudemental4.jpg 700w, https:\/\/www.satyanandayoga.com.br\/website\/wp-content\/uploads\/2015\/08\/saudemental4-400x267.jpg 400w, https:\/\/www.satyanandayoga.com.br\/website\/wp-content\/uploads\/2015\/08\/saudemental4-300x200.jpg 300w, https:\/\/www.satyanandayoga.com.br\/website\/wp-content\/uploads\/2015\/08\/saudemental4-600x400.jpg 600w, https:\/\/www.satyanandayoga.com.br\/website\/wp-content\/uploads\/2015\/08\/saudemental4-150x100.jpg 150w\" sizes=\"auto, (max-width: 600px) 100vw, 600px\" \/><\/div><\/a><a class=\"w-gallery-item order_4\" href=\"https:\/\/www.satyanandayoga.com.br\/website\/wp-content\/uploads\/2015\/08\/saudemental3.jpg\" title=\"saudemental3\"><div class=\"w-gallery-item-img\"><img loading=\"lazy\" decoding=\"async\" width=\"600\" height=\"400\" src=\"https:\/\/www.satyanandayoga.com.br\/website\/wp-content\/uploads\/2015\/08\/saudemental3.jpg\" class=\"attachment-tnail-1x1 size-tnail-1x1\" alt=\"\" srcset=\"https:\/\/www.satyanandayoga.com.br\/website\/wp-content\/uploads\/2015\/08\/saudemental3.jpg 700w, https:\/\/www.satyanandayoga.com.br\/website\/wp-content\/uploads\/2015\/08\/saudemental3-400x267.jpg 400w, https:\/\/www.satyanandayoga.com.br\/website\/wp-content\/uploads\/2015\/08\/saudemental3-300x200.jpg 300w, https:\/\/www.satyanandayoga.com.br\/website\/wp-content\/uploads\/2015\/08\/saudemental3-600x400.jpg 600w, https:\/\/www.satyanandayoga.com.br\/website\/wp-content\/uploads\/2015\/08\/saudemental3-150x100.jpg 150w\" sizes=\"auto, (max-width: 600px) 100vw, 600px\" \/><\/div><\/a><a class=\"w-gallery-item order_5\" href=\"https:\/\/www.satyanandayoga.com.br\/website\/wp-content\/uploads\/2015\/08\/saudemental2.jpg\" title=\"saudemental2\"><div class=\"w-gallery-item-img\"><img loading=\"lazy\" decoding=\"async\" width=\"600\" height=\"400\" src=\"https:\/\/www.satyanandayoga.com.br\/website\/wp-content\/uploads\/2015\/08\/saudemental2.jpg\" class=\"attachment-tnail-1x1 size-tnail-1x1\" alt=\"\" srcset=\"https:\/\/www.satyanandayoga.com.br\/website\/wp-content\/uploads\/2015\/08\/saudemental2.jpg 700w, https:\/\/www.satyanandayoga.com.br\/website\/wp-content\/uploads\/2015\/08\/saudemental2-400x267.jpg 400w, https:\/\/www.satyanandayoga.com.br\/website\/wp-content\/uploads\/2015\/08\/saudemental2-300x200.jpg 300w, https:\/\/www.satyanandayoga.com.br\/website\/wp-content\/uploads\/2015\/08\/saudemental2-600x400.jpg 600w, https:\/\/www.satyanandayoga.com.br\/website\/wp-content\/uploads\/2015\/08\/saudemental2-150x100.jpg 150w\" sizes=\"auto, (max-width: 600px) 100vw, 600px\" \/><\/div><\/a><a class=\"w-gallery-item order_6\" href=\"https:\/\/www.satyanandayoga.com.br\/website\/wp-content\/uploads\/2015\/08\/saudemental1.jpg\" title=\"saudemental1\"><div class=\"w-gallery-item-img\"><img loading=\"lazy\" decoding=\"async\" width=\"600\" height=\"400\" src=\"https:\/\/www.satyanandayoga.com.br\/website\/wp-content\/uploads\/2015\/08\/saudemental1.jpg\" class=\"attachment-tnail-1x1 size-tnail-1x1\" alt=\"\" srcset=\"https:\/\/www.satyanandayoga.com.br\/website\/wp-content\/uploads\/2015\/08\/saudemental1.jpg 700w, https:\/\/www.satyanandayoga.com.br\/website\/wp-content\/uploads\/2015\/08\/saudemental1-400x267.jpg 400w, https:\/\/www.satyanandayoga.com.br\/website\/wp-content\/uploads\/2015\/08\/saudemental1-300x200.jpg 300w, https:\/\/www.satyanandayoga.com.br\/website\/wp-content\/uploads\/2015\/08\/saudemental1-600x400.jpg 600w, https:\/\/www.satyanandayoga.com.br\/website\/wp-content\/uploads\/2015\/08\/saudemental1-150x100.jpg 150w\" sizes=\"auto, (max-width: 600px) 100vw, 600px\" \/><\/div><\/a><\/div><\/div>\n<\/div> <\/div> <\/div><\/div><\/div><div class=\"w-separator type_default size_medium thick_1 style_solid color_border cont_none\"><span class=\"w-separator-h\"><\/span><\/div><div class=\"g-cols wpb_row offset_small vc_inner\"><div class=\"vc_col-sm-6 wpb_column vc_column_container\"><div class=\"vc_column-inner\"><div class=\"wpb_text_column \"><div class=\"wpb_wrapper\">\n<h5 style=\"margin-bottom: 10px;\">PROJETO SER CRIAN\u00c7A &#8211; VESPASIANO \/MG<\/h5>\n<p><strong>Objetivos Espec\u00edficos do Programa<\/strong><br \/>\nA proposta do projeto \u201cSer Crian\u00e7a\u201d \u00e9 despertar e harmonizar a personalidade da crian\u00e7a nos planos f\u00edsico, mental, emocional e espiritual, com base nas t\u00e9cnicas do sistema Satyananda Yoga.<\/p>\n<p><strong>Responsabilidade:<\/strong> <strong>Professores:<\/strong> Grazielle Gomes (Gayatri), Jos\u00e9 C\u00e1cio Gomes (Dhyan Vijay), D\u00e9bora Guimar\u00e3es (Vidya), Evando Reis (Mitran), Val\u00e9ria Machado (Sadhana).<\/div> <\/div> <\/div><\/div><div class=\"vc_col-sm-6 wpb_column vc_column_container\"><div class=\"vc_column-inner\"><div class=\"wpb_text_column \"><div class=\"wpb_wrapper\"><div class=\"w-gallery layout_default cols_3 with_indents style_simple link_media\"><div class=\"w-gallery-list\"><a class=\"w-gallery-item order_1\" href=\"https:\/\/www.satyanandayoga.com.br\/website\/wp-content\/uploads\/2015\/08\/DSC02491.jpg\" title=\"DSC02491\"><div class=\"w-gallery-item-img\"><img loading=\"lazy\" decoding=\"async\" width=\"600\" height=\"400\" src=\"https:\/\/www.satyanandayoga.com.br\/website\/wp-content\/uploads\/2015\/08\/DSC02491.jpg\" class=\"attachment-tnail-1x1 size-tnail-1x1\" alt=\"\" srcset=\"https:\/\/www.satyanandayoga.com.br\/website\/wp-content\/uploads\/2015\/08\/DSC02491.jpg 700w, https:\/\/www.satyanandayoga.com.br\/website\/wp-content\/uploads\/2015\/08\/DSC02491-400x267.jpg 400w, https:\/\/www.satyanandayoga.com.br\/website\/wp-content\/uploads\/2015\/08\/DSC02491-300x200.jpg 300w, https:\/\/www.satyanandayoga.com.br\/website\/wp-content\/uploads\/2015\/08\/DSC02491-600x400.jpg 600w, https:\/\/www.satyanandayoga.com.br\/website\/wp-content\/uploads\/2015\/08\/DSC02491-150x100.jpg 150w\" sizes=\"auto, (max-width: 600px) 100vw, 600px\" \/><\/div><\/a><a class=\"w-gallery-item order_2\" href=\"https:\/\/www.satyanandayoga.com.br\/website\/wp-content\/uploads\/2015\/08\/DSC01831.jpg\" title=\"DSC01831\"><div class=\"w-gallery-item-img\"><img loading=\"lazy\" decoding=\"async\" width=\"600\" height=\"400\" src=\"https:\/\/www.satyanandayoga.com.br\/website\/wp-content\/uploads\/2015\/08\/DSC01831.jpg\" class=\"attachment-tnail-1x1 size-tnail-1x1\" alt=\"\" srcset=\"https:\/\/www.satyanandayoga.com.br\/website\/wp-content\/uploads\/2015\/08\/DSC01831.jpg 700w, https:\/\/www.satyanandayoga.com.br\/website\/wp-content\/uploads\/2015\/08\/DSC01831-400x267.jpg 400w, https:\/\/www.satyanandayoga.com.br\/website\/wp-content\/uploads\/2015\/08\/DSC01831-300x200.jpg 300w, https:\/\/www.satyanandayoga.com.br\/website\/wp-content\/uploads\/2015\/08\/DSC01831-600x400.jpg 600w, https:\/\/www.satyanandayoga.com.br\/website\/wp-content\/uploads\/2015\/08\/DSC01831-150x100.jpg 150w\" sizes=\"auto, (max-width: 600px) 100vw, 600px\" \/><\/div><\/a><a class=\"w-gallery-item order_3\" href=\"https:\/\/www.satyanandayoga.com.br\/website\/wp-content\/uploads\/2015\/08\/DSC017722.jpg\" title=\"DSC017722\"><div class=\"w-gallery-item-img\"><img loading=\"lazy\" decoding=\"async\" width=\"600\" height=\"400\" src=\"https:\/\/www.satyanandayoga.com.br\/website\/wp-content\/uploads\/2015\/08\/DSC017722.jpg\" class=\"attachment-tnail-1x1 size-tnail-1x1\" alt=\"\" srcset=\"https:\/\/www.satyanandayoga.com.br\/website\/wp-content\/uploads\/2015\/08\/DSC017722.jpg 700w, https:\/\/www.satyanandayoga.com.br\/website\/wp-content\/uploads\/2015\/08\/DSC017722-400x267.jpg 400w, https:\/\/www.satyanandayoga.com.br\/website\/wp-content\/uploads\/2015\/08\/DSC017722-300x200.jpg 300w, https:\/\/www.satyanandayoga.com.br\/website\/wp-content\/uploads\/2015\/08\/DSC017722-600x400.jpg 600w, https:\/\/www.satyanandayoga.com.br\/website\/wp-content\/uploads\/2015\/08\/DSC017722-150x100.jpg 150w\" sizes=\"auto, (max-width: 600px) 100vw, 600px\" \/><\/div><\/a><a class=\"w-gallery-item order_4\" href=\"https:\/\/www.satyanandayoga.com.br\/website\/wp-content\/uploads\/2015\/08\/DSC08778.jpg\" title=\"DSC08778\"><div class=\"w-gallery-item-img\"><img loading=\"lazy\" decoding=\"async\" width=\"600\" height=\"400\" src=\"https:\/\/www.satyanandayoga.com.br\/website\/wp-content\/uploads\/2015\/08\/DSC08778.jpg\" class=\"attachment-tnail-1x1 size-tnail-1x1\" alt=\"\" srcset=\"https:\/\/www.satyanandayoga.com.br\/website\/wp-content\/uploads\/2015\/08\/DSC08778.jpg 700w, https:\/\/www.satyanandayoga.com.br\/website\/wp-content\/uploads\/2015\/08\/DSC08778-400x267.jpg 400w, https:\/\/www.satyanandayoga.com.br\/website\/wp-content\/uploads\/2015\/08\/DSC08778-300x200.jpg 300w, https:\/\/www.satyanandayoga.com.br\/website\/wp-content\/uploads\/2015\/08\/DSC08778-600x400.jpg 600w, https:\/\/www.satyanandayoga.com.br\/website\/wp-content\/uploads\/2015\/08\/DSC08778-150x100.jpg 150w\" sizes=\"auto, (max-width: 600px) 100vw, 600px\" \/><\/div><\/a><a class=\"w-gallery-item order_5\" href=\"https:\/\/www.satyanandayoga.com.br\/website\/wp-content\/uploads\/2015\/08\/DSC03078.jpg\" title=\"DSC03078\"><div class=\"w-gallery-item-img\"><img loading=\"lazy\" decoding=\"async\" width=\"600\" height=\"400\" src=\"https:\/\/www.satyanandayoga.com.br\/website\/wp-content\/uploads\/2015\/08\/DSC03078.jpg\" class=\"attachment-tnail-1x1 size-tnail-1x1\" alt=\"\" srcset=\"https:\/\/www.satyanandayoga.com.br\/website\/wp-content\/uploads\/2015\/08\/DSC03078.jpg 700w, https:\/\/www.satyanandayoga.com.br\/website\/wp-content\/uploads\/2015\/08\/DSC03078-400x267.jpg 400w, https:\/\/www.satyanandayoga.com.br\/website\/wp-content\/uploads\/2015\/08\/DSC03078-300x200.jpg 300w, https:\/\/www.satyanandayoga.com.br\/website\/wp-content\/uploads\/2015\/08\/DSC03078-600x400.jpg 600w, https:\/\/www.satyanandayoga.com.br\/website\/wp-content\/uploads\/2015\/08\/DSC03078-150x100.jpg 150w\" sizes=\"auto, (max-width: 600px) 100vw, 600px\" \/><\/div><\/a><\/div><\/div>\n<\/div> <\/div> <\/div><\/div><\/div><\/div><\/div><\/div><\/div><\/section>\n","protected":false},"excerpt":{"rendered":"","protected":false},"author":1809,"featured_media":0,"parent":0,"menu_order":0,"comment_status":"closed","ping_status":"closed","template":"","meta":{"footnotes":""},"class_list":["post-127","page","type-page","status-publish","hentry"],"_links":{"self":[{"href":"https:\/\/www.satyanandayoga.com.br\/website\/wp-json\/wp\/v2\/pages\/127","targetHints":{"allow":["GET"]}}],"collection":[{"href":"https:\/\/www.satyanandayoga.com.br\/website\/wp-json\/wp\/v2\/pages"}],"about":[{"href":"https:\/\/www.satyanandayoga.com.br\/website\/wp-json\/wp\/v2\/types\/page"}],"author":[{"embeddable":true,"href":"https:\/\/www.satyanandayoga.com.br\/website\/wp-json\/wp\/v2\/users\/1809"}],"replies":[{"embeddable":true,"href":"https:\/\/www.satyanandayoga.com.br\/website\/wp-json\/wp\/v2\/comments?post=127"}],"version-history":[{"count":15,"href":"https:\/\/www.satyanandayoga.com.br\/website\/wp-json\/wp\/v2\/pages\/127\/revisions"}],"predecessor-version":[{"id":4389,"href":"https:\/\/www.satyanandayoga.com.br\/website\/wp-json\/wp\/v2\/pages\/127\/revisions\/4389"}],"wp:attachment":[{"href":"https:\/\/www.satyanandayoga.com.br\/website\/wp-json\/wp\/v2\/media?parent=127"}],"curies":[{"name":"wp","href":"https:\/\/api.w.org\/{rel}","templated":true}]}}