{"id":1353,"date":"2020-06-11T19:04:52","date_gmt":"2020-06-11T19:04:52","guid":{"rendered":"https:\/\/satyanandayoga.com.br\/website\/?page_id=1353"},"modified":"2024-04-24T19:14:57","modified_gmt":"2024-04-24T22:14:57","slug":"termos-e-condicoes","status":"publish","type":"page","link":"https:\/\/www.satyanandayoga.com.br\/website\/termos-e-condicoes\/","title":{"rendered":"Pol\u00edtica de Privacidade e Termos de Uso"},"content":{"rendered":"<p><strong>Pol\u00edtica de Privacidade e Termos de Uso <\/strong><\/p>\n<p>A Associa\u00e7\u00e3o Satyananda Yoga Center \/ Casa do Guru, operadora do site www.satyanandayoga.com.br, reconhece a import\u00e2ncia da privacidade dos dados pessoais de seus usu\u00e1rios e est\u00e1 comprometida em proteg\u00ea-los. Esta Pol\u00edtica de Privacidade e Termos de Uso descreve como coletamos, utilizamos e protegemos as informa\u00e7\u00f5es fornecidas pelos usu\u00e1rios deste site.<\/p>\n<p>&nbsp;<\/p>\n<ol>\n<li><strong> Coleta de Informa\u00e7\u00f5es<\/strong><\/li>\n<\/ol>\n<p>Ao utilizar o site www.satyanandayoga.com.br, podemos coletar as seguintes informa\u00e7\u00f5es, que podem ser usadas para contat\u00e1-lo ou identific\u00e1-lo:<\/p>\n<ul>\n<li>Informa\u00e7\u00f5es de contato, como nome, endere\u00e7o de e-mail e n\u00famero de telefone, fornecidas atrav\u00e9s de formul\u00e1rios de contato, compras ou inscri\u00e7\u00e3o em nossos servi\u00e7os.<\/li>\n<li>Informa\u00e7\u00f5es de pagamento, quando aplic\u00e1vel, para processar transa\u00e7\u00f5es.<\/li>\n<li>Dados de navega\u00e7\u00e3o e Dados de Uso, incluindo endere\u00e7o de IP, tipo e vers\u00e3o de navegador, p\u00e1ginas acessadas, hor\u00e1rios de acesso e o tempo gasto nessas p\u00e1ginas, identificadores exclusivos de dispositivo e outros dados de diagn\u00f3stico. Utilizamos cookies para coletar essas informa\u00e7\u00f5es e melhorar a experi\u00eancia do usu\u00e1rio.<\/li>\n<\/ul>\n<p>&nbsp;<\/p>\n<ol start=\"2\">\n<li><strong> Uso das Informa\u00e7\u00f5es<\/strong><\/li>\n<\/ol>\n<p>As informa\u00e7\u00f5es coletadas s\u00e3o utilizadas para os seguintes prop\u00f3sitos:<\/p>\n<ul>\n<li>Fornecer e personalizar os servi\u00e7os oferecidos no site.<\/li>\n<li>Processar transa\u00e7\u00f5es, quando aplic\u00e1vel.<\/li>\n<li>Notific\u00e1-lo sobre altera\u00e7\u00f5es em nosso Servi\u00e7o<\/li>\n<li>Enviar comunica\u00e7\u00f5es comerciais, como newsletters, lista de transmiss\u00e3o e atualiza\u00e7\u00f5es sobre nossos produtos e servi\u00e7os.<\/li>\n<li>Analisar o uso do site e realizar melhorias, bem como detectar, prevenir e resolver problemas t\u00e9cnicos e fornecer suporte ao cliente.<\/li>\n<li>Cumprir obriga\u00e7\u00f5es legais.<\/li>\n<\/ul>\n<p>&nbsp;<\/p>\n<ol start=\"3\">\n<li><strong> Compartilhamento de Informa\u00e7\u00f5es<\/strong><\/li>\n<\/ol>\n<p>N\u00e3o vendemos, alugamos ou compartilhamos informa\u00e7\u00f5es pessoais dos usu\u00e1rios com terceiros, exceto nas seguintes circunst\u00e2ncias:<\/p>\n<ul>\n<li>Com consentimento do usu\u00e1rio.<\/li>\n<li>Para cumprir obriga\u00e7\u00f5es legais.<\/li>\n<li>Para fornecer servi\u00e7os solicitados pelo usu\u00e1rio, como processadores de pagamento.<\/li>\n<li>Para proteger os direitos, propriedade ou seguran\u00e7a da Associa\u00e7\u00e3o Satyananda Yoga Center \/ Casa do Guru ou de terceiros.<\/li>\n<\/ul>\n<p>&nbsp;<\/p>\n<ol start=\"4\">\n<li><strong> Prote\u00e7\u00e3o de Dados<\/strong><\/li>\n<\/ol>\n<p>Implementamos medidas de seguran\u00e7a para proteger as informa\u00e7\u00f5es pessoais dos usu\u00e1rios contra acesso n\u00e3o autorizado, altera\u00e7\u00e3o, divulga\u00e7\u00e3o ou destrui\u00e7\u00e3o.<\/p>\n<p>&nbsp;<\/p>\n<ol start=\"5\">\n<li><strong> Cookies e Pixel do Facebook<\/strong><\/li>\n<\/ol>\n<p>Utilizamos cookies e tecnologias de rastreamento semelhantes para rastrear a atividade em nosso Servi\u00e7o, armazenar certas informa\u00e7\u00f5es, melhorar a experi\u00eancia do usu\u00e1rio e personalizar conte\u00fados. Os cookies s\u00e3o arquivos com uma pequena quantidade de dados que podem incluir um identificador exclusivo an\u00f4nimo. Os cookies s\u00e3o enviados para o seu navegador a partir de um site e armazenados no seu dispositivo. Voc\u00ea pode instruir seu navegador a recusar todos os cookies ou a indicar quando um cookie est\u00e1 sendo enviado. No entanto, se voc\u00ea n\u00e3o aceitar cookies, talvez n\u00e3o consiga usar algumas partes do nosso Servi\u00e7o. Al\u00e9m disso, utilizamos o Pixel do Facebook para an\u00e1lise e direcionamento de publicidade.<\/p>\n<p>&nbsp;<\/p>\n<p>Exemplos de Cookies que Utilizamos:<\/p>\n<ul>\n<li>Cookies de Sess\u00e3o. Usamos Cookies de Sess\u00e3o para operar nosso Servi\u00e7o.<\/li>\n<li>Cookies de Prefer\u00eancia. Usamos Cookies de Prefer\u00eancia para lembrar suas prefer\u00eancias e v\u00e1rias configura\u00e7\u00f5es.<\/li>\n<\/ul>\n<p>&nbsp;<\/p>\n<ol start=\"6\">\n<li><strong> Divulga\u00e7\u00e3o de Dados<\/strong><\/li>\n<\/ol>\n<p><u>Requisitos legais<\/u><\/p>\n<p>A ASSOCIA\u00c7\u00c3O SATYANANDA YOGA CENTER \/ CASA DO GURU pode divulgar seus Dados Pessoais, na cren\u00e7a de boa f\u00e9 que tal a\u00e7\u00e3o \u00e9 necess\u00e1ria para:<\/p>\n<ul>\n<li>Cumprir uma obriga\u00e7\u00e3o legal<\/li>\n<li>Proteger e defender os direitos ou propriedades da ASSOCIA\u00c7\u00c3O SATYANANDA YOGA CENTER \/ CASA DO GURU<\/li>\n<li>Prevenir ou investigar poss\u00edveis irregularidades relacionadas ao Servi\u00e7o<\/li>\n<li>Proteger a seguran\u00e7a pessoal dos usu\u00e1rios do Servi\u00e7o ou do p\u00fablico<\/li>\n<li>Proteger-se contra responsabilidade legal<\/li>\n<\/ul>\n<p>&nbsp;<\/p>\n<p><u>Seguran\u00e7a dos Dados<\/u><\/p>\n<p>A seguran\u00e7a dos seus dados \u00e9 importante para n\u00f3s, mas lembre-se de que nenhum m\u00e9todo de transmiss\u00e3o pela Internet ou m\u00e9todo de armazenamento eletr\u00f4nico \u00e9 100% seguro. Embora nos esforcemos para usar meios comercialmente aceit\u00e1veis para proteger seus Dados Pessoais, n\u00e3o podemos garantir sua seguran\u00e7a absoluta.<\/p>\n<p>&nbsp;<\/p>\n<p><u>Provedores de Servi\u00e7os<\/u><\/p>\n<p>Podemos empregar empresas e indiv\u00edduos terceirizados para facilitar nosso Servi\u00e7o (&#8220;Prestadores de Servi\u00e7os&#8221;), fornecer o Servi\u00e7o em nosso nome, realizar servi\u00e7os relacionados ao Servi\u00e7o ou nos ajudar a analisar como nosso Servi\u00e7o \u00e9 usado.<\/p>\n<p>Esses terceiros t\u00eam acesso aos seus Dados Pessoais apenas para realizar essas tarefas em nosso nome e s\u00e3o obrigados a n\u00e3o divulg\u00e1-los ou us\u00e1-los para qualquer outra finalidade.<\/p>\n<p>&nbsp;<\/p>\n<p><u>Links para Outros Sites<\/u><\/p>\n<p>Nosso Servi\u00e7o pode conter links para outros sites que n\u00e3o s\u00e3o operados por n\u00f3s. Se voc\u00ea clicar em um link de terceiros, ser\u00e1 direcionado para o site desse terceiro. Aconselhamos veementemente que voc\u00ea reveja a Pol\u00edtica de Privacidade de todos os sites que visitar.<\/p>\n<p>N\u00e3o temos controle e n\u00e3o assumimos responsabilidade pelo conte\u00fado, pol\u00edticas de privacidade ou pr\u00e1ticas de quaisquer sites ou servi\u00e7os de terceiros.<\/p>\n<p>&nbsp;<\/p>\n<ol start=\"7\">\n<li><strong> Consentimento<\/strong><\/li>\n<\/ol>\n<p>Ao utilizar o site www.satyanandayoga.com.br, o usu\u00e1rio concorda com os termos desta Pol\u00edtica de Privacidade e Termos de Uso.<\/p>\n<p>&nbsp;<\/p>\n<p><strong>\u00a0<\/strong><\/p>\n<ol start=\"8\">\n<li><strong> Termos de Uso<\/strong><\/li>\n<\/ol>\n<p>Ao acessar e usar o Site, voc\u00ea concorda em obedecer aos seguintes termos e condi\u00e7\u00f5es de uso:<\/p>\n<ol>\n<li>Voc\u00ea concorda em usar o Site apenas para fins legais e de acordo com estes Termos de Uso e com todas as leis, regulamentos e regras aplic\u00e1veis.<\/li>\n<li>Voc\u00ea concorda em n\u00e3o usar o Site de qualquer forma que possa danificar, desabilitar, sobrecarregar ou prejudicar o Site, ou interferir no uso e na experi\u00eancia de outros usu\u00e1rios.<\/li>\n<li>Voc\u00ea concorda em n\u00e3o tentar obter acesso n\u00e3o autorizado a qualquer parte ou recurso do Site, ou a quaisquer outros sistemas ou redes conectados ao Site.<\/li>\n<li>Voc\u00ea concorda em n\u00e3o usar qualquer processo automatizado ou meios para acessar, coletar dados ou de outra forma interagir com o Site, a menos que tenha recebido permiss\u00e3o expressa por escrito da ASSOCIA\u00c7\u00c3O SATYANANDA YOGA CENTER \/ CASA DO GURU.<\/li>\n<li>Reservamo-nos o direito de modificar, suspender ou descontinuar o Site (ou qualquer parte ou conte\u00fado do mesmo) a qualquer momento, com ou sem aviso pr\u00e9vio.<\/li>\n<\/ol>\n<p>&nbsp;<\/p>\n<ol start=\"9\">\n<li><strong> Contato<\/strong><\/li>\n<\/ol>\n<p>Para retirar d\u00favidas ou exercer direitos relacionados \u00e0 privacidade de dados, entre em contato conosco:<\/p>\n<p>Associa\u00e7\u00e3o Satyananda Yoga Center \/ Casa do Guru<br \/>\nE-mail: bihar@satyanandayoga.com.br<\/p>\n<p>Essa Pol\u00edtica de Privacidade e Termos de Uso est\u00e1 sujeita a altera\u00e7\u00f5es. Recomendamos revis\u00e1-la periodicamente para estar atualizado sobre nossas pr\u00e1ticas de privacidade.<br \/>\n\u00daltima atualiza\u00e7\u00e3o: <strong>17\/04\/2024.<\/strong><\/p>\n","protected":false},"excerpt":{"rendered":"<p>Pol\u00edtica de Privacidade e Termos de Uso A Associa\u00e7\u00e3o Satyananda Yoga Center \/ Casa do Guru, operadora do site www.satyanandayoga.com.br,&#8230;<\/p>\n","protected":false},"author":1809,"featured_media":0,"parent":0,"menu_order":0,"comment_status":"closed","ping_status":"closed","template":"","meta":{"footnotes":""},"class_list":["post-1353","page","type-page","status-publish","hentry"],"_links":{"self":[{"href":"https:\/\/www.satyanandayoga.com.br\/website\/wp-json\/wp\/v2\/pages\/1353","targetHints":{"allow":["GET"]}}],"collection":[{"href":"https:\/\/www.satyanandayoga.com.br\/website\/wp-json\/wp\/v2\/pages"}],"about":[{"href":"https:\/\/www.satyanandayoga.com.br\/website\/wp-json\/wp\/v2\/types\/page"}],"author":[{"embeddable":true,"href":"https:\/\/www.satyanandayoga.com.br\/website\/wp-json\/wp\/v2\/users\/1809"}],"replies":[{"embeddable":true,"href":"https:\/\/www.satyanandayoga.com.br\/website\/wp-json\/wp\/v2\/comments?post=1353"}],"version-history":[{"count":3,"href":"https:\/\/www.satyanandayoga.com.br\/website\/wp-json\/wp\/v2\/pages\/1353\/revisions"}],"predecessor-version":[{"id":3866,"href":"https:\/\/www.satyanandayoga.com.br\/website\/wp-json\/wp\/v2\/pages\/1353\/revisions\/3866"}],"wp:attachment":[{"href":"https:\/\/www.satyanandayoga.com.br\/website\/wp-json\/wp\/v2\/media?parent=1353"}],"curies":[{"name":"wp","href":"https:\/\/api.w.org\/{rel}","templated":true}]}}