{"id":2,"date":"2015-08-16T20:27:30","date_gmt":"2015-08-16T20:27:30","guid":{"rendered":"http:\/\/umpra20.com.br\/satyananda\/?page_id=2"},"modified":"2025-06-13T23:48:47","modified_gmt":"2025-06-14T02:48:47","slug":"home","status":"publish","type":"page","link":"https:\/\/www.satyanandayoga.com.br\/website\/","title":{"rendered":"Home"},"content":{"rendered":"<section class=\"l-section wpb_row height_auto width_full\"><div class=\"l-section-h i-cf\"><div class=\"g-cols offset_small\"><div class=\"vc_col-sm-12 wpb_column vc_column_container\"><div class=\"vc_column-inner\"><\/div><\/div><\/div><\/div><\/section><section class=\"l-section wpb_row height_medium\"><div class=\"l-section-h i-cf\"><div class=\"g-cols offset_small\"><div class=\"vc_col-sm-12 wpb_column vc_column_container\"><div class=\"vc_column-inner\"><div class=\"g-cols wpb_row offset_small vc_inner\"><div class=\"vc_col-sm-12 wpb_column vc_column_container\"><div class=\"vc_column-inner\"><div class=\"w-separator type_default size_medium thick_1 style_solid color_border cont_none\"><span class=\"w-separator-h\"><\/span><\/div><\/div><\/div><\/div><div class=\"g-cols wpb_row offset_small vc_inner\"><div class=\"vc_col-sm-4 wpb_column vc_column_container\"><div class=\"vc_column-inner\"><div class=\"w-image \"><img loading=\"lazy\" decoding=\"async\" width=\"960\" height=\"640\" src=\"https:\/\/www.satyanandayoga.com.br\/website\/wp-content\/uploads\/2015\/08\/Relaxamento-profundo.jpg\" class=\"attachment-large size-large\" alt=\"\" srcset=\"https:\/\/www.satyanandayoga.com.br\/website\/wp-content\/uploads\/2015\/08\/Relaxamento-profundo.jpg 960w, https:\/\/www.satyanandayoga.com.br\/website\/wp-content\/uploads\/2015\/08\/Relaxamento-profundo-400x267.jpg 400w, https:\/\/www.satyanandayoga.com.br\/website\/wp-content\/uploads\/2015\/08\/Relaxamento-profundo-300x200.jpg 300w, https:\/\/www.satyanandayoga.com.br\/website\/wp-content\/uploads\/2015\/08\/Relaxamento-profundo-600x400.jpg 600w, https:\/\/www.satyanandayoga.com.br\/website\/wp-content\/uploads\/2015\/08\/Relaxamento-profundo-150x100.jpg 150w\" sizes=\"auto, (max-width: 960px) 100vw, 960px\" \/><\/div><div class=\"wpb_text_column \"><div class=\"wpb_wrapper\">\n<h4 style=\"text-align: center;\"><a href=\"https:\/\/www.satyanandayoga.com.br\/website\/aulas-online\/\">AULAS<\/a><\/h4>\n<\/div> <\/div> <\/div><\/div><div class=\"vc_col-sm-4 wpb_column vc_column_container\"><div class=\"vc_column-inner\"><div class=\"w-image \"><img loading=\"lazy\" decoding=\"async\" width=\"960\" height=\"640\" src=\"https:\/\/www.satyanandayoga.com.br\/website\/wp-content\/uploads\/2016\/03\/12038497_842777575840939_6812061624273929699_n.jpg\" class=\"attachment-large size-large\" alt=\"\" srcset=\"https:\/\/www.satyanandayoga.com.br\/website\/wp-content\/uploads\/2016\/03\/12038497_842777575840939_6812061624273929699_n.jpg 960w, https:\/\/www.satyanandayoga.com.br\/website\/wp-content\/uploads\/2016\/03\/12038497_842777575840939_6812061624273929699_n-400x267.jpg 400w, https:\/\/www.satyanandayoga.com.br\/website\/wp-content\/uploads\/2016\/03\/12038497_842777575840939_6812061624273929699_n-300x200.jpg 300w, https:\/\/www.satyanandayoga.com.br\/website\/wp-content\/uploads\/2016\/03\/12038497_842777575840939_6812061624273929699_n-600x400.jpg 600w, https:\/\/www.satyanandayoga.com.br\/website\/wp-content\/uploads\/2016\/03\/12038497_842777575840939_6812061624273929699_n-150x100.jpg 150w\" sizes=\"auto, (max-width: 960px) 100vw, 960px\" \/><\/div><div class=\"wpb_text_column \"><div class=\"wpb_wrapper\">\n<h4 style=\"text-align: center;\"><a class=\"w-blog-entry-link\" href=\"https:\/\/www.satyanandayoga.com.br\/website\/praticas-especiais\/\">PR\u00c1TICAS ESPECIAIS<\/a><\/h4>\n<\/div> <\/div> <\/div><\/div><div class=\"vc_col-sm-4 wpb_column vc_column_container\"><div class=\"vc_column-inner\"><div class=\"w-image \"><img loading=\"lazy\" decoding=\"async\" width=\"800\" height=\"533\" src=\"https:\/\/www.satyanandayoga.com.br\/website\/wp-content\/uploads\/2015\/08\/hinspiradores.jpg\" class=\"attachment-large size-large\" alt=\"\" srcset=\"https:\/\/www.satyanandayoga.com.br\/website\/wp-content\/uploads\/2015\/08\/hinspiradores.jpg 800w, https:\/\/www.satyanandayoga.com.br\/website\/wp-content\/uploads\/2015\/08\/hinspiradores-400x267.jpg 400w, https:\/\/www.satyanandayoga.com.br\/website\/wp-content\/uploads\/2015\/08\/hinspiradores-300x200.jpg 300w, https:\/\/www.satyanandayoga.com.br\/website\/wp-content\/uploads\/2015\/08\/hinspiradores-600x400.jpg 600w, https:\/\/www.satyanandayoga.com.br\/website\/wp-content\/uploads\/2015\/08\/hinspiradores-150x100.jpg 150w\" sizes=\"auto, (max-width: 800px) 100vw, 800px\" \/><\/div><div class=\"wpb_text_column \"><div class=\"wpb_wrapper\">\n<h4 style=\"text-align: center;\"><a class=\"w-blog-entry-link\" href=\"?page_id=123\">INSPIRADORES<\/a><\/h4>\n<\/div> <\/div> <\/div><\/div><\/div><\/div><\/div><\/div><\/div><\/section><section class=\"l-section wpb_row height_medium width_full color_primary with_img with_overlay\" style=\"padding-top: 30px !important;padding-bottom: 30px !important;\"><div class=\"l-section-img\" style=\"background-image: url(https:\/\/www.satyanandayoga.com.br\/website\/wp-content\/uploads\/2015\/08\/satyhome.jpg);\" data-img-width=\"1000\" data-img-height=\"479\"><\/div><div class=\"l-section-overlay\" style=\"background-color: rgba(0,0,0,0.5)\"><\/div><div class=\"l-section-h i-cf\"><div class=\"g-cols offset_small\"><div class=\"vc_col-sm-12 wpb_column vc_column_container\"><div class=\"vc_column-inner\"><div class=\"wpb_text_column \"><div class=\"wpb_wrapper\">\n<h1 style=\"text-align: center; color: #fff; margin-bottom: 0;\">SATYANANDA YOGA CENTER | CASA DO GURU<\/h1>\n<p style=\"text-align: center; color: #fff; font-size: 24px;\">Conhe\u00e7a um pouco mais sobre o nosso espa\u00e7o.<\/p>\n<\/div> <\/div> [vc_empty_space]<div class=\"w-btn-wrapper align_center\"><a class=\"w-btn style_solid color_white icon_none\" href=\"https:\/\/www.satyanandayoga.com.br\/website\/nosso-espaco\/\"><span class=\"w-btn-label\">Mais Informa\u00e7\u00f5es<\/span><\/a><\/div><\/div><\/div><\/div><\/div><\/section><section class=\"l-section wpb_row height_medium\"><div class=\"l-section-h i-cf\"><div class=\"g-cols offset_small\"><div class=\"vc_col-sm-12 wpb_column vc_column_container\"><div class=\"vc_column-inner\"><div class=\"g-cols wpb_row offset_small vc_inner\"><div class=\"vc_col-sm-12 wpb_column vc_column_container\"><div class=\"vc_column-inner\"><div class=\"w-blog layout_cards cols_3 with_isotope masonry\" itemscope=\"itemscope\" itemtype=\"https:\/\/schema.org\/Blog\"><div class=\"w-blog-list\">\r\n\r\n<article class=\"w-blog-post eventos post-4656 post type-post status-publish format-standard has-post-thumbnail hentry category-eventos\" data-id=\"4656\" data-categories=\"eventos\">\r\n\t<div class=\"w-blog-post-h\">\r\n\t\t<a href=\"https:\/\/www.satyanandayoga.com.br\/website\/retiro-semana-santa\/\">\r\n\t\t\t<div class=\"w-blog-post-preview\">\r\n\t\t\t\t<img loading=\"lazy\" decoding=\"async\" width=\"600\" height=\"600\" src=\"https:\/\/www.satyanandayoga.com.br\/website\/wp-content\/uploads\/2026\/03\/ArteLeveza-600x600.jpeg\" class=\"attachment-tnail-masonry size-tnail-masonry wp-post-image\" alt=\"\" srcset=\"https:\/\/www.satyanandayoga.com.br\/website\/wp-content\/uploads\/2026\/03\/ArteLeveza-600x600.jpeg 600w, https:\/\/www.satyanandayoga.com.br\/website\/wp-content\/uploads\/2026\/03\/ArteLeveza-300x300.jpeg 300w, https:\/\/www.satyanandayoga.com.br\/website\/wp-content\/uploads\/2026\/03\/ArteLeveza-1024x1024.jpeg 1024w, https:\/\/www.satyanandayoga.com.br\/website\/wp-content\/uploads\/2026\/03\/ArteLeveza-150x150.jpeg 150w, https:\/\/www.satyanandayoga.com.br\/website\/wp-content\/uploads\/2026\/03\/ArteLeveza-768x768.jpeg 768w, https:\/\/www.satyanandayoga.com.br\/website\/wp-content\/uploads\/2026\/03\/ArteLeveza-350x350.jpeg 350w, https:\/\/www.satyanandayoga.com.br\/website\/wp-content\/uploads\/2026\/03\/ArteLeveza-400x400.jpeg 400w, https:\/\/www.satyanandayoga.com.br\/website\/wp-content\/uploads\/2026\/03\/ArteLeveza-100x100.jpeg 100w, https:\/\/www.satyanandayoga.com.br\/website\/wp-content\/uploads\/2026\/03\/ArteLeveza.jpeg 1080w\" sizes=\"auto, (max-width: 600px) 100vw, 600px\" \/>\t\t\t\t<span class=\"w-blog-post-preview-icon\" style=\"padding-bottom: 66.6667%;\"><\/span>\r\n\t\t\t<\/div>\r\n\t\t<\/a>\r\n\t\t<div class=\"w-blog-post-body\">\r\n\t\t\t<h2 class=\"w-blog-post-title\">\r\n\t\t\t\t<a class=\"entry-title\" rel=\"bookmark\" href=\"https:\/\/www.satyanandayoga.com.br\/website\/retiro-semana-santa\/\">RETIRO NA SEMANA SANTA<\/a>\r\n\t\t\t<\/h2>\r\n\t\t\t<div class=\"w-blog-post-meta hidden\">\r\n\t\t\t\t<time class=\"w-blog-post-meta-date date updated hidden\">17 de mar\u00e7o de 2026<\/time><span class=\"w-blog-post-meta-author vcard author hidden\"><a href=\"https:\/\/www.satyanandayoga.com.br\/website\/author\/amanda-reis\/\" class=\"fn\">Amanda Reis<\/a><\/span>\t\t\t<\/div>\r\n\t\t\t<div class=\"w-blog-post-content\">\r\n\t\t\t\t<p><strong>A Arte de Desapegar com Leveza<\/strong><br \/>\ncom Swami Aghorananda Saraswati e Swami Gangadhara Saraswati<\/p>\n<p>Inscri\u00e7\u00f5es: at\u00e9 dia 28 de mar\u00e7o<br \/>\nData: 3, 4 e 5 de abril de 2026<br \/>\nVagas limitadas<\/p>\n<p>Mais Informa\u00e7\u00f5es: <a href=\"https:\/\/drive.google.com\/file\/d\/1WT_TApllH5Mh5h4nTsj5PFfSHbjbV1nL\/view\" target=\"_blank\" rel=\"noopener\">CLIQUE AQUI<\/a><br \/>\nPara Comprar: <a href=\"https:\/\/www.satyanandayoga.com.br\/website\/produto\/retiro-semana-santa\/\" target=\"_blank\" rel=\"noopener\">CLIQUE AQUI<\/a><\/p>\n\t\t\t<\/div>\r\n\t\t<\/div>\r\n\t<\/div>\r\n<\/article>\r\n\r\n\r\n\r\n<article class=\"w-blog-post eventos post-4630 post type-post status-publish format-standard has-post-thumbnail hentry category-eventos\" data-id=\"4630\" data-categories=\"eventos\">\r\n\t<div class=\"w-blog-post-h\">\r\n\t\t<a href=\"https:\/\/www.satyanandayoga.com.br\/website\/qualificacao-hatha-yoga\/\">\r\n\t\t\t<div class=\"w-blog-post-preview\">\r\n\t\t\t\t<img loading=\"lazy\" decoding=\"async\" width=\"600\" height=\"603\" src=\"https:\/\/www.satyanandayoga.com.br\/website\/wp-content\/uploads\/2026\/02\/hata_yoga-600x603.jpg\" class=\"attachment-tnail-masonry size-tnail-masonry wp-post-image\" alt=\"\" srcset=\"https:\/\/www.satyanandayoga.com.br\/website\/wp-content\/uploads\/2026\/02\/hata_yoga-600x603.jpg 600w, https:\/\/www.satyanandayoga.com.br\/website\/wp-content\/uploads\/2026\/02\/hata_yoga-298x300.jpg 298w, https:\/\/www.satyanandayoga.com.br\/website\/wp-content\/uploads\/2026\/02\/hata_yoga-1018x1024.jpg 1018w, https:\/\/www.satyanandayoga.com.br\/website\/wp-content\/uploads\/2026\/02\/hata_yoga-150x150.jpg 150w, https:\/\/www.satyanandayoga.com.br\/website\/wp-content\/uploads\/2026\/02\/hata_yoga-768x772.jpg 768w, https:\/\/www.satyanandayoga.com.br\/website\/wp-content\/uploads\/2026\/02\/hata_yoga-400x402.jpg 400w, https:\/\/www.satyanandayoga.com.br\/website\/wp-content\/uploads\/2026\/02\/hata_yoga-100x100.jpg 100w, https:\/\/www.satyanandayoga.com.br\/website\/wp-content\/uploads\/2026\/02\/hata_yoga.jpg 1080w\" sizes=\"auto, (max-width: 600px) 100vw, 600px\" \/>\t\t\t\t<span class=\"w-blog-post-preview-icon\" style=\"padding-bottom: 66.6667%;\"><\/span>\r\n\t\t\t<\/div>\r\n\t\t<\/a>\r\n\t\t<div class=\"w-blog-post-body\">\r\n\t\t\t<h2 class=\"w-blog-post-title\">\r\n\t\t\t\t<a class=\"entry-title\" rel=\"bookmark\" href=\"https:\/\/www.satyanandayoga.com.br\/website\/qualificacao-hatha-yoga\/\">QUALIFICA\u00c7\u00c3O HATHA YOGA<\/a>\r\n\t\t\t<\/h2>\r\n\t\t\t<div class=\"w-blog-post-meta hidden\">\r\n\t\t\t\t<time class=\"w-blog-post-meta-date date updated hidden\">5 de fevereiro de 2026<\/time><span class=\"w-blog-post-meta-author vcard author hidden\"><a href=\"https:\/\/www.satyanandayoga.com.br\/website\/author\/luciana\/\" class=\"fn\">luciana<\/a><\/span>\t\t\t<\/div>\r\n\t\t\t<div class=\"w-blog-post-content\">\r\n\t\t\t\t<p>ESTUDOS TE\u00d3RICO-PR\u00c1TICOS<br \/>\nFormato h\u00edbrido (online ao vivo, remoto e imers\u00e3o)<\/p>\n<p>Inscri\u00e7\u00f5es: at\u00e9 07 de abril de 2026<br \/>\nIn\u00edcio do curso: 14 de abril de 2026<br \/>\nConclus\u00e3o do curso: Out\/nov 2026<\/p>\n<p>Mais Informa\u00e7\u00f5es: <a href=\"https:\/\/drive.google.com\/file\/d\/1nHIcCx9fe8TS5Ujl0PCDG6f-9VIgnXk0\/view\" target=\"_blank\" rel=\"noopener\">CLIQUE AQUI<\/a><br \/>\nPara Comprar: <a href=\"https:\/\/www.satyanandayoga.com.br\/website\/produto\/qualificacao-hata-yoga\/\" target=\"_blank\" rel=\"noopener\">CLIQUE AQUI<\/a><\/p>\n\t\t\t<\/div>\r\n\t\t<\/div>\r\n\t<\/div>\r\n<\/article>\r\n\r\n\r\n\r\n<article class=\"w-blog-post eventos post-4602 post type-post status-publish format-standard has-post-thumbnail hentry category-eventos\" data-id=\"4602\" data-categories=\"eventos\">\r\n\t<div class=\"w-blog-post-h\">\r\n\t\t<a href=\"https:\/\/www.satyanandayoga.com.br\/website\/estudo-especializado-em-yoga-para-mulheres\/\">\r\n\t\t\t<div class=\"w-blog-post-preview\">\r\n\t\t\t\t<img loading=\"lazy\" decoding=\"async\" width=\"600\" height=\"600\" src=\"https:\/\/www.satyanandayoga.com.br\/website\/wp-content\/uploads\/2026\/01\/YogaMulheres1-600x600.jpg\" class=\"attachment-tnail-masonry size-tnail-masonry wp-post-image\" alt=\"\" srcset=\"https:\/\/www.satyanandayoga.com.br\/website\/wp-content\/uploads\/2026\/01\/YogaMulheres1-600x600.jpg 600w, https:\/\/www.satyanandayoga.com.br\/website\/wp-content\/uploads\/2026\/01\/YogaMulheres1-300x300.jpg 300w, https:\/\/www.satyanandayoga.com.br\/website\/wp-content\/uploads\/2026\/01\/YogaMulheres1-1024x1024.jpg 1024w, https:\/\/www.satyanandayoga.com.br\/website\/wp-content\/uploads\/2026\/01\/YogaMulheres1-150x150.jpg 150w, https:\/\/www.satyanandayoga.com.br\/website\/wp-content\/uploads\/2026\/01\/YogaMulheres1-768x768.jpg 768w, https:\/\/www.satyanandayoga.com.br\/website\/wp-content\/uploads\/2026\/01\/YogaMulheres1-350x350.jpg 350w, https:\/\/www.satyanandayoga.com.br\/website\/wp-content\/uploads\/2026\/01\/YogaMulheres1-400x400.jpg 400w, https:\/\/www.satyanandayoga.com.br\/website\/wp-content\/uploads\/2026\/01\/YogaMulheres1-100x100.jpg 100w, https:\/\/www.satyanandayoga.com.br\/website\/wp-content\/uploads\/2026\/01\/YogaMulheres1.jpg 1080w\" sizes=\"auto, (max-width: 600px) 100vw, 600px\" \/>\t\t\t\t<span class=\"w-blog-post-preview-icon\" style=\"padding-bottom: 66.6667%;\"><\/span>\r\n\t\t\t<\/div>\r\n\t\t<\/a>\r\n\t\t<div class=\"w-blog-post-body\">\r\n\t\t\t<h2 class=\"w-blog-post-title\">\r\n\t\t\t\t<a class=\"entry-title\" rel=\"bookmark\" href=\"https:\/\/www.satyanandayoga.com.br\/website\/estudo-especializado-em-yoga-para-mulheres\/\">Estudo especializado em Yoga para Mulheres<\/a>\r\n\t\t\t<\/h2>\r\n\t\t\t<div class=\"w-blog-post-meta hidden\">\r\n\t\t\t\t<time class=\"w-blog-post-meta-date date updated hidden\">8 de janeiro de 2026<\/time><span class=\"w-blog-post-meta-author vcard author hidden\"><a href=\"https:\/\/www.satyanandayoga.com.br\/website\/author\/luciana\/\" class=\"fn\">luciana<\/a><\/span>\t\t\t<\/div>\r\n\t\t\t<div class=\"w-blog-post-content\">\r\n\t\t\t\t<p>por Swami Gangadhara Saraswati<br \/>\n&#8211; Online &#8211;<\/p>\n<p>In\u00edcio: 09 de maio de 2026<br \/>\nT\u00e9rmino: 15 de agosto de 2026<br \/>\nAulas aos s\u00e1bados, de 8h00 \u00e0s 10h00 a.m<\/p>\n<p>Mais Informa\u00e7\u00f5es:\u00a0<a href=\"https:\/\/drive.google.com\/file\/d\/1oNv6R6NgE0idr-sP3whjvnsUH8Goijfx\/view?usp=sharing\" target=\"_blank\" rel=\"noopener\">CLIQUE AQUI<\/a><br \/>\nPara Comprar: <a href=\"https:\/\/www.satyanandayoga.com.br\/website\/produto\/estudo-especializado-em-yoga-para-mulheres\/\" target=\"_blank\" rel=\"noopener\">CLIQUE AQUI<\/a><\/p>\n\t\t\t<\/div>\r\n\t\t<\/div>\r\n\t<\/div>\r\n<\/article>\r\n\r\n<\/div><\/div><\/div><\/div><\/div><div class=\"g-cols wpb_row offset_small vc_inner\"><div class=\"vc_col-sm-12 wpb_column vc_column_container\"><div class=\"vc_column-inner\"><div class=\"w-btn-wrapper align_center\"><a class=\"w-btn style_solid color_primary icon_none\" href=\"https:\/\/www.satyanandayoga.com.br\/website\/proximos_eventos\/\" title=\"PR\u00d3XIMOS EVENTOS\"><span class=\"w-btn-label\">Veja nossa agenda completa<\/span><\/a><\/div><\/div><\/div><\/div><\/div><\/div><\/div><\/div><\/section>\n","protected":false},"excerpt":{"rendered":"","protected":false},"author":1809,"featured_media":0,"parent":0,"menu_order":0,"comment_status":"closed","ping_status":"closed","template":"","meta":{"footnotes":""},"class_list":["post-2","page","type-page","status-publish","hentry"],"_links":{"self":[{"href":"https:\/\/www.satyanandayoga.com.br\/website\/wp-json\/wp\/v2\/pages\/2","targetHints":{"allow":["GET"]}}],"collection":[{"href":"https:\/\/www.satyanandayoga.com.br\/website\/wp-json\/wp\/v2\/pages"}],"about":[{"href":"https:\/\/www.satyanandayoga.com.br\/website\/wp-json\/wp\/v2\/types\/page"}],"author":[{"embeddable":true,"href":"https:\/\/www.satyanandayoga.com.br\/website\/wp-json\/wp\/v2\/users\/1809"}],"replies":[{"embeddable":true,"href":"https:\/\/www.satyanandayoga.com.br\/website\/wp-json\/wp\/v2\/comments?post=2"}],"version-history":[{"count":66,"href":"https:\/\/www.satyanandayoga.com.br\/website\/wp-json\/wp\/v2\/pages\/2\/revisions"}],"predecessor-version":[{"id":4392,"href":"https:\/\/www.satyanandayoga.com.br\/website\/wp-json\/wp\/v2\/pages\/2\/revisions\/4392"}],"wp:attachment":[{"href":"https:\/\/www.satyanandayoga.com.br\/website\/wp-json\/wp\/v2\/media?parent=2"}],"curies":[{"name":"wp","href":"https:\/\/api.w.org\/{rel}","templated":true}]}}