{"id":2499,"date":"2022-03-17T19:51:35","date_gmt":"2022-03-17T22:51:35","guid":{"rendered":"https:\/\/www.satyanandayoga.com.br\/website\/?page_id=2499"},"modified":"2025-06-16T21:52:45","modified_gmt":"2025-06-17T00:52:45","slug":"celebracoes","status":"publish","type":"page","link":"https:\/\/www.satyanandayoga.com.br\/website\/celebracoes\/","title":{"rendered":"CELEBRA\u00c7\u00d5ES"},"content":{"rendered":"<section class=\"l-section wpb_row height_medium color_custom with_img parallax_ver with_overlay\" style=\" color: #ffffff;padding-top: 140px !important;padding-bottom: 60px !important;\"><div class=\"l-section-img\" style=\"background-image: url(https:\/\/www.satyanandayoga.com.br\/website\/wp-content\/uploads\/2015\/08\/P1010461-4B-scaled.jpg);\" data-img-width=\"2560\" data-img-height=\"1133\"><\/div><div class=\"l-section-overlay\" style=\"background-color: rgba(0,0,0,0.4)\"><\/div><div class=\"l-section-h i-cf\"><div class=\"g-cols offset_small\"><div class=\"vc_col-sm-12 wpb_column vc_column_container\"><div class=\"vc_column-inner\"><div class=\"wpb_text_column \"><div class=\"wpb_wrapper\">\n<h2 style=\"text-align: center; color: #ffffff; font-size: 40px;\">ATIVIDADES PRESENCIAIS<\/h2>\n<hr style=\"width: 80px; border: 1px solid #ffffff; margin: 10px auto;\">\n<p style=\"text-align: center; color: #ffffff; font-size: 18px;\">CELEBRA\u00c7\u00d5ES<\/p>\n<\/div> <\/div> <\/div><\/div><\/div><\/div><\/section><section class=\"l-section wpb_row height_medium\"><div class=\"l-section-h i-cf\"><div class=\"g-cols offset_small\"><div class=\"vc_col-sm-12 wpb_column vc_column_container\"><div class=\"vc_column-inner\"><div class=\"g-cols wpb_row offset_small valign_top vc_inner\"><div class=\"vc_col-sm-6 wpb_column vc_column_container\"><div class=\"vc_column-inner\"><div class=\"w-image  align_center\"><img loading=\"lazy\" decoding=\"async\" width=\"800\" height=\"533\" src=\"https:\/\/www.satyanandayoga.com.br\/website\/wp-content\/uploads\/2022\/03\/Guru-Purnima.jpg\" class=\"attachment-large size-large\" alt=\"\" srcset=\"https:\/\/www.satyanandayoga.com.br\/website\/wp-content\/uploads\/2022\/03\/Guru-Purnima.jpg 800w, https:\/\/www.satyanandayoga.com.br\/website\/wp-content\/uploads\/2022\/03\/Guru-Purnima-300x200.jpg 300w, https:\/\/www.satyanandayoga.com.br\/website\/wp-content\/uploads\/2022\/03\/Guru-Purnima-768x512.jpg 768w, https:\/\/www.satyanandayoga.com.br\/website\/wp-content\/uploads\/2022\/03\/Guru-Purnima-600x400.jpg 600w, https:\/\/www.satyanandayoga.com.br\/website\/wp-content\/uploads\/2022\/03\/Guru-Purnima-400x267.jpg 400w\" sizes=\"auto, (max-width: 800px) 100vw, 800px\" \/><\/div><\/div><\/div><div class=\"vc_col-sm-6 wpb_column vc_column_container\"><div class=\"vc_column-inner\"><div class=\"wpb_text_column \"><div class=\"wpb_wrapper\">\n<h5>GURU PORNIMA<\/h5>\n<p>Todos os anos celebramos na lua cheia de julho, o Guru Purnima. Guru na tradi\u00e7\u00e3o indiana \u00e9 aquele que passa o conhecimento elevado e dissolve nossa ignor\u00e2ncia daquilo que nos impede de crescermos como pessoa. Este \u00e9 um momento para todos, iniciados ou n\u00e3o, se conectarem com uma for\u00e7a benevolente e inspiradora no caminho da espiritualidade.<\/div> <\/div> <\/div><\/div><\/div><div class=\"w-separator type_default size_medium thick_1 style_solid color_border cont_none\"><span class=\"w-separator-h\"><\/span><\/div><div class=\"g-cols wpb_row offset_small vc_inner\"><div class=\"vc_col-sm-6 wpb_column vc_column_container\"><div class=\"vc_column-inner\"><div class=\"w-image \"><img loading=\"lazy\" decoding=\"async\" width=\"800\" height=\"533\" src=\"https:\/\/www.satyanandayoga.com.br\/website\/wp-content\/uploads\/2022\/03\/havan-maha.jpg\" class=\"attachment-large size-large\" alt=\"\" srcset=\"https:\/\/www.satyanandayoga.com.br\/website\/wp-content\/uploads\/2022\/03\/havan-maha.jpg 800w, https:\/\/www.satyanandayoga.com.br\/website\/wp-content\/uploads\/2022\/03\/havan-maha-300x200.jpg 300w, https:\/\/www.satyanandayoga.com.br\/website\/wp-content\/uploads\/2022\/03\/havan-maha-768x512.jpg 768w, https:\/\/www.satyanandayoga.com.br\/website\/wp-content\/uploads\/2022\/03\/havan-maha-600x400.jpg 600w, https:\/\/www.satyanandayoga.com.br\/website\/wp-content\/uploads\/2022\/03\/havan-maha-400x267.jpg 400w\" sizes=\"auto, (max-width: 800px) 100vw, 800px\" \/><\/div><\/div><\/div><div class=\"vc_col-sm-6 wpb_column vc_column_container\"><div class=\"vc_column-inner\"><div class=\"wpb_text_column \"><div class=\"wpb_wrapper\">\n<h5>HAVAN COM MAHA MRITYUNJAYA MANTRA<\/h5>\n<p>Esta pr\u00e1tica \u00e9 realizada todos os s\u00e1bados \u00e0s 18:00 horas na Casa do Guru.<\/p>\n<p>O Maha Mrityunjaya \u00e9 um canto de cura e prote\u00e7\u00e3o. Suas vibra\u00e7\u00f5es atingem o corpo f\u00edsico, emocional, mental e espiritual.<\/p>\n<p>O Havan \u00e9 uma pr\u00e1tica ancestral cujo elemento principal \u00e9 o fogo que faz a conex\u00e3o entre a terra e o espa\u00e7o.<\/p>\n<p><strong>O Maha Mrityunjaya Mantra acompanhado da pr\u00e1tica do Havan constitui uma intensa pr\u00e1tica de purifica\u00e7\u00e3o. Participe conosco.\u00a0<\/strong><\/p>\n<p>No \u00faltimo s\u00e1bado do m\u00eas \u00e9 aberto ao p\u00fablico.<br \/>\n<strong>Entrada livre com agendamento pr\u00e9vio.<\/strong><\/div> <\/div> <\/div><\/div><\/div><div class=\"w-separator type_default size_medium thick_1 style_solid color_border cont_none\"><span class=\"w-separator-h\"><\/span><\/div><div class=\"g-cols wpb_row offset_small vc_inner\"><div class=\"vc_col-sm-6 wpb_column vc_column_container\"><div class=\"vc_column-inner\"><div class=\"w-image \"><img loading=\"lazy\" decoding=\"async\" width=\"800\" height=\"533\" src=\"https:\/\/www.satyanandayoga.com.br\/website\/wp-content\/uploads\/2022\/03\/Navaratri.jpg\" class=\"attachment-large size-large\" alt=\"\" srcset=\"https:\/\/www.satyanandayoga.com.br\/website\/wp-content\/uploads\/2022\/03\/Navaratri.jpg 800w, https:\/\/www.satyanandayoga.com.br\/website\/wp-content\/uploads\/2022\/03\/Navaratri-300x200.jpg 300w, https:\/\/www.satyanandayoga.com.br\/website\/wp-content\/uploads\/2022\/03\/Navaratri-768x512.jpg 768w, https:\/\/www.satyanandayoga.com.br\/website\/wp-content\/uploads\/2022\/03\/Navaratri-600x400.jpg 600w, https:\/\/www.satyanandayoga.com.br\/website\/wp-content\/uploads\/2022\/03\/Navaratri-400x267.jpg 400w\" sizes=\"auto, (max-width: 800px) 100vw, 800px\" \/><\/div><\/div><\/div><div class=\"vc_col-sm-6 wpb_column vc_column_container\"><div class=\"vc_column-inner\"><div class=\"wpb_text_column \"><div class=\"wpb_wrapper\">\n<h5>NAVARATRI<\/h5>\n<p>Navaratri \u00e9 uma celebra\u00e7\u00e3o na qual evocamos tr\u00eas for\u00e7as que existem dentro de cada um de n\u00f3s. A for\u00e7as da harmonia, da sabedoria e da vontade para que possamos aplica-las em nossas vidas e harmonizar nossas rela\u00e7\u00f5es para consigo mesmo e para com o outro. Na tradi\u00e7\u00e3o indiana essas for\u00e7as s\u00e3o representadas simbolicamente pelas deusas Lakshmi, Saraswati e Durga. Nesta celebra\u00e7\u00e3o trabalhamos esses s\u00edmbolos e for\u00e7as internas com pr\u00e1ticas de Tantra (ritos), Yantra (est\u00e9tica) e Mantra (sons).<\/div> <\/div> <\/div><\/div><\/div><div class=\"w-separator type_default size_medium thick_1 style_solid color_border cont_none\"><span class=\"w-separator-h\"><\/span><\/div><div class=\"g-cols wpb_row offset_small vc_inner\"><div class=\"vc_col-sm-6 wpb_column vc_column_container\"><div class=\"vc_column-inner\"><div class=\"w-image \"><img loading=\"lazy\" decoding=\"async\" width=\"800\" height=\"533\" src=\"https:\/\/www.satyanandayoga.com.br\/website\/wp-content\/uploads\/2022\/03\/SHIVARATRI.jpg\" class=\"attachment-large size-large\" alt=\"\" srcset=\"https:\/\/www.satyanandayoga.com.br\/website\/wp-content\/uploads\/2022\/03\/SHIVARATRI.jpg 800w, https:\/\/www.satyanandayoga.com.br\/website\/wp-content\/uploads\/2022\/03\/SHIVARATRI-300x200.jpg 300w, https:\/\/www.satyanandayoga.com.br\/website\/wp-content\/uploads\/2022\/03\/SHIVARATRI-768x512.jpg 768w, https:\/\/www.satyanandayoga.com.br\/website\/wp-content\/uploads\/2022\/03\/SHIVARATRI-600x400.jpg 600w, https:\/\/www.satyanandayoga.com.br\/website\/wp-content\/uploads\/2022\/03\/SHIVARATRI-400x267.jpg 400w\" sizes=\"auto, (max-width: 800px) 100vw, 800px\" \/><\/div><\/div><\/div><div class=\"vc_col-sm-6 wpb_column vc_column_container\"><div class=\"vc_column-inner\"><div class=\"wpb_text_column \"><div class=\"wpb_wrapper\">\n<h5>SHIVARATRI SADHANA<\/h5>\n<p>Shiva \u00e9 conhecido mitologicamente como o criador do Yoga e representa a for\u00e7a que cada um de n\u00f3s possui internamente para dissolver o que nos prende na limita\u00e7\u00e3o e para propagar o que nos leve \u00e0 renova\u00e7\u00e3o e sabedoria. Nesta celebra\u00e7\u00e3o buscamos despertar as qualidades de positividade que o Yoga nos oferece para a vida e nos conectamos com a alegria, o discernimento e a capacidade de transformar representadas pelo simbolismo de Shiva.<\/div> <\/div> <\/div><\/div><\/div><div class=\"w-separator type_default size_medium thick_1 style_solid color_border cont_none\"><span class=\"w-separator-h\"><\/span><\/div><div class=\"g-cols wpb_row offset_small vc_inner\"><div class=\"vc_col-sm-6 wpb_column vc_column_container\"><div class=\"vc_column-inner\"><div class=\"w-image \"><img loading=\"lazy\" decoding=\"async\" width=\"636\" height=\"473\" src=\"https:\/\/www.satyanandayoga.com.br\/website\/wp-content\/uploads\/2022\/03\/Foto-e1648157723212.jpg\" class=\"attachment-large size-large\" alt=\"\" srcset=\"https:\/\/www.satyanandayoga.com.br\/website\/wp-content\/uploads\/2022\/03\/Foto-e1648157723212.jpg 636w, https:\/\/www.satyanandayoga.com.br\/website\/wp-content\/uploads\/2022\/03\/Foto-e1648157723212-300x223.jpg 300w, https:\/\/www.satyanandayoga.com.br\/website\/wp-content\/uploads\/2022\/03\/Foto-e1648157723212-600x446.jpg 600w, https:\/\/www.satyanandayoga.com.br\/website\/wp-content\/uploads\/2022\/03\/Foto-e1648157723212-400x297.jpg 400w\" sizes=\"auto, (max-width: 636px) 100vw, 636px\" \/><\/div><\/div><\/div><div class=\"vc_col-sm-6 wpb_column vc_column_container\"><div class=\"vc_column-inner\"><div class=\"wpb_text_column \"><div class=\"wpb_wrapper\">\n<h5><strong>CELEBRA\u00c7\u00c3O DE ANO NOVO COM O CANTO<br \/>\nDO HAMUMAN CHALISA<\/strong><\/h5>\n<p>No dia 1\u00ba de janeiro buscamos come\u00e7ar o nosso ano da forma mais auspiciosa poss\u00edvel. Assim, temos a tradi\u00e7\u00e3o de vocalizarmos o canto do <em>Hanumam Chalisa<\/em>. Este canto, um tanto popular na \u00cdndia, evoca as capacidades e virtudes de coragem, humildade, foco e discernimento para seguirmos nossas trajet\u00f3rias individuais e coletivas.<\/p>\n<p>Quando cantado e entoado em coletivo, ele gera uma for\u00e7a vibracional e ps\u00edquica que nos impulsiona e darmos saltos significativos em nossas vidas, sempre buscando nos aproximar de nossos mais sinceros prop\u00f3sitos.<\/div> <\/div> <\/div><\/div><\/div><\/div><\/div><\/div><\/div><\/section><section class=\"l-section wpb_row height_medium\"><div class=\"l-section-h i-cf\"><div class=\"g-cols offset_small\"><div class=\"vc_col-sm-12 wpb_column vc_column_container\"><div class=\"vc_column-inner\"><\/div><\/div><\/div><\/div><\/section>\n","protected":false},"excerpt":{"rendered":"","protected":false},"author":3,"featured_media":0,"parent":0,"menu_order":0,"comment_status":"closed","ping_status":"closed","template":"","meta":{"footnotes":""},"class_list":["post-2499","page","type-page","status-publish","hentry"],"_links":{"self":[{"href":"https:\/\/www.satyanandayoga.com.br\/website\/wp-json\/wp\/v2\/pages\/2499","targetHints":{"allow":["GET"]}}],"collection":[{"href":"https:\/\/www.satyanandayoga.com.br\/website\/wp-json\/wp\/v2\/pages"}],"about":[{"href":"https:\/\/www.satyanandayoga.com.br\/website\/wp-json\/wp\/v2\/types\/page"}],"author":[{"embeddable":true,"href":"https:\/\/www.satyanandayoga.com.br\/website\/wp-json\/wp\/v2\/users\/3"}],"replies":[{"embeddable":true,"href":"https:\/\/www.satyanandayoga.com.br\/website\/wp-json\/wp\/v2\/comments?post=2499"}],"version-history":[{"count":9,"href":"https:\/\/www.satyanandayoga.com.br\/website\/wp-json\/wp\/v2\/pages\/2499\/revisions"}],"predecessor-version":[{"id":4396,"href":"https:\/\/www.satyanandayoga.com.br\/website\/wp-json\/wp\/v2\/pages\/2499\/revisions\/4396"}],"wp:attachment":[{"href":"https:\/\/www.satyanandayoga.com.br\/website\/wp-json\/wp\/v2\/media?parent=2499"}],"curies":[{"name":"wp","href":"https:\/\/api.w.org\/{rel}","templated":true}]}}