{"id":2506,"date":"2022-03-17T20:08:15","date_gmt":"2022-03-17T23:08:15","guid":{"rendered":"https:\/\/www.satyanandayoga.com.br\/website\/?page_id=2506"},"modified":"2025-06-13T23:14:26","modified_gmt":"2025-06-14T02:14:26","slug":"hospedagem","status":"publish","type":"page","link":"https:\/\/www.satyanandayoga.com.br\/website\/hospedagem\/","title":{"rendered":"HOSPEDAGEM"},"content":{"rendered":"<section class=\"l-section wpb_row height_medium color_custom with_img parallax_ver with_overlay\" style=\" color: #ffffff;padding-top: 140px !important;padding-bottom: 60px !important;\"><div class=\"l-section-img\" style=\"background-image: url(https:\/\/www.satyanandayoga.com.br\/website\/wp-content\/uploads\/2015\/08\/P1010461-4B-scaled.jpg);\" data-img-width=\"2560\" data-img-height=\"1133\"><\/div><div class=\"l-section-overlay\" style=\"background-color: rgba(0,0,0,0.4)\"><\/div><div class=\"l-section-h i-cf\"><div class=\"g-cols offset_small\"><div class=\"vc_col-sm-12 wpb_column vc_column_container\"><div class=\"vc_column-inner\"><div class=\"wpb_text_column \"><div class=\"wpb_wrapper\">\n<h2 style=\"text-align: center; color: #ffffff; font-size: 40px;\">ATIVIDADES PRESENCIAIS<\/h2>\n<hr style=\"width: 80px; border: 1px solid #ffffff; margin: 10px auto;\" \/>\n<p style=\"text-align: center; color: #ffffff; font-size: 18px;\">HOSPEDAGEM DURANTE EVENTOS<\/p>\n<\/div> <\/div> <\/div><\/div><\/div><\/div><\/section><section class=\"l-section wpb_row height_medium\"><div class=\"l-section-h i-cf\"><div class=\"g-cols offset_small valign_middle\"><div class=\"vc_col-sm-6 wpb_column vc_column_container\"><div class=\"vc_column-inner\"><div class=\"w-image \"><img loading=\"lazy\" decoding=\"async\" width=\"1000\" height=\"666\" src=\"https:\/\/www.satyanandayoga.com.br\/website\/wp-content\/uploads\/2022\/03\/IMG_7218.jpg\" class=\"attachment-large size-large\" alt=\"\" srcset=\"https:\/\/www.satyanandayoga.com.br\/website\/wp-content\/uploads\/2022\/03\/IMG_7218.jpg 1000w, https:\/\/www.satyanandayoga.com.br\/website\/wp-content\/uploads\/2022\/03\/IMG_7218-300x200.jpg 300w, https:\/\/www.satyanandayoga.com.br\/website\/wp-content\/uploads\/2022\/03\/IMG_7218-768x511.jpg 768w, https:\/\/www.satyanandayoga.com.br\/website\/wp-content\/uploads\/2022\/03\/IMG_7218-600x400.jpg 600w, https:\/\/www.satyanandayoga.com.br\/website\/wp-content\/uploads\/2022\/03\/IMG_7218-400x266.jpg 400w\" sizes=\"auto, (max-width: 1000px) 100vw, 1000px\" \/><\/div><\/div><\/div><div class=\"vc_col-sm-6 wpb_column vc_column_container\"><div class=\"vc_column-inner\"><div class=\"wpb_text_column \"><div class=\"wpb_wrapper\"><p>Durante o ano realizamos v\u00e1rios eventos e retiros de imers\u00e3o proporcionando \u00e0s pessoas momentos de reflex\u00e3o relacionados ao Yoga e temas afins como: ecologia e sustentabilidade, estilo de vida, sa\u00fade e educa\u00e7\u00e3o, se alinhando a pr\u00e1ticas de cuidados consigo e com o outro.<\/p>\n<p><a ref=\"magnificPopup\" href=\"https:\/\/www.satyanandayoga.com.br\/website\/wp-content\/uploads\/2022\/03\/IMG_5700.jpg\"><img loading=\"lazy\" decoding=\"async\" class=\"alignleft wp-image-2422\" src=\"https:\/\/www.satyanandayoga.com.br\/website\/wp-content\/uploads\/2022\/03\/IMG_5700-150x150.jpg\" alt=\"\" width=\"230\" height=\"153\" srcset=\"https:\/\/www.satyanandayoga.com.br\/website\/wp-content\/uploads\/2022\/03\/IMG_5700-300x200.jpg 300w, https:\/\/www.satyanandayoga.com.br\/website\/wp-content\/uploads\/2022\/03\/IMG_5700-768x512.jpg 768w, https:\/\/www.satyanandayoga.com.br\/website\/wp-content\/uploads\/2022\/03\/IMG_5700-600x400.jpg 600w, https:\/\/www.satyanandayoga.com.br\/website\/wp-content\/uploads\/2022\/03\/IMG_5700-400x267.jpg 400w, https:\/\/www.satyanandayoga.com.br\/website\/wp-content\/uploads\/2022\/03\/IMG_5700.jpg 1000w\" sizes=\"auto, (max-width: 230px) 100vw, 230px\" \/><\/a><\/p>\n<p><a ref=\"magnificPopup\" href=\"https:\/\/www.satyanandayoga.com.br\/website\/wp-content\/uploads\/2022\/03\/gal1.jpg\"><img loading=\"lazy\" decoding=\"async\" class=\"alignright wp-image-2413\" src=\"https:\/\/www.satyanandayoga.com.br\/website\/wp-content\/uploads\/2022\/03\/gal1-150x150.jpg\" alt=\"\" width=\"230\" height=\"153\" srcset=\"https:\/\/www.satyanandayoga.com.br\/website\/wp-content\/uploads\/2022\/03\/gal1-300x200.jpg 300w, https:\/\/www.satyanandayoga.com.br\/website\/wp-content\/uploads\/2022\/03\/gal1-768x512.jpg 768w, https:\/\/www.satyanandayoga.com.br\/website\/wp-content\/uploads\/2022\/03\/gal1-600x400.jpg 600w, https:\/\/www.satyanandayoga.com.br\/website\/wp-content\/uploads\/2022\/03\/gal1-400x267.jpg 400w, https:\/\/www.satyanandayoga.com.br\/website\/wp-content\/uploads\/2022\/03\/gal1.jpg 1000w\" sizes=\"auto, (max-width: 230px) 100vw, 230px\" \/><\/a><\/p><\/div> <\/div> <\/div><\/div><\/div><\/div><\/section><section class=\"l-section wpb_row height_medium\"><div class=\"l-section-h i-cf\"><div class=\"g-cols offset_small\"><div class=\"vc_col-sm-6 wpb_column vc_column_container\"><div class=\"vc_column-inner\"><div class=\"wpb_text_column \"><div class=\"wpb_wrapper\">\n<h5 style=\"text-align: left;\">ESTADIAS INDIVIDUAIS OU EM GRUPO NO CENTRO<\/h5>\n<p style=\"text-align: left;\">As estadias individuais ou em grupo, ser\u00e3o poss\u00edveis agendando com anteced\u00eancia, de acordo com nossa disponibilidade.<\/p>\n<\/div> <\/div> <div class=\"g-cols wpb_row offset_small valign_middle vc_inner\"><div class=\"vc_col-sm-12 wpb_column vc_column_container color_custom\" style=\"color:#0d4099;\"><div class=\"vc_column-inner\"><div class=\"wpb_text_column \"><div class=\"wpb_wrapper\">\n<p style=\"text-align: center;\"><strong><br \/>\nInforma\u00e7\u00f5es : favor entrar em contato por e-mail <\/strong><strong>ou WhatsApp<\/strong><\/p>\n<p>&nbsp;<\/p>\n<\/div> <\/div> <\/div><\/div><\/div><div class=\"wpb_text_column \"><div class=\"wpb_wrapper\"><p><\/p><\/div> <\/div> <\/div><\/div><div class=\"vc_col-sm-6 wpb_column vc_column_container\"><div class=\"vc_column-inner\"><div class=\"wpb_text_column \"><div class=\"wpb_wrapper\">\n<h5>ESTRUTURA<\/h5>\n<p>Nossas instala\u00e7\u00f5es s\u00e3o simples e aconchegantes, onde os visitantes se acomodam em quartos compartilhados, buscando acentuar a intera\u00e7\u00e3o com o outro de modo que se comece a trilhar os primeiros passos para se trabalhar o esp\u00edrito de coletividade. Os banheiros s\u00e3o dentro dos quartos.<\/p>\n<p>A cozinha se encontra junto ao refeit\u00f3rio \u2013 local onde acontecem todas as refei\u00e7\u00f5es na rotina da Casa do Guru. Nossa alimenta\u00e7\u00e3o \u00e9 vegetariana seguindo os princ\u00edpios do Ayurveda.<\/p>\n<p>Temos um sal\u00e3o amplo e confort\u00e1vel para pr\u00e1ticas.<\/div> <\/div> <\/div><\/div><\/div><\/div><\/section><section class=\"l-section wpb_row height_medium\"><div class=\"l-section-h i-cf\"><div class=\"g-cols offset_small\"><div class=\"vc_col-sm-6 wpb_column vc_column_container\"><div class=\"vc_column-inner\"><div class=\"wpb_text_column \"><div class=\"wpb_wrapper\">\n<h5>PROGRAMA\u00c7\u00c3O DI\u00c1RIA B\u00c1SICA<\/h5>\n<p><strong>(com possibilidade de mudan\u00e7a devido \u00e0 demanda na ocasi\u00e3o)<\/strong><\/p>\n<p>6:00 \u2013 Pr\u00e1tica de Yoga<br \/>\n7:30 \u2013\u00a0 Caf\u00e9 da manh\u00e3<br \/>\n9:00 \u2013 Karma Yoga ( A\u00e7\u00e3o consciente)<br \/>\n12:30 \u2013 Almo\u00e7o<br \/>\n13:30 \u00e0s 15:00 \u2013 Descanso<br \/>\n15:00 \u2013 Yoga Nidra<br \/>\n15:30 \u2013 Karma Yoga (A\u00e7\u00e3o consciente)<br \/>\n17:00 \u2013 Tempo pessoal<br \/>\n19:00 \u2013 Jantar<\/div> <\/div> <\/div><\/div><div class=\"vc_col-sm-6 wpb_column vc_column_container\"><div class=\"vc_column-inner\"><div class=\"wpb_text_column \"><div class=\"wpb_wrapper\">\n<h5>O QUE TRAZER<\/h5>\n<p><strong>\u2022<\/strong> Roupas confort\u00e1veis para a pr\u00e1tica de Yoga<br \/>\n<strong>\u2022<\/strong> Roupas adequadas para um espa\u00e7o rural<br \/>\n<strong>\u2022<\/strong> Cal\u00e7ados confort\u00e1veis para caminhada<br \/>\n<strong>\u2022<\/strong> Tapete de pr\u00e1tica<br \/>\n<strong>\u2022<\/strong> Lanterna<br \/>\n<strong>\u2022<\/strong> Despertador<br \/>\n<strong>\u2022<\/strong> Guarda-chuva em per\u00edodo chuvoso<br \/>\n<strong>\u2022<\/strong> Manta leve para pr\u00e1tica de Yoga Nidra<br \/>\n<strong>\u2022<\/strong> Toalha de banho<br \/>\n<strong>\u2022<\/strong> Roupa de cama (oferecemos cobertor e travesseiro)<br \/>\n<strong>\u2022<\/strong> Pano de prato<\/div> <\/div> <\/div><\/div><\/div><\/div><\/section><section class=\"l-section wpb_row height_medium\"><div class=\"l-section-h i-cf\"><div class=\"g-cols offset_small valign_middle\"><div class=\"vc_col-sm-12 wpb_column vc_column_container\"><div class=\"vc_column-inner\"><div class=\"wpb_text_column \"><div class=\"wpb_wrapper\">\n<h5 style=\"text-align: center;\"><em><strong>Acompanhe nossos pr\u00f3ximos <a href=\"https:\/\/www.satyanandayoga.com.br\/website\/proximos_eventos\/\"><u>eventos &gt;&gt;<\/u><\/a><\/strong><\/em><\/h5>\n<\/div> <\/div> <\/div><\/div><\/div><\/div><\/section>\n","protected":false},"excerpt":{"rendered":"","protected":false},"author":3,"featured_media":0,"parent":0,"menu_order":0,"comment_status":"closed","ping_status":"closed","template":"","meta":{"footnotes":""},"class_list":["post-2506","page","type-page","status-publish","hentry"],"_links":{"self":[{"href":"https:\/\/www.satyanandayoga.com.br\/website\/wp-json\/wp\/v2\/pages\/2506","targetHints":{"allow":["GET"]}}],"collection":[{"href":"https:\/\/www.satyanandayoga.com.br\/website\/wp-json\/wp\/v2\/pages"}],"about":[{"href":"https:\/\/www.satyanandayoga.com.br\/website\/wp-json\/wp\/v2\/types\/page"}],"author":[{"embeddable":true,"href":"https:\/\/www.satyanandayoga.com.br\/website\/wp-json\/wp\/v2\/users\/3"}],"replies":[{"embeddable":true,"href":"https:\/\/www.satyanandayoga.com.br\/website\/wp-json\/wp\/v2\/comments?post=2506"}],"version-history":[{"count":40,"href":"https:\/\/www.satyanandayoga.com.br\/website\/wp-json\/wp\/v2\/pages\/2506\/revisions"}],"predecessor-version":[{"id":4375,"href":"https:\/\/www.satyanandayoga.com.br\/website\/wp-json\/wp\/v2\/pages\/2506\/revisions\/4375"}],"wp:attachment":[{"href":"https:\/\/www.satyanandayoga.com.br\/website\/wp-json\/wp\/v2\/media?parent=2506"}],"curies":[{"name":"wp","href":"https:\/\/api.w.org\/{rel}","templated":true}]}}