{"id":2515,"date":"2022-03-17T20:42:20","date_gmt":"2022-03-17T23:42:20","guid":{"rendered":"https:\/\/www.satyanandayoga.com.br\/website\/?page_id=2515"},"modified":"2025-06-13T23:33:36","modified_gmt":"2025-06-14T02:33:36","slug":"proximos_eventos","status":"publish","type":"page","link":"https:\/\/www.satyanandayoga.com.br\/website\/proximos_eventos\/","title":{"rendered":"PR\u00d3XIMOS EVENTOS"},"content":{"rendered":"<section class=\"l-section wpb_row height_medium color_custom with_img parallax_ver with_overlay\" style=\" color: #ffffff;padding-top: 140px !important;padding-bottom: 60px !important;\"><div class=\"l-section-img\" style=\"background-image: url(https:\/\/www.satyanandayoga.com.br\/website\/wp-content\/uploads\/2015\/08\/P1010461-4B-scaled.jpg);\" data-img-width=\"2560\" data-img-height=\"1133\"><\/div><div class=\"l-section-overlay\" style=\"background-color: rgba(0,0,0,0.4)\"><\/div><div class=\"l-section-h i-cf\"><div class=\"g-cols offset_small\"><div class=\"vc_col-sm-12 wpb_column vc_column_container\"><div class=\"vc_column-inner\"><div class=\"wpb_text_column \"><div class=\"wpb_wrapper\">\n<h2 style=\"text-align: center; color: #ffffff; font-size: 40px;\">ATIVIDADES PRESENCIAIS<\/h2>\n<hr style=\"width: 80px; border: 1px solid #ffffff; margin: 10px auto;\">\n<p style=\"text-align: center; color: #ffffff; font-size: 18px;\">PR\u00d3XIMOS EVENTOS<\/p>\n<\/div> <\/div> <\/div><\/div><\/div><\/div><\/section><section class=\"l-section wpb_row height_medium\"><div class=\"l-section-h i-cf\"><div class=\"g-cols offset_small\"><div class=\"vc_col-sm-12 wpb_column vc_column_container\"><div class=\"vc_column-inner\"><div class=\"w-blog layout_cards cols_3 with_isotope masonry\" itemscope=\"itemscope\" itemtype=\"https:\/\/schema.org\/Blog\"><div class=\"w-blog-list\">\r\n\r\n<article class=\"w-blog-post eventos post-4656 post type-post status-publish format-standard has-post-thumbnail hentry category-eventos\" data-id=\"4656\" data-categories=\"eventos\">\r\n\t<div class=\"w-blog-post-h\">\r\n\t\t<a href=\"https:\/\/www.satyanandayoga.com.br\/website\/retiro-semana-santa\/\">\r\n\t\t\t<div class=\"w-blog-post-preview\">\r\n\t\t\t\t<img loading=\"lazy\" decoding=\"async\" width=\"600\" height=\"600\" src=\"https:\/\/www.satyanandayoga.com.br\/website\/wp-content\/uploads\/2026\/03\/ArteLeveza-600x600.jpeg\" class=\"attachment-tnail-masonry size-tnail-masonry wp-post-image\" alt=\"\" srcset=\"https:\/\/www.satyanandayoga.com.br\/website\/wp-content\/uploads\/2026\/03\/ArteLeveza-600x600.jpeg 600w, https:\/\/www.satyanandayoga.com.br\/website\/wp-content\/uploads\/2026\/03\/ArteLeveza-300x300.jpeg 300w, https:\/\/www.satyanandayoga.com.br\/website\/wp-content\/uploads\/2026\/03\/ArteLeveza-1024x1024.jpeg 1024w, https:\/\/www.satyanandayoga.com.br\/website\/wp-content\/uploads\/2026\/03\/ArteLeveza-150x150.jpeg 150w, https:\/\/www.satyanandayoga.com.br\/website\/wp-content\/uploads\/2026\/03\/ArteLeveza-768x768.jpeg 768w, https:\/\/www.satyanandayoga.com.br\/website\/wp-content\/uploads\/2026\/03\/ArteLeveza-350x350.jpeg 350w, https:\/\/www.satyanandayoga.com.br\/website\/wp-content\/uploads\/2026\/03\/ArteLeveza-400x400.jpeg 400w, https:\/\/www.satyanandayoga.com.br\/website\/wp-content\/uploads\/2026\/03\/ArteLeveza-100x100.jpeg 100w, https:\/\/www.satyanandayoga.com.br\/website\/wp-content\/uploads\/2026\/03\/ArteLeveza.jpeg 1080w\" sizes=\"auto, (max-width: 600px) 100vw, 600px\" \/>\t\t\t\t<span class=\"w-blog-post-preview-icon\" style=\"padding-bottom: 66.6667%;\"><\/span>\r\n\t\t\t<\/div>\r\n\t\t<\/a>\r\n\t\t<div class=\"w-blog-post-body\">\r\n\t\t\t<h2 class=\"w-blog-post-title\">\r\n\t\t\t\t<a class=\"entry-title\" rel=\"bookmark\" href=\"https:\/\/www.satyanandayoga.com.br\/website\/retiro-semana-santa\/\">RETIRO NA SEMANA SANTA<\/a>\r\n\t\t\t<\/h2>\r\n\t\t\t<div class=\"w-blog-post-meta\">\r\n\t\t\t\t<time class=\"w-blog-post-meta-date date updated\">17 de mar\u00e7o de 2026<\/time><span class=\"w-blog-post-meta-author vcard author hidden\"><a href=\"https:\/\/www.satyanandayoga.com.br\/website\/author\/amanda-reis\/\" class=\"fn\">Amanda Reis<\/a><\/span>\t\t\t<\/div>\r\n\t\t\t<div class=\"w-blog-post-content\">\r\n\t\t\t\t<p><strong>A Arte de Desapegar com Leveza<\/strong><br \/>\ncom Swami Aghorananda Saraswati e Swami Gangadhara Saraswati<\/p>\n<p>Inscri\u00e7\u00f5es: at\u00e9 dia 28 de mar\u00e7o<br \/>\nData: 3, 4 e 5 de abril de 2026<br \/>\nVagas limitadas<\/p>\n<p>Mais Informa\u00e7\u00f5es: <a href=\"https:\/\/drive.google.com\/file\/d\/1WT_TApllH5Mh5h4nTsj5PFfSHbjbV1nL\/view\" target=\"_blank\" rel=\"noopener\">CLIQUE AQUI<\/a><br \/>\nPara Comprar: <a href=\"https:\/\/www.satyanandayoga.com.br\/website\/produto\/retiro-semana-santa\/\" target=\"_blank\" rel=\"noopener\">CLIQUE AQUI<\/a><\/p>\n\t\t\t<\/div>\r\n\t\t<\/div>\r\n\t<\/div>\r\n<\/article>\r\n\r\n\r\n\r\n<article class=\"w-blog-post eventos post-4630 post type-post status-publish format-standard has-post-thumbnail hentry category-eventos\" data-id=\"4630\" data-categories=\"eventos\">\r\n\t<div class=\"w-blog-post-h\">\r\n\t\t<a href=\"https:\/\/www.satyanandayoga.com.br\/website\/qualificacao-hatha-yoga\/\">\r\n\t\t\t<div class=\"w-blog-post-preview\">\r\n\t\t\t\t<img loading=\"lazy\" decoding=\"async\" width=\"600\" height=\"603\" src=\"https:\/\/www.satyanandayoga.com.br\/website\/wp-content\/uploads\/2026\/02\/hata_yoga-600x603.jpg\" class=\"attachment-tnail-masonry size-tnail-masonry wp-post-image\" alt=\"\" srcset=\"https:\/\/www.satyanandayoga.com.br\/website\/wp-content\/uploads\/2026\/02\/hata_yoga-600x603.jpg 600w, https:\/\/www.satyanandayoga.com.br\/website\/wp-content\/uploads\/2026\/02\/hata_yoga-298x300.jpg 298w, https:\/\/www.satyanandayoga.com.br\/website\/wp-content\/uploads\/2026\/02\/hata_yoga-1018x1024.jpg 1018w, https:\/\/www.satyanandayoga.com.br\/website\/wp-content\/uploads\/2026\/02\/hata_yoga-150x150.jpg 150w, https:\/\/www.satyanandayoga.com.br\/website\/wp-content\/uploads\/2026\/02\/hata_yoga-768x772.jpg 768w, https:\/\/www.satyanandayoga.com.br\/website\/wp-content\/uploads\/2026\/02\/hata_yoga-400x402.jpg 400w, https:\/\/www.satyanandayoga.com.br\/website\/wp-content\/uploads\/2026\/02\/hata_yoga-100x100.jpg 100w, https:\/\/www.satyanandayoga.com.br\/website\/wp-content\/uploads\/2026\/02\/hata_yoga.jpg 1080w\" sizes=\"auto, (max-width: 600px) 100vw, 600px\" \/>\t\t\t\t<span class=\"w-blog-post-preview-icon\" style=\"padding-bottom: 66.6667%;\"><\/span>\r\n\t\t\t<\/div>\r\n\t\t<\/a>\r\n\t\t<div class=\"w-blog-post-body\">\r\n\t\t\t<h2 class=\"w-blog-post-title\">\r\n\t\t\t\t<a class=\"entry-title\" rel=\"bookmark\" href=\"https:\/\/www.satyanandayoga.com.br\/website\/qualificacao-hatha-yoga\/\">QUALIFICA\u00c7\u00c3O HATHA YOGA<\/a>\r\n\t\t\t<\/h2>\r\n\t\t\t<div class=\"w-blog-post-meta\">\r\n\t\t\t\t<time class=\"w-blog-post-meta-date date updated\">5 de fevereiro de 2026<\/time><span class=\"w-blog-post-meta-author vcard author hidden\"><a href=\"https:\/\/www.satyanandayoga.com.br\/website\/author\/luciana\/\" class=\"fn\">luciana<\/a><\/span>\t\t\t<\/div>\r\n\t\t\t<div class=\"w-blog-post-content\">\r\n\t\t\t\t<p>ESTUDOS TE\u00d3RICO-PR\u00c1TICOS<br \/>\nFormato h\u00edbrido (online ao vivo, remoto e imers\u00e3o)<\/p>\n<p>Inscri\u00e7\u00f5es: at\u00e9 07 de abril de 2026<br \/>\nIn\u00edcio do curso: 14 de abril de 2026<br \/>\nConclus\u00e3o do curso: Out\/nov 2026<\/p>\n<p>Mais Informa\u00e7\u00f5es: <a href=\"https:\/\/drive.google.com\/file\/d\/1nHIcCx9fe8TS5Ujl0PCDG6f-9VIgnXk0\/view\" target=\"_blank\" rel=\"noopener\">CLIQUE AQUI<\/a><br \/>\nPara Comprar: <a href=\"https:\/\/www.satyanandayoga.com.br\/website\/produto\/qualificacao-hata-yoga\/\" target=\"_blank\" rel=\"noopener\">CLIQUE AQUI<\/a><\/p>\n\t\t\t<\/div>\r\n\t\t<\/div>\r\n\t<\/div>\r\n<\/article>\r\n\r\n\r\n\r\n<article class=\"w-blog-post eventos post-4602 post type-post status-publish format-standard has-post-thumbnail hentry category-eventos\" data-id=\"4602\" data-categories=\"eventos\">\r\n\t<div class=\"w-blog-post-h\">\r\n\t\t<a href=\"https:\/\/www.satyanandayoga.com.br\/website\/estudo-especializado-em-yoga-para-mulheres\/\">\r\n\t\t\t<div class=\"w-blog-post-preview\">\r\n\t\t\t\t<img loading=\"lazy\" decoding=\"async\" width=\"600\" height=\"600\" src=\"https:\/\/www.satyanandayoga.com.br\/website\/wp-content\/uploads\/2026\/01\/YogaMulheres1-600x600.jpg\" class=\"attachment-tnail-masonry size-tnail-masonry wp-post-image\" alt=\"\" srcset=\"https:\/\/www.satyanandayoga.com.br\/website\/wp-content\/uploads\/2026\/01\/YogaMulheres1-600x600.jpg 600w, https:\/\/www.satyanandayoga.com.br\/website\/wp-content\/uploads\/2026\/01\/YogaMulheres1-300x300.jpg 300w, https:\/\/www.satyanandayoga.com.br\/website\/wp-content\/uploads\/2026\/01\/YogaMulheres1-1024x1024.jpg 1024w, https:\/\/www.satyanandayoga.com.br\/website\/wp-content\/uploads\/2026\/01\/YogaMulheres1-150x150.jpg 150w, https:\/\/www.satyanandayoga.com.br\/website\/wp-content\/uploads\/2026\/01\/YogaMulheres1-768x768.jpg 768w, https:\/\/www.satyanandayoga.com.br\/website\/wp-content\/uploads\/2026\/01\/YogaMulheres1-350x350.jpg 350w, https:\/\/www.satyanandayoga.com.br\/website\/wp-content\/uploads\/2026\/01\/YogaMulheres1-400x400.jpg 400w, https:\/\/www.satyanandayoga.com.br\/website\/wp-content\/uploads\/2026\/01\/YogaMulheres1-100x100.jpg 100w, https:\/\/www.satyanandayoga.com.br\/website\/wp-content\/uploads\/2026\/01\/YogaMulheres1.jpg 1080w\" sizes=\"auto, (max-width: 600px) 100vw, 600px\" \/>\t\t\t\t<span class=\"w-blog-post-preview-icon\" style=\"padding-bottom: 66.6667%;\"><\/span>\r\n\t\t\t<\/div>\r\n\t\t<\/a>\r\n\t\t<div class=\"w-blog-post-body\">\r\n\t\t\t<h2 class=\"w-blog-post-title\">\r\n\t\t\t\t<a class=\"entry-title\" rel=\"bookmark\" href=\"https:\/\/www.satyanandayoga.com.br\/website\/estudo-especializado-em-yoga-para-mulheres\/\">Estudo especializado em Yoga para Mulheres<\/a>\r\n\t\t\t<\/h2>\r\n\t\t\t<div class=\"w-blog-post-meta\">\r\n\t\t\t\t<time class=\"w-blog-post-meta-date date updated\">8 de janeiro de 2026<\/time><span class=\"w-blog-post-meta-author vcard author hidden\"><a href=\"https:\/\/www.satyanandayoga.com.br\/website\/author\/luciana\/\" class=\"fn\">luciana<\/a><\/span>\t\t\t<\/div>\r\n\t\t\t<div class=\"w-blog-post-content\">\r\n\t\t\t\t<p>por Swami Gangadhara Saraswati<br \/>\n&#8211; Online &#8211;<\/p>\n<p>In\u00edcio: 09 de maio de 2026<br \/>\nT\u00e9rmino: 15 de agosto de 2026<br \/>\nAulas aos s\u00e1bados, de 8h00 \u00e0s 10h00 a.m<\/p>\n<p>Mais Informa\u00e7\u00f5es:\u00a0<a href=\"https:\/\/drive.google.com\/file\/d\/1oNv6R6NgE0idr-sP3whjvnsUH8Goijfx\/view?usp=sharing\" target=\"_blank\" rel=\"noopener\">CLIQUE AQUI<\/a><br \/>\nPara Comprar: <a href=\"https:\/\/www.satyanandayoga.com.br\/website\/produto\/estudo-especializado-em-yoga-para-mulheres\/\" target=\"_blank\" rel=\"noopener\">CLIQUE AQUI<\/a><\/p>\n\t\t\t<\/div>\r\n\t\t<\/div>\r\n\t<\/div>\r\n<\/article>\r\n\r\n\r\n\r\n<article class=\"w-blog-post eventos post-2777 post type-post status-publish format-standard has-post-thumbnail hentry category-eventos\" data-id=\"2777\" data-categories=\"eventos\">\r\n\t<div class=\"w-blog-post-h\">\r\n\t\t<a href=\"https:\/\/www.satyanandayoga.com.br\/website\/sabado-de-yoga\/\">\r\n\t\t\t<div class=\"w-blog-post-preview\">\r\n\t\t\t\t<img loading=\"lazy\" decoding=\"async\" width=\"600\" height=\"600\" src=\"https:\/\/www.satyanandayoga.com.br\/website\/wp-content\/uploads\/2022\/04\/1-600x600.png\" class=\"attachment-tnail-masonry size-tnail-masonry wp-post-image\" alt=\"\" srcset=\"https:\/\/www.satyanandayoga.com.br\/website\/wp-content\/uploads\/2022\/04\/1-600x600.png 600w, https:\/\/www.satyanandayoga.com.br\/website\/wp-content\/uploads\/2022\/04\/1-300x300.png 300w, https:\/\/www.satyanandayoga.com.br\/website\/wp-content\/uploads\/2022\/04\/1-1024x1024.png 1024w, https:\/\/www.satyanandayoga.com.br\/website\/wp-content\/uploads\/2022\/04\/1-150x150.png 150w, https:\/\/www.satyanandayoga.com.br\/website\/wp-content\/uploads\/2022\/04\/1-768x768.png 768w, https:\/\/www.satyanandayoga.com.br\/website\/wp-content\/uploads\/2022\/04\/1-350x350.png 350w, https:\/\/www.satyanandayoga.com.br\/website\/wp-content\/uploads\/2022\/04\/1-400x400.png 400w, https:\/\/www.satyanandayoga.com.br\/website\/wp-content\/uploads\/2022\/04\/1-100x100.png 100w, https:\/\/www.satyanandayoga.com.br\/website\/wp-content\/uploads\/2022\/04\/1.png 1080w\" sizes=\"auto, (max-width: 600px) 100vw, 600px\" \/>\t\t\t\t<span class=\"w-blog-post-preview-icon\" style=\"padding-bottom: 66.6667%;\"><\/span>\r\n\t\t\t<\/div>\r\n\t\t<\/a>\r\n\t\t<div class=\"w-blog-post-body\">\r\n\t\t\t<h2 class=\"w-blog-post-title\">\r\n\t\t\t\t<a class=\"entry-title\" rel=\"bookmark\" href=\"https:\/\/www.satyanandayoga.com.br\/website\/sabado-de-yoga\/\">S\u00e1bado de Yoga<\/a>\r\n\t\t\t<\/h2>\r\n\t\t\t<div class=\"w-blog-post-meta\">\r\n\t\t\t\t<time class=\"w-blog-post-meta-date date updated\">15 de abril de 2024<\/time><span class=\"w-blog-post-meta-author vcard author hidden\"><a href=\"https:\/\/www.satyanandayoga.com.br\/website\/author\/luciana\/\" class=\"fn\">luciana<\/a><\/span>\t\t\t<\/div>\r\n\t\t\t<div class=\"w-blog-post-content\">\r\n\t\t\t\t<p>Venha desfrutar de um dia de experi\u00eancias auspiciosas na Casa do Guru.<\/p>\n<p>Data: Todo Primeiro S\u00e1bado do M\u00eas.<\/p>\n<p>PROGRAMA: Aula de Yoga &#8211; Karma Yoga &#8211; Yoga Nidra &#8211; Mantra da Cura<\/p>\n<p>Para mais informa\u00e7\u00f5es\u00a0<a href=\"https:\/\/drive.google.com\/file\/d\/13-YJSFHqLN_F0Vn0gOmwDglUJsUMFH3L\/view?usp=sharing\"> CLIQUE AQUI<\/a><br \/>\nPARA COMPRAR <a href=\"https:\/\/www.satyanandayoga.com.br\/website\/produto\/sabado-de-yoga-na-casa-do-guru\/\">CLIQUE AQUI<\/a><\/p>\n\t\t\t<\/div>\r\n\t\t<\/div>\r\n\t<\/div>\r\n<\/article>\r\n\r\n<\/div><\/div><\/div><\/div><\/div><\/div><\/section>\n","protected":false},"excerpt":{"rendered":"","protected":false},"author":3,"featured_media":0,"parent":0,"menu_order":0,"comment_status":"closed","ping_status":"closed","template":"","meta":{"footnotes":""},"class_list":["post-2515","page","type-page","status-publish","hentry"],"_links":{"self":[{"href":"https:\/\/www.satyanandayoga.com.br\/website\/wp-json\/wp\/v2\/pages\/2515","targetHints":{"allow":["GET"]}}],"collection":[{"href":"https:\/\/www.satyanandayoga.com.br\/website\/wp-json\/wp\/v2\/pages"}],"about":[{"href":"https:\/\/www.satyanandayoga.com.br\/website\/wp-json\/wp\/v2\/types\/page"}],"author":[{"embeddable":true,"href":"https:\/\/www.satyanandayoga.com.br\/website\/wp-json\/wp\/v2\/users\/3"}],"replies":[{"embeddable":true,"href":"https:\/\/www.satyanandayoga.com.br\/website\/wp-json\/wp\/v2\/comments?post=2515"}],"version-history":[{"count":21,"href":"https:\/\/www.satyanandayoga.com.br\/website\/wp-json\/wp\/v2\/pages\/2515\/revisions"}],"predecessor-version":[{"id":4385,"href":"https:\/\/www.satyanandayoga.com.br\/website\/wp-json\/wp\/v2\/pages\/2515\/revisions\/4385"}],"wp:attachment":[{"href":"https:\/\/www.satyanandayoga.com.br\/website\/wp-json\/wp\/v2\/media?parent=2515"}],"curies":[{"name":"wp","href":"https:\/\/api.w.org\/{rel}","templated":true}]}}