{"id":2536,"date":"2022-03-18T11:20:39","date_gmt":"2022-03-18T14:20:39","guid":{"rendered":"https:\/\/www.satyanandayoga.com.br\/website\/?page_id=2536"},"modified":"2025-06-13T23:35:10","modified_gmt":"2025-06-14T02:35:10","slug":"yoga-para-criancas","status":"publish","type":"page","link":"https:\/\/www.satyanandayoga.com.br\/website\/yoga-para-criancas\/","title":{"rendered":"YOGA PARA CRIAN\u00c7AS"},"content":{"rendered":"<section class=\"l-section wpb_row height_medium color_custom with_img parallax_ver with_overlay\" style=\" color: #ffffff;padding-top: 140px !important;padding-bottom: 60px !important;\"><div class=\"l-section-img\" style=\"background-image: url(https:\/\/www.satyanandayoga.com.br\/website\/wp-content\/uploads\/2015\/08\/P1010461-4B-scaled.jpg);\" data-img-width=\"2560\" data-img-height=\"1133\"><\/div><div class=\"l-section-overlay\" style=\"background-color: rgba(0,0,0,0.4)\"><\/div><div class=\"l-section-h i-cf\"><div class=\"g-cols offset_small\"><div class=\"vc_col-sm-12 wpb_column vc_column_container\"><div class=\"vc_column-inner\"><div class=\"wpb_text_column \"><div class=\"wpb_wrapper\">\n<h2 style=\"text-align: center; color: #ffffff; font-size: 40px;\">ATIVIDADES PRESENCIAIS<\/h2>\n<hr style=\"width: 80px; border: 1px solid #ffffff; margin: 10px auto;\">\n<p style=\"text-align: center; color: #ffffff; font-size: 18px;\">YOGA PARA CRIAN\u00c7AS<\/p>\n<\/div> <\/div> <\/div><\/div><\/div><\/div><\/section><section class=\"l-section wpb_row height_medium\"><div class=\"l-section-h i-cf\"><div class=\"g-cols offset_small valign_top\"><div class=\"vc_col-sm-6 wpb_column vc_column_container\"><div class=\"vc_column-inner\"><div class=\"w-image  align_center\"><img loading=\"lazy\" decoding=\"async\" width=\"1024\" height=\"762\" src=\"https:\/\/www.satyanandayoga.com.br\/website\/wp-content\/uploads\/2022\/03\/2-1024x762.jpeg\" class=\"attachment-large size-large\" alt=\"\" srcset=\"https:\/\/www.satyanandayoga.com.br\/website\/wp-content\/uploads\/2022\/03\/2-1024x762.jpeg 1024w, https:\/\/www.satyanandayoga.com.br\/website\/wp-content\/uploads\/2022\/03\/2-300x223.jpeg 300w, https:\/\/www.satyanandayoga.com.br\/website\/wp-content\/uploads\/2022\/03\/2-768x571.jpeg 768w, https:\/\/www.satyanandayoga.com.br\/website\/wp-content\/uploads\/2022\/03\/2-1536x1142.jpeg 1536w, https:\/\/www.satyanandayoga.com.br\/website\/wp-content\/uploads\/2022\/03\/2-600x446.jpeg 600w, https:\/\/www.satyanandayoga.com.br\/website\/wp-content\/uploads\/2022\/03\/2-400x298.jpeg 400w, https:\/\/www.satyanandayoga.com.br\/website\/wp-content\/uploads\/2022\/03\/2.jpeg 1600w\" sizes=\"auto, (max-width: 1024px) 100vw, 1024px\" \/><\/div><\/div><\/div><div class=\"vc_col-sm-6 wpb_column vc_column_container\"><div class=\"vc_column-inner\"><div class=\"wpb_text_column \"><div class=\"wpb_wrapper\">\n<h5 style=\"margin-bottom: 10px;\">AULAS DE YOGA PARA CRIAN\u00c7AS<br \/>\n(Individual ou coletivas em condom\u00ednios)<\/h5>\n<p>O Yoga leva as crian\u00e7as a adotarem bons h\u00e1bitos de postura, ensina a respirar de modo correto, equilibra o sistema nervoso, ativa a confian\u00e7a interior e aumenta a auto-estima. A pr\u00e1tica do Yoga ensina o cultivo da aten\u00e7\u00e3o e trabalha tamb\u00e9m a dimens\u00e3o espiritual da crian\u00e7a.<\/p>\n<p>Buscando facilitar os transtornos com deslocamento, tempo e tr\u00e2nsito oferecemos a possibilidade de irmos at\u00e9 \u00e0s crian\u00e7as podendo ser no formato individual ou coletivo em pr\u00e9dios e condom\u00ednios.<\/p>\n<p>Nosso desejo \u00e9 que todas elas possam ser felizes e amadas.<\/p>\n<p>Informe-se pelo <a href=\"https:\/\/api.whatsapp.com\/send\/?phone=5531985812869&amp;text&amp;app_absent=0\" target=\"_blank\" rel=\"noopener\">WhatsApp (31) 98581-2869<\/a><\/div> <\/div> <\/div><\/div><\/div><\/div><\/section>\n","protected":false},"excerpt":{"rendered":"","protected":false},"author":3,"featured_media":0,"parent":0,"menu_order":0,"comment_status":"closed","ping_status":"closed","template":"","meta":{"footnotes":""},"class_list":["post-2536","page","type-page","status-publish","hentry"],"_links":{"self":[{"href":"https:\/\/www.satyanandayoga.com.br\/website\/wp-json\/wp\/v2\/pages\/2536","targetHints":{"allow":["GET"]}}],"collection":[{"href":"https:\/\/www.satyanandayoga.com.br\/website\/wp-json\/wp\/v2\/pages"}],"about":[{"href":"https:\/\/www.satyanandayoga.com.br\/website\/wp-json\/wp\/v2\/types\/page"}],"author":[{"embeddable":true,"href":"https:\/\/www.satyanandayoga.com.br\/website\/wp-json\/wp\/v2\/users\/3"}],"replies":[{"embeddable":true,"href":"https:\/\/www.satyanandayoga.com.br\/website\/wp-json\/wp\/v2\/comments?post=2536"}],"version-history":[{"count":9,"href":"https:\/\/www.satyanandayoga.com.br\/website\/wp-json\/wp\/v2\/pages\/2536\/revisions"}],"predecessor-version":[{"id":4387,"href":"https:\/\/www.satyanandayoga.com.br\/website\/wp-json\/wp\/v2\/pages\/2536\/revisions\/4387"}],"wp:attachment":[{"href":"https:\/\/www.satyanandayoga.com.br\/website\/wp-json\/wp\/v2\/media?parent=2536"}],"curies":[{"name":"wp","href":"https:\/\/api.w.org\/{rel}","templated":true}]}}