{"id":2544,"date":"2022-03-18T11:41:40","date_gmt":"2022-03-18T14:41:40","guid":{"rendered":"https:\/\/www.satyanandayoga.com.br\/website\/?page_id=2544"},"modified":"2026-02-01T12:29:25","modified_gmt":"2026-02-01T15:29:25","slug":"sabado-de-yoga","status":"publish","type":"page","link":"https:\/\/www.satyanandayoga.com.br\/website\/sabado-de-yoga\/","title":{"rendered":"S\u00c1BADO DE YOGA"},"content":{"rendered":"<section class=\"l-section wpb_row height_medium color_custom with_img parallax_ver with_overlay\" style=\" color: #ffffff;padding-top: 140px !important;padding-bottom: 60px !important;\"><div class=\"l-section-img\" style=\"background-image: url(https:\/\/www.satyanandayoga.com.br\/website\/wp-content\/uploads\/2015\/08\/P1010461-4B-scaled.jpg);\" data-img-width=\"2560\" data-img-height=\"1133\"><\/div><div class=\"l-section-overlay\" style=\"background-color: rgba(0,0,0,0.4)\"><\/div><div class=\"l-section-h i-cf\"><div class=\"g-cols offset_small\"><div class=\"vc_col-sm-12 wpb_column vc_column_container\"><div class=\"vc_column-inner\"><div class=\"wpb_text_column \"><div class=\"wpb_wrapper\">\n<h2 style=\"text-align: center; color: #ffffff; font-size: 40px;\">ATIVIDADES PRESENCIAIS<\/h2>\n<hr style=\"width: 80px; border: 1px solid #ffffff; margin: 10px auto;\" \/>\n<p style=\"text-align: center; color: #ffffff; font-size: 18px;\">S\u00c1BADO DE YOGA<\/p>\n<\/div> <\/div> <\/div><\/div><\/div><\/div><\/section><section class=\"l-section wpb_row height_medium\"><div class=\"l-section-h i-cf\"><div class=\"g-cols offset_small valign_top\"><div class=\"vc_col-sm-6 wpb_column vc_column_container\"><div class=\"vc_column-inner\"><div class=\"w-image  align_center\"><img loading=\"lazy\" decoding=\"async\" width=\"592\" height=\"582\" src=\"https:\/\/www.satyanandayoga.com.br\/website\/wp-content\/uploads\/2022\/03\/sabado.jpg\" class=\"attachment-large size-large\" alt=\"\" srcset=\"https:\/\/www.satyanandayoga.com.br\/website\/wp-content\/uploads\/2022\/03\/sabado.jpg 592w, https:\/\/www.satyanandayoga.com.br\/website\/wp-content\/uploads\/2022\/03\/sabado-300x295.jpg 300w, https:\/\/www.satyanandayoga.com.br\/website\/wp-content\/uploads\/2022\/03\/sabado-400x393.jpg 400w\" sizes=\"auto, (max-width: 592px) 100vw, 592px\" \/><\/div><\/div><\/div><div class=\"vc_col-sm-6 wpb_column vc_column_container\"><div class=\"vc_column-inner\"><div class=\"wpb_text_column \"><div class=\"wpb_wrapper\">\n<h5 style=\"margin-bottom: 10px;\">S\u00c1BADO DE YOGA NA CASA DO GURU<\/h5>\n<p>Programe-se para estar conosco, todo primeiro s\u00e1bado do m\u00eas, para um dia de trocas positivas, aprendizado, descanso e boas vibra\u00e7\u00f5es.<br \/>\nAcesse os detalhes da programa\u00e7\u00e3o no link abaixo:<br \/>\n<a href=\"https:\/\/drive.google.com\/file\/d\/13-YJSFHqLN_F0Vn0gOmwDglUJsUMFH3L\/view?usp=sharing\" target=\"_blank\" rel=\"noopener\"><strong>CLIQUE AQUI &gt;&gt;<\/strong><\/a><\/p>\n<p>PARA COMPRAR\u00a0<a href=\"https:\/\/www.satyanandayoga.com.br\/website\/produto\/sabado-de-yoga-na-casa-do-guru\/\">CLIQUE AQUI<\/a><\/div> <\/div> <\/div><\/div><\/div><\/div><\/section>\n","protected":false},"excerpt":{"rendered":"","protected":false},"author":3,"featured_media":0,"parent":0,"menu_order":0,"comment_status":"closed","ping_status":"closed","template":"","meta":{"footnotes":""},"class_list":["post-2544","page","type-page","status-publish","hentry"],"_links":{"self":[{"href":"https:\/\/www.satyanandayoga.com.br\/website\/wp-json\/wp\/v2\/pages\/2544","targetHints":{"allow":["GET"]}}],"collection":[{"href":"https:\/\/www.satyanandayoga.com.br\/website\/wp-json\/wp\/v2\/pages"}],"about":[{"href":"https:\/\/www.satyanandayoga.com.br\/website\/wp-json\/wp\/v2\/types\/page"}],"author":[{"embeddable":true,"href":"https:\/\/www.satyanandayoga.com.br\/website\/wp-json\/wp\/v2\/users\/3"}],"replies":[{"embeddable":true,"href":"https:\/\/www.satyanandayoga.com.br\/website\/wp-json\/wp\/v2\/comments?post=2544"}],"version-history":[{"count":14,"href":"https:\/\/www.satyanandayoga.com.br\/website\/wp-json\/wp\/v2\/pages\/2544\/revisions"}],"predecessor-version":[{"id":4627,"href":"https:\/\/www.satyanandayoga.com.br\/website\/wp-json\/wp\/v2\/pages\/2544\/revisions\/4627"}],"wp:attachment":[{"href":"https:\/\/www.satyanandayoga.com.br\/website\/wp-json\/wp\/v2\/media?parent=2544"}],"curies":[{"name":"wp","href":"https:\/\/api.w.org\/{rel}","templated":true}]}}