{"id":268,"date":"2015-08-23T19:53:03","date_gmt":"2015-08-23T19:53:03","guid":{"rendered":"http:\/\/umpra20.com.br\/satyananda\/?page_id=268"},"modified":"2024-02-07T11:12:24","modified_gmt":"2024-02-07T14:12:24","slug":"quadro-de-horarios","status":"publish","type":"page","link":"https:\/\/www.satyanandayoga.com.br\/website\/quadro-de-horarios\/","title":{"rendered":"QUADRO DE HOR\u00c1RIOS"},"content":{"rendered":"<section class=\"l-section wpb_row height_medium color_custom with_img parallax_ver with_overlay\" style=\" color: #ffffff;padding-top: 140px !important;padding-bottom: 60px !important;\"><div class=\"l-section-img\" style=\"background-image: url(https:\/\/www.satyanandayoga.com.br\/website\/wp-content\/uploads\/2015\/08\/P1010461-4B-scaled.jpg);\" data-img-width=\"2560\" data-img-height=\"1133\"><\/div><div class=\"l-section-overlay\" style=\"background-color: rgba(0,0,0,0.4)\"><\/div><div class=\"l-section-h i-cf\"><div class=\"g-cols offset_small\"><div class=\"vc_col-sm-12 wpb_column vc_column_container\"><div class=\"vc_column-inner\">[ultimate_heading main_heading=&#8221;AULAS REGULARES&#8221; main_heading_color=&#8221;#ffffff&#8221; heading_tag=&#8221;h3&#8243; sub_heading_color=&#8221;#ffffff&#8221; spacer=&#8221;line_only&#8221; spacer_position=&#8221;middle&#8221; line_height=&#8221;1&#8243; line_color=&#8221;#ffffff&#8221; main_heading_font_size=&#8221;desktop:40px;&#8221; main_heading_line_height=&#8221;desktop:80px;&#8221; sub_heading_font_size=&#8221;desktop:18px;&#8221; sub_heading_line_height=&#8221;desktop:80px;&#8221;]VEJA OS HOR\u00c1RIOS DAS NOSSAS AULAS[\/ultimate_heading]<\/div><\/div><\/div><\/div><\/section><section class=\"l-section wpb_row height_medium\"><div class=\"l-section-h i-cf\"><div class=\"g-cols offset_small\"><div class=\"vc_col-sm-2 wpb_column vc_column_container\"><div class=\"vc_column-inner\">[vc_empty_space height=&#8221;1px&#8221;]<\/div><\/div><div class=\"vc_col-sm-8 wpb_column vc_column_container\"><div class=\"vc_column-inner\"><div class=\"wpb_text_column \"><div class=\"wpb_wrapper\"><p>Oferecemos aulas de Satyananda Yoga de segunda a s\u00e1bado. As aulas s\u00e3o compostas por exerc\u00edcios psicof\u00edsicos exerc\u00edcios de amplia\u00e7\u00e3o da capacidade pulmonar, t\u00e9cnica de relaxamento profundo e exerc\u00edcios de concentra\u00e7\u00e3o. <strong>Entre em contato para se informar sobre novos hor\u00e1rios na pandemia. 98581-2869 (Whatsapp)<\/strong><br \/>\n<strong>Yoga para adultos:<\/strong>\u00a0De segunda a s\u00e1bado<\/p>\n<p><strong>Yoga para crian\u00e7as:<\/strong>\u00a0 \u00a0&#8211;<\/p>\n<p><strong>Yoga para terceira idade:<\/strong> quinta \u00e0s 9:30.<\/p>\n<p><strong>Aula Espec\u00edfica de Relaxamento Profundo:<\/strong> entre em contato para verificar o hor\u00e1rio do semestre<\/p>\n<p><strong>Aulas de Medita\u00e7\u00e3o:<\/strong> entre em contato para verificar o hor\u00e1rio do semestre.<\/p>\n<p><strong>Yoga para gestantes:<\/strong> s\u00e1bado \u00e0s 10:30<\/p>\n<p><strong>Yoga para pessoas com necessidades especiais:<\/strong>\u00a0hor\u00e1rios a combinar<\/p><\/div> <\/div> [vc_empty_space]<div class=\"g-cols wpb_row offset_small vc_inner\"><div class=\"vc_col-sm-12 wpb_column vc_column_container\"><div class=\"vc_column-inner\"><div class=\"wpb_text_column \"><div class=\"wpb_wrapper\">\n<h5 style=\"text-align: center; color: #fff;\">QUADRO DE HOR\u00c1RIOS<\/h5>\n<\/div> <\/div> <\/div><\/div><\/div><div class=\"g-cols wpb_row offset_small vc_inner\"><div class=\"vc_col-sm-2 wpb_column vc_column_container\"><div class=\"vc_column-inner\"><div class=\"wpb_text_column \"><div class=\"wpb_wrapper\">\n<p style=\"text-align: center; color: #6e5244;\"><strong>SEGUNDA<\/strong><br \/>\n19:00<\/p>\n<\/div> <\/div> <\/div><\/div><div class=\"vc_col-sm-2 wpb_column vc_column_container\"><div class=\"vc_column-inner\"><div class=\"wpb_text_column \"><div class=\"wpb_wrapper\">\n<p style=\"text-align: center; color: #6e5244;\"><strong>TER\u00c7A<\/strong><br \/>\n09:00<\/p>\n<\/div> <\/div> <\/div><\/div><div class=\"vc_col-sm-2 wpb_column vc_column_container\"><div class=\"vc_column-inner\"><div class=\"wpb_text_column \"><div class=\"wpb_wrapper\">\n<p style=\"text-align: center; color: #6e5244;\"><strong>QUARTA<\/strong><br \/>\n19:00<\/p>\n<\/div> <\/div> <\/div><\/div><div class=\"vc_col-sm-2 wpb_column vc_column_container\"><div class=\"vc_column-inner\"><div class=\"wpb_text_column \"><div class=\"wpb_wrapper\">\n<p style=\"text-align: center; color: #6e5244;\"><strong>QUINTA<\/strong><br \/>\n07:30<br \/>\n09:00<br \/>\n17:00<\/p>\n<\/div> <\/div> <\/div><\/div><div class=\"vc_col-sm-2 wpb_column vc_column_container\"><div class=\"vc_column-inner\"><div class=\"wpb_text_column \"><div class=\"wpb_wrapper\">\n<p style=\"text-align: center; color: #6e5244;\"><strong>SEXTA<\/strong><br \/>\n&#8211;<\/p>\n<\/div> <\/div> <\/div><\/div><div class=\"vc_col-sm-2 wpb_column vc_column_container\"><div class=\"vc_column-inner\"><div class=\"wpb_text_column \"><div class=\"wpb_wrapper\">\n<p style=\"text-align: center; color: #6e5244;\"><strong>S\u00c1BADO<\/strong><\/p>\n<p style=\"text-align: center; color: #6e5244;\">09:00<\/p>\n<\/div> <\/div> <\/div><\/div><\/div><div class=\"wpb_text_column \"><div class=\"wpb_wrapper\">\n<p>Eu sou um bloco de texto. Clique no bot\u00e3o Editar (L\u00e1pis) para alterar o conte\u00fado deste elemento.<\/p>\n<\/div> <\/div> <\/div><\/div><div class=\"vc_col-sm-2 wpb_column vc_column_container\"><div class=\"vc_column-inner\">[vc_empty_space height=&#8221;1px&#8221;]<\/div><\/div><\/div><\/div><\/section>\n","protected":false},"excerpt":{"rendered":"","protected":false},"author":1809,"featured_media":0,"parent":0,"menu_order":0,"comment_status":"closed","ping_status":"closed","template":"","meta":{"footnotes":""},"class_list":["post-268","page","type-page","status-publish","hentry"],"_links":{"self":[{"href":"https:\/\/www.satyanandayoga.com.br\/website\/wp-json\/wp\/v2\/pages\/268","targetHints":{"allow":["GET"]}}],"collection":[{"href":"https:\/\/www.satyanandayoga.com.br\/website\/wp-json\/wp\/v2\/pages"}],"about":[{"href":"https:\/\/www.satyanandayoga.com.br\/website\/wp-json\/wp\/v2\/types\/page"}],"author":[{"embeddable":true,"href":"https:\/\/www.satyanandayoga.com.br\/website\/wp-json\/wp\/v2\/users\/1809"}],"replies":[{"embeddable":true,"href":"https:\/\/www.satyanandayoga.com.br\/website\/wp-json\/wp\/v2\/comments?post=268"}],"version-history":[{"count":8,"href":"https:\/\/www.satyanandayoga.com.br\/website\/wp-json\/wp\/v2\/pages\/268\/revisions"}],"predecessor-version":[{"id":3767,"href":"https:\/\/www.satyanandayoga.com.br\/website\/wp-json\/wp\/v2\/pages\/268\/revisions\/3767"}],"wp:attachment":[{"href":"https:\/\/www.satyanandayoga.com.br\/website\/wp-json\/wp\/v2\/media?parent=268"}],"curies":[{"name":"wp","href":"https:\/\/api.w.org\/{rel}","templated":true}]}}