{"id":2736,"date":"2022-03-25T17:10:41","date_gmt":"2022-03-25T20:10:41","guid":{"rendered":"https:\/\/www.satyanandayoga.com.br\/website\/?page_id=2736"},"modified":"2025-06-14T00:33:07","modified_gmt":"2025-06-14T03:33:07","slug":"viagem-india","status":"publish","type":"page","link":"https:\/\/www.satyanandayoga.com.br\/website\/viagem-india\/","title":{"rendered":"VIAGEM INDIA"},"content":{"rendered":"<section class=\"l-section wpb_row height_medium color_custom with_img parallax_ver with_overlay\" style=\" color: #ffffff;padding-top: 140px !important;padding-bottom: 60px !important;\"><div class=\"l-section-img\" style=\"background-image: url(https:\/\/www.satyanandayoga.com.br\/website\/wp-content\/uploads\/2015\/08\/P1010461-4B-scaled.jpg);\" data-img-width=\"2560\" data-img-height=\"1133\"><\/div><div class=\"l-section-overlay\" style=\"background-color: rgba(0,0,0,0.4)\"><\/div><div class=\"l-section-h i-cf\"><div class=\"g-cols offset_small\"><div class=\"vc_col-sm-12 wpb_column vc_column_container\"><div class=\"vc_column-inner\"><div class=\"wpb_text_column \"><div class=\"wpb_wrapper\">\n<h2 style=\"text-align: center; color: #ffffff; font-size: 40px;\">ATIVIDADES PRESENCIAIS<\/h2>\n<hr style=\"width: 80px; border: 1px solid #ffffff; margin: 10px auto;\" \/>\n<p style=\"text-align: center; color: #ffffff; font-size: 18px;\">CURSOS E VIV\u00caNCIAS<\/p>\n<\/div> <\/div> <\/div><\/div><\/div><\/div><\/section><section class=\"l-section wpb_row height_medium\"><div class=\"l-section-h i-cf\"><div class=\"g-cols offset_small valign_bottom\"><div class=\"vc_col-sm-6 wpb_column vc_column_container\"><div class=\"vc_column-inner\"><div class=\"w-image \"><img loading=\"lazy\" decoding=\"async\" width=\"800\" height=\"533\" src=\"https:\/\/www.satyanandayoga.com.br\/website\/wp-content\/uploads\/2022\/03\/viagem.jpg\" class=\"attachment-large size-large\" alt=\"\" srcset=\"https:\/\/www.satyanandayoga.com.br\/website\/wp-content\/uploads\/2022\/03\/viagem.jpg 800w, https:\/\/www.satyanandayoga.com.br\/website\/wp-content\/uploads\/2022\/03\/viagem-300x200.jpg 300w, https:\/\/www.satyanandayoga.com.br\/website\/wp-content\/uploads\/2022\/03\/viagem-768x512.jpg 768w, https:\/\/www.satyanandayoga.com.br\/website\/wp-content\/uploads\/2022\/03\/viagem-600x400.jpg 600w, https:\/\/www.satyanandayoga.com.br\/website\/wp-content\/uploads\/2022\/03\/viagem-400x267.jpg 400w, https:\/\/www.satyanandayoga.com.br\/website\/wp-content\/uploads\/2022\/03\/viagem-620x413.jpg 620w\" sizes=\"auto, (max-width: 800px) 100vw, 800px\" \/><\/div><\/div><\/div><div class=\"vc_col-sm-6 wpb_column vc_column_container\"><div class=\"vc_column-inner\"><div class=\"wpb_text_column \"><div class=\"wpb_wrapper\">\n<h5>VIAGEM \u00c0 \u00cdNDIA<\/h5>\n<p>O Satyananda Yoga Center organiza periodicamente viagens \u00e0 \u00cdndia com o objetivo de propiciar aos participantes uma experi\u00eancia \u00fanica de vida nos Ashrams (comunidades Yogis) da tradi\u00e7\u00e3o Satyananda (Rikhia e Bihar School of Yoga) e um mergulho profundo na tradi\u00e7\u00e3o e estilo de vida indiano, visitando locais sagrados e especiais com o acompanhamento de professores especializados no assunto.<\/div> <\/div> <div class=\"g-cols wpb_row offset_none valign_middle vc_inner\"><div class=\"vc_col-sm-3 wpb_column vc_column_container\"><div class=\"vc_column-inner\"><div class=\"w-image  align_center\"><a href=\"https:\/\/www.satyanandayoga.com.br\/website\/wp-content\/uploads\/2022\/03\/india4-e1647647875822.jpg\" ref=\"magnificPopup\"><img loading=\"lazy\" decoding=\"async\" width=\"1024\" height=\"768\" src=\"https:\/\/www.satyanandayoga.com.br\/website\/wp-content\/uploads\/2022\/03\/india4-1024x768.jpg\" class=\"attachment-large size-large\" alt=\"\" srcset=\"https:\/\/www.satyanandayoga.com.br\/website\/wp-content\/uploads\/2022\/03\/india4-1024x768.jpg 1024w, https:\/\/www.satyanandayoga.com.br\/website\/wp-content\/uploads\/2022\/03\/india4-300x225.jpg 300w, https:\/\/www.satyanandayoga.com.br\/website\/wp-content\/uploads\/2022\/03\/india4-768x576.jpg 768w, https:\/\/www.satyanandayoga.com.br\/website\/wp-content\/uploads\/2022\/03\/india4-1536x1152.jpg 1536w, https:\/\/www.satyanandayoga.com.br\/website\/wp-content\/uploads\/2022\/03\/india4-2048x1536.jpg 2048w, https:\/\/www.satyanandayoga.com.br\/website\/wp-content\/uploads\/2022\/03\/india4-600x450.jpg 600w, https:\/\/www.satyanandayoga.com.br\/website\/wp-content\/uploads\/2022\/03\/india4-e1647647875822.jpg 400w\" sizes=\"auto, (max-width: 1024px) 100vw, 1024px\" \/><\/a><\/div><\/div><\/div><div class=\"vc_col-sm-3 wpb_column vc_column_container\"><div class=\"vc_column-inner\"><div class=\"w-image  align_center\"><a href=\"https:\/\/www.satyanandayoga.com.br\/website\/wp-content\/uploads\/2022\/03\/india3-e1647647919442.jpg\" ref=\"magnificPopup\"><img loading=\"lazy\" decoding=\"async\" width=\"400\" height=\"300\" src=\"https:\/\/www.satyanandayoga.com.br\/website\/wp-content\/uploads\/2022\/03\/india3-e1647647919442.jpg\" class=\"attachment-large size-large\" alt=\"\" \/><\/a><\/div><\/div><\/div><div class=\"vc_col-sm-3 wpb_column vc_column_container\"><div class=\"vc_column-inner\"><div class=\"w-image  align_center\"><a href=\"https:\/\/www.satyanandayoga.com.br\/website\/wp-content\/uploads\/2022\/03\/india2.jpg\" ref=\"magnificPopup\"><img loading=\"lazy\" decoding=\"async\" width=\"400\" height=\"300\" src=\"https:\/\/www.satyanandayoga.com.br\/website\/wp-content\/uploads\/2022\/03\/india2.jpg\" class=\"attachment-large size-large\" alt=\"\" srcset=\"https:\/\/www.satyanandayoga.com.br\/website\/wp-content\/uploads\/2022\/03\/india2.jpg 400w, https:\/\/www.satyanandayoga.com.br\/website\/wp-content\/uploads\/2022\/03\/india2-300x225.jpg 300w\" sizes=\"auto, (max-width: 400px) 100vw, 400px\" \/><\/a><\/div><\/div><\/div><div class=\"vc_col-sm-3 wpb_column vc_column_container\"><div class=\"vc_column-inner\"><div class=\"w-image  align_center\"><a href=\"https:\/\/www.satyanandayoga.com.br\/website\/wp-content\/uploads\/2022\/03\/india1.jpg\" ref=\"magnificPopup\"><img loading=\"lazy\" decoding=\"async\" width=\"400\" height=\"300\" src=\"https:\/\/www.satyanandayoga.com.br\/website\/wp-content\/uploads\/2022\/03\/india1.jpg\" class=\"attachment-large size-large\" alt=\"\" srcset=\"https:\/\/www.satyanandayoga.com.br\/website\/wp-content\/uploads\/2022\/03\/india1.jpg 400w, https:\/\/www.satyanandayoga.com.br\/website\/wp-content\/uploads\/2022\/03\/india1-300x225.jpg 300w\" sizes=\"auto, (max-width: 400px) 100vw, 400px\" \/><\/a><\/div><\/div><\/div><\/div><\/div><\/div><\/div><\/div><\/section><section class=\"l-section wpb_row height_medium\"><div class=\"l-section-h i-cf\"><div class=\"g-cols offset_small valign_middle\"><div class=\"vc_col-sm-12 wpb_column vc_column_container\"><div class=\"vc_column-inner\"><div class=\"w-separator type_default size_small thick_1 style_solid color_border cont_none\"><span class=\"w-separator-h\"><\/span><\/div><div class=\"wpb_text_column \"><div class=\"wpb_wrapper\">\n<h5 style=\"text-align: center;\">&gt;&gt; CONHE\u00c7A ABAIXO OUTROS CURSOS E VIV\u00caNCIAS &lt;&lt;<\/h5>\n<\/div> <\/div> <div class=\"w-separator type_default size_small thick_1 style_solid color_border cont_none\"><span class=\"w-separator-h\"><\/span><\/div><\/div><\/div><\/div><\/div><\/section><section class=\"l-section wpb_row height_medium\"><div class=\"l-section-h i-cf\"><div class=\"g-cols offset_small valign_top\"><div class=\"vc_col-sm-6 wpb_column vc_column_container\"><div class=\"vc_column-inner\"><div class=\"w-image  align_center\"><a href=\"https:\/\/www.satyanandayoga.com.br\/website\/curso-de-aprofundamento\/\" title=\"\" target=\"_blank\"><img loading=\"lazy\" decoding=\"async\" width=\"800\" height=\"533\" src=\"https:\/\/www.satyanandayoga.com.br\/website\/wp-content\/uploads\/2022\/03\/curso_formacao.jpg\" class=\"attachment-large size-large\" alt=\"\" srcset=\"https:\/\/www.satyanandayoga.com.br\/website\/wp-content\/uploads\/2022\/03\/curso_formacao.jpg 800w, https:\/\/www.satyanandayoga.com.br\/website\/wp-content\/uploads\/2022\/03\/curso_formacao-300x200.jpg 300w, https:\/\/www.satyanandayoga.com.br\/website\/wp-content\/uploads\/2022\/03\/curso_formacao-768x512.jpg 768w, https:\/\/www.satyanandayoga.com.br\/website\/wp-content\/uploads\/2022\/03\/curso_formacao-600x400.jpg 600w, https:\/\/www.satyanandayoga.com.br\/website\/wp-content\/uploads\/2022\/03\/curso_formacao-400x267.jpg 400w\" sizes=\"auto, (max-width: 800px) 100vw, 800px\" \/><\/a><\/div><\/div><\/div><div class=\"vc_col-sm-6 wpb_column vc_column_container\"><div class=\"vc_column-inner\"><div class=\"wpb_text_column \"><div class=\"wpb_wrapper\">\n<h5 style=\"margin-bottom: 10px;\"><a href=\"https:\/\/www.satyanandayoga.com.br\/website\/curso-de-aprofundamento\/\" target=\"_blank\" rel=\"noopener\">CURSO DE APROFUNDAMENTO E FORMA\u00c7\u00c3O DE PROFESSORES DE YOGA<\/a><\/h5>\n<p>Para aqueles que desejam aprofundar seus conhecimentos de Yoga ou queiram se capacitar para serem professores de Yoga.<\/p>\n<p>Este curso tem como objetivos:<br \/>\n<strong>\u2022<\/strong> Proporcionar aos participantes um estudo profundo e consistente sobre e<br \/>\nteoria e a pr\u00e1tica do Yoga;<br \/>\n<strong>\u2022<\/strong> Possibilitar a organiza\u00e7\u00e3o de um processo de pr\u00e1tica (Sadhana) pessoal que leve o participante \u00e0 descoberta de suas potencialidades;<br \/>\n<strong>\u2022<\/strong> Formar professores de Yoga capazes de transmitir esse m\u00e9todo milenar<br \/>\ncom base em uma tradi\u00e7\u00e3o e, ao mesmo tempo, com uma vis\u00e3o moderna e<br \/>\nabrangente;<br \/>\n<strong>\u2022<\/strong> Divulgar o Sistema de Yoga da Bihar School of Yoga \/ \u00cdndia.<\/div> <\/div> <\/div><\/div><\/div><\/div><\/section><section class=\"l-section wpb_row height_medium\"><div class=\"l-section-h i-cf\"><div class=\"g-cols offset_small\"><div class=\"vc_col-sm-6 wpb_column vc_column_container\"><div class=\"vc_column-inner\"><div class=\"w-image \"><img loading=\"lazy\" decoding=\"async\" width=\"800\" height=\"533\" src=\"https:\/\/www.satyanandayoga.com.br\/website\/wp-content\/uploads\/2022\/03\/nidra.jpg\" class=\"attachment-large size-large\" alt=\"\" srcset=\"https:\/\/www.satyanandayoga.com.br\/website\/wp-content\/uploads\/2022\/03\/nidra.jpg 800w, https:\/\/www.satyanandayoga.com.br\/website\/wp-content\/uploads\/2022\/03\/nidra-300x200.jpg 300w, https:\/\/www.satyanandayoga.com.br\/website\/wp-content\/uploads\/2022\/03\/nidra-768x512.jpg 768w, https:\/\/www.satyanandayoga.com.br\/website\/wp-content\/uploads\/2022\/03\/nidra-600x400.jpg 600w, https:\/\/www.satyanandayoga.com.br\/website\/wp-content\/uploads\/2022\/03\/nidra-400x267.jpg 400w\" sizes=\"auto, (max-width: 800px) 100vw, 800px\" \/><\/div><\/div><\/div><div class=\"vc_col-sm-6 wpb_column vc_column_container\"><div class=\"vc_column-inner\"><div class=\"wpb_text_column \"><div class=\"wpb_wrapper\">\n<h5 style=\"margin-bottom: 10px;\">CURSO DE ESPECIALIZA\u00c7\u00c3O EM YOGA NIDRA DE SW. SATYANANDA SARASWATI<\/h5>\n<p>Este \u00e9 um curso direcionado para profissionais da \u00e1rea de sa\u00fade e educa\u00e7\u00e3o e para professores de Yoga, com o prop\u00f3sito de oferecer um desenvolvimento profissional , construindo habilidades valiosas para conduzir pr\u00e1ticas de relaxamento em seu campo de trabalho. O Yoga Nidra \u00e9 uma t\u00e9cnica de relaxamento profunda que atua na promo\u00e7\u00e3o da sa\u00fade f\u00edsica e mental.<\/p>\n<p>Neste curso os participantes realizam aprendizagem te\u00f3rica e pr\u00e1tica. Esta pr\u00e1tica \u00e9 facilmente adapt\u00e1vel \u200b\u200ba uma variedade de demandas como: estresse, ansiedade, dificuldades com o sono, problemas de ordem psicossom\u00e1tica, cuidados paliativos, foco mental, auto conhecimento.<\/div> <\/div> <\/div><\/div><\/div><\/div><\/section><section class=\"l-section wpb_row height_medium\"><div class=\"l-section-h i-cf\"><div class=\"g-cols offset_small\"><div class=\"vc_col-sm-6 wpb_column vc_column_container\"><div class=\"vc_column-inner\"><div class=\"w-image \"><img loading=\"lazy\" decoding=\"async\" width=\"800\" height=\"533\" src=\"https:\/\/www.satyanandayoga.com.br\/website\/wp-content\/uploads\/2022\/03\/yoga-criancas.jpg\" class=\"attachment-large size-large\" alt=\"\" srcset=\"https:\/\/www.satyanandayoga.com.br\/website\/wp-content\/uploads\/2022\/03\/yoga-criancas.jpg 800w, https:\/\/www.satyanandayoga.com.br\/website\/wp-content\/uploads\/2022\/03\/yoga-criancas-300x200.jpg 300w, https:\/\/www.satyanandayoga.com.br\/website\/wp-content\/uploads\/2022\/03\/yoga-criancas-768x512.jpg 768w, https:\/\/www.satyanandayoga.com.br\/website\/wp-content\/uploads\/2022\/03\/yoga-criancas-600x400.jpg 600w, https:\/\/www.satyanandayoga.com.br\/website\/wp-content\/uploads\/2022\/03\/yoga-criancas-400x267.jpg 400w\" sizes=\"auto, (max-width: 800px) 100vw, 800px\" \/><\/div><\/div><\/div><div class=\"vc_col-sm-6 wpb_column vc_column_container\"><div class=\"vc_column-inner\"><div class=\"wpb_text_column \"><div class=\"wpb_wrapper\">\n<h5 style=\"margin-bottom: 10px;\">TREINAMENTO EM YOGA PARA CRIAN\u00c7AS<\/h5>\n<p>Acreditamos que trabalhar Yoga com as crian\u00e7as influencia positivamente<br \/>\nna constru\u00e7\u00e3o de um mundo melhor.<\/p>\n<p>Este curso tem como objetivos:<\/p>\n<p><strong>\u2022<\/strong> Capacitar profissionais para atuar com o Yoga para crian\u00e7as nos diversos<br \/>\n\u00e2mbitos da demanda Infantil: escolas, cl\u00ednicas, consult\u00f3rios, creches e<br \/>\nespa\u00e7os de conviv\u00eancia.<\/p>\n<p><strong>\u2022<\/strong> Transmitir os ensinamentos do Yoga adaptados \u00e0 crian\u00e7a.<\/p>\n<p><strong>\u2022<\/strong> Divulgar a metodologia de Swami Satyananda adaptada \u00e0 crian\u00e7a.<\/p>\n<p><strong>\u2022<\/strong> Propiciar o crescimento e a introdu\u00e7\u00e3o de uma pr\u00e1tica saud\u00e1vel na rotina<br \/>\ndas crian\u00e7as.<\/div> <\/div> <\/div><\/div><\/div><\/div><\/section><section class=\"l-section wpb_row height_medium\"><div class=\"l-section-h i-cf\"><div class=\"g-cols offset_small\"><div class=\"vc_col-sm-6 wpb_column vc_column_container\"><div class=\"vc_column-inner\"><div class=\"w-image \"><img loading=\"lazy\" decoding=\"async\" width=\"800\" height=\"533\" src=\"https:\/\/www.satyanandayoga.com.br\/website\/wp-content\/uploads\/2022\/03\/meditacao.jpg\" class=\"attachment-large size-large\" alt=\"\" srcset=\"https:\/\/www.satyanandayoga.com.br\/website\/wp-content\/uploads\/2022\/03\/meditacao.jpg 800w, https:\/\/www.satyanandayoga.com.br\/website\/wp-content\/uploads\/2022\/03\/meditacao-300x200.jpg 300w, https:\/\/www.satyanandayoga.com.br\/website\/wp-content\/uploads\/2022\/03\/meditacao-768x512.jpg 768w, https:\/\/www.satyanandayoga.com.br\/website\/wp-content\/uploads\/2022\/03\/meditacao-600x400.jpg 600w, https:\/\/www.satyanandayoga.com.br\/website\/wp-content\/uploads\/2022\/03\/meditacao-400x267.jpg 400w\" sizes=\"auto, (max-width: 800px) 100vw, 800px\" \/><\/div><\/div><\/div><div class=\"vc_col-sm-6 wpb_column vc_column_container\"><div class=\"vc_column-inner\"><div class=\"wpb_text_column \"><div class=\"wpb_wrapper\">\n<h5 style=\"margin-bottom: 10px;\">CURSO DE MEDITA\u00c7\u00c3O<\/h5>\n<p>Este curso tem como objetivo instrumentalizar o participante nas t\u00e9cnicas<br \/>\ncl\u00e1ssicas b\u00e1sicas de Pratyahara (abstra\u00e7\u00e3o) e Dharana (concentra\u00e7\u00e3o)<br \/>\ndescritas na literatura do Yoga e do Tantra para que a partir de uma s\u00f3lida<br \/>\nviv\u00eancia pessoal ele possa despertar e aprofundar sua experi\u00eancia<br \/>\nmeditativa.<\/p>\n<p><strong>\u2022<\/strong> Kaya Sthairyam<br \/>\n<strong>\u2022<\/strong> Antar Mouna<br \/>\n<strong>\u2022<\/strong> Ajapa Japa<\/div> <\/div> <\/div><\/div><\/div><\/div><\/section><section class=\"l-section wpb_row height_medium\"><div class=\"l-section-h i-cf\"><div class=\"g-cols offset_small\"><div class=\"vc_col-sm-6 wpb_column vc_column_container\"><div class=\"vc_column-inner\"><div class=\"w-image \"><img loading=\"lazy\" decoding=\"async\" width=\"800\" height=\"533\" src=\"https:\/\/www.satyanandayoga.com.br\/website\/wp-content\/uploads\/2022\/03\/Pranayama-Mudra-Bandha.jpg\" class=\"attachment-large size-large\" alt=\"\" srcset=\"https:\/\/www.satyanandayoga.com.br\/website\/wp-content\/uploads\/2022\/03\/Pranayama-Mudra-Bandha.jpg 800w, https:\/\/www.satyanandayoga.com.br\/website\/wp-content\/uploads\/2022\/03\/Pranayama-Mudra-Bandha-300x200.jpg 300w, https:\/\/www.satyanandayoga.com.br\/website\/wp-content\/uploads\/2022\/03\/Pranayama-Mudra-Bandha-768x512.jpg 768w, https:\/\/www.satyanandayoga.com.br\/website\/wp-content\/uploads\/2022\/03\/Pranayama-Mudra-Bandha-600x400.jpg 600w, https:\/\/www.satyanandayoga.com.br\/website\/wp-content\/uploads\/2022\/03\/Pranayama-Mudra-Bandha-400x267.jpg 400w\" sizes=\"auto, (max-width: 800px) 100vw, 800px\" \/><\/div><\/div><\/div><div class=\"vc_col-sm-6 wpb_column vc_column_container\"><div class=\"vc_column-inner\"><div class=\"wpb_text_column \"><div class=\"wpb_wrapper\">\n<h5 style=\"margin-bottom: 10px;\">CURSO DE PRANAYAMA, MUDRA, BANDHA<\/h5>\n<p>Este curso leva o praticante a desenvolver de forma segura e gradativa sua pr\u00e1tica de Pranayama e aprimor\u00e1-la com a inclus\u00e3o das t\u00e9cnicas de Mudras e Bandhas. S\u00e3o tamb\u00e9m estudados e praticados distintos grupos de Mudras e Bandhas descritos na literatura cl\u00e1ssica do Hatha Yoga e do Tantra. O curso tem como objetivo preparar o praticante para a experi\u00eancia mais profundas do despertar de sua consci\u00eancia e de suas potencialidades imanentes. Este \u00e9 um curso para praticantes de Yoga que j\u00e1 possuem dom\u00ednio das t\u00e9cnicas de Shat Karma (purifica\u00e7\u00e3o) e estabilidade e conforto na pr\u00e1tica do Asana (posi\u00e7\u00e3o psico-f\u00edsica).<\/div> <\/div> <\/div><\/div><\/div><\/div><\/section><section class=\"l-section wpb_row height_medium\"><div class=\"l-section-h i-cf\"><div class=\"g-cols offset_small\"><div class=\"vc_col-sm-6 wpb_column vc_column_container\"><div class=\"vc_column-inner\"><div class=\"w-image \"><img loading=\"lazy\" decoding=\"async\" width=\"800\" height=\"533\" src=\"https:\/\/www.satyanandayoga.com.br\/website\/wp-content\/uploads\/2022\/03\/Tantra-Vidya.jpg\" class=\"attachment-large size-large\" alt=\"\" srcset=\"https:\/\/www.satyanandayoga.com.br\/website\/wp-content\/uploads\/2022\/03\/Tantra-Vidya.jpg 800w, https:\/\/www.satyanandayoga.com.br\/website\/wp-content\/uploads\/2022\/03\/Tantra-Vidya-300x200.jpg 300w, https:\/\/www.satyanandayoga.com.br\/website\/wp-content\/uploads\/2022\/03\/Tantra-Vidya-768x512.jpg 768w, https:\/\/www.satyanandayoga.com.br\/website\/wp-content\/uploads\/2022\/03\/Tantra-Vidya-600x400.jpg 600w, https:\/\/www.satyanandayoga.com.br\/website\/wp-content\/uploads\/2022\/03\/Tantra-Vidya-400x267.jpg 400w\" sizes=\"auto, (max-width: 800px) 100vw, 800px\" \/><\/div><\/div><\/div><div class=\"vc_col-sm-6 wpb_column vc_column_container\"><div class=\"vc_column-inner\"><div class=\"wpb_text_column \"><div class=\"wpb_wrapper\">\n<h5>TANTRA VIDYA<\/h5>\n<p>Tantra \u00e9 uma forma de observar, compreender e interagir positivamente com a vida nos distintos planos de experi\u00eancia; o material, o intelectual e o espiritual. Esta sabedoria ancestral oferece um grande n\u00famero de t\u00e9cnicas corporais, mentais e energ\u00e9ticas para que o indiv\u00edduo possa equilibrar sua vida e direcionar sua consci\u00eancia para conquistas mais significativas para sua exist\u00eancia.<\/p>\n<p>Para proporcionar estudos e viv\u00eancias na sabedoria do Tantra, desenvolvemos periodicamente grupos para imers\u00f5es de final de semana e pr\u00e1ticas orientadas para serem realizadas individualmente no contexto de vida de cada participante.<\/div> <\/div> <\/div><\/div><\/div><\/div><\/section><section class=\"l-section wpb_row height_medium\"><div class=\"l-section-h i-cf\"><div class=\"g-cols offset_small valign_top\"><div class=\"vc_col-sm-6 wpb_column vc_column_container\"><div class=\"vc_column-inner\"><div class=\"w-image \"><img loading=\"lazy\" decoding=\"async\" width=\"960\" height=\"640\" src=\"https:\/\/www.satyanandayoga.com.br\/website\/wp-content\/uploads\/2022\/03\/yoga_feminino.jpeg\" class=\"attachment-large size-large\" alt=\"\" srcset=\"https:\/\/www.satyanandayoga.com.br\/website\/wp-content\/uploads\/2022\/03\/yoga_feminino.jpeg 960w, https:\/\/www.satyanandayoga.com.br\/website\/wp-content\/uploads\/2022\/03\/yoga_feminino-300x200.jpeg 300w, https:\/\/www.satyanandayoga.com.br\/website\/wp-content\/uploads\/2022\/03\/yoga_feminino-768x512.jpeg 768w, https:\/\/www.satyanandayoga.com.br\/website\/wp-content\/uploads\/2022\/03\/yoga_feminino-600x400.jpeg 600w, https:\/\/www.satyanandayoga.com.br\/website\/wp-content\/uploads\/2022\/03\/yoga_feminino-400x267.jpeg 400w\" sizes=\"auto, (max-width: 960px) 100vw, 960px\" \/><\/div><\/div><\/div><div class=\"vc_col-sm-6 wpb_column vc_column_container\"><div class=\"vc_column-inner\"><div class=\"wpb_text_column \"><div class=\"wpb_wrapper\">\n<h5>YOGA PARA O FEMININO<\/h5>\n<p>J\u00e1 faz algum tempo que a mestra Gangadhara Saraswati vem trabalhando com o Yoga e as pr\u00e1ticas de Cuidado para mulheres.<\/p>\n<ul>\n<li>Sadhana da Lua &#8211; Sadhana \u00e9 uma palavra s\u00e2nscrita que quer dizer pr\u00e1tica. Nestes encontros trabalhamos o resgate do feminino por meio da sabedoria ancestral trazendo pr\u00e1ticas de cuidado direcionado \u00e0s mulheres.<\/li>\n<li>Menopausa, o lugar da sabedoria &#8211; Estas aulas est\u00e3o desenhadas para as mulheres que se aproximam da menopausa, que est\u00e3o atravessando a menopausa e que j\u00e1 passaram pela menopausa. Trazemos a vis\u00e3o oriental sobre este momento da vida enriquecendo com as pr\u00e1ticas do Satyananda Yoga e do Ayurveda (tradicional medicina da \u00cdndia) voltadas para a sa\u00fade psico-f\u00edsica e espiritual da mulher nesta fase da vida.<\/li>\n<li>Yoga e Ayurveda no gerenciamento da s\u00edndrome da tens\u00e3o pr\u00e9-menstrual (TPM)<br \/>\nEste trabalho contempla mulheres mais jovens, pois est\u00e1 direcionado para os desequil\u00edbrios menstruais que provocam muitos sintomas acabando no que conhecemos como S\u00edndrome da tens\u00e3o pr\u00e9-menstrual (TPM).<\/li>\n<\/ul>\n<p>Muitas mulheres sofrem desta s\u00edndrome que influencia demais sua sa\u00fade mental e emocional e acaba afetando as pessoas de conviv\u00eancia mais pr\u00f3xima.<\/p>\n<p>Com pr\u00e1ticas espec\u00edficas do Satyananda Yoga e do Ayurverda \u00e9 poss\u00edvel buscar alternativas mais saud\u00e1veis e fazer o autocuidado, sem sermos v\u00edtimas deste desequil\u00edbrio.<\/p>\n<p>Pr\u00e1ticas psicof\u00edsicas, alimenta\u00e7\u00e3o, utiliza\u00e7\u00e3o de ervas s\u00e3o \u00f3timos recursos para o autogerenciamento da TPM e o que \u00e9 melhor: sem efeitos colaterais.<\/div> <\/div> <\/div><\/div><\/div><\/div><\/section><section class=\"l-section wpb_row height_medium\"><div class=\"l-section-h i-cf\"><div class=\"g-cols offset_small\"><div class=\"vc_col-sm-6 wpb_column vc_column_container\"><div class=\"vc_column-inner\"><div class=\"w-image \"><img loading=\"lazy\" decoding=\"async\" width=\"1024\" height=\"682\" src=\"https:\/\/www.satyanandayoga.com.br\/website\/wp-content\/uploads\/2022\/03\/WhatsApp-Image-2022-03-24-at-17.55.22-1024x682.jpeg\" class=\"attachment-large size-large\" alt=\"\" srcset=\"https:\/\/www.satyanandayoga.com.br\/website\/wp-content\/uploads\/2022\/03\/WhatsApp-Image-2022-03-24-at-17.55.22-1024x682.jpeg 1024w, https:\/\/www.satyanandayoga.com.br\/website\/wp-content\/uploads\/2022\/03\/WhatsApp-Image-2022-03-24-at-17.55.22-300x200.jpeg 300w, https:\/\/www.satyanandayoga.com.br\/website\/wp-content\/uploads\/2022\/03\/WhatsApp-Image-2022-03-24-at-17.55.22-768x512.jpeg 768w, https:\/\/www.satyanandayoga.com.br\/website\/wp-content\/uploads\/2022\/03\/WhatsApp-Image-2022-03-24-at-17.55.22-600x400.jpeg 600w, https:\/\/www.satyanandayoga.com.br\/website\/wp-content\/uploads\/2022\/03\/WhatsApp-Image-2022-03-24-at-17.55.22-400x267.jpeg 400w, https:\/\/www.satyanandayoga.com.br\/website\/wp-content\/uploads\/2022\/03\/WhatsApp-Image-2022-03-24-at-17.55.22.jpeg 1280w\" sizes=\"auto, (max-width: 1024px) 100vw, 1024px\" \/><\/div><\/div><\/div><div class=\"vc_col-sm-6 wpb_column vc_column_container\"><div class=\"vc_column-inner\"><div class=\"wpb_text_column \"><div class=\"wpb_wrapper\">\n<h5>YOGA E ECOLOGIA<\/h5>\n<p>Em contextos clim\u00e1ticos e ambientais cada vez mais desafiadores, \u00e9 mais que necess\u00e1rio resgatarmos pr\u00e1ticas, saberes e experi\u00eancias que reestabele\u00e7a e fortale\u00e7a nossa conex\u00e3o com a M\u00e3e Natureza. As pr\u00e1ticas e experi\u00eancias de Yoga Ecologia nos sensibiliza para a experi\u00eancia e sensa\u00e7\u00e3o de que estamos todos interligados e exercemos todos um papel fundamental na preserva\u00e7\u00e3o da vida neste planeta.<\/p>\n<p>Todos os aspectos t\u00e9cnicos\/sistem\u00e1ticos do Yoga (os <em>Asanas, Pranayamas, Pratyahara<\/em>, etc.), em afinada combina\u00e7\u00e3o, nos propiciam uma experi\u00eancia interna de sentir o cosmos dentro de n\u00f3s mesmos. Os efeitos e as for\u00e7as geradas por essas pr\u00e1ticas, na perspectiva do Yoga Ecologia, se expressam no cuidado, preserva\u00e7\u00e3o e sustenta\u00e7\u00e3o do ambiente \u00e0 nossa volta.<\/div> <\/div> <\/div><\/div><\/div><\/div><\/section><section class=\"l-section wpb_row height_medium\"><div class=\"l-section-h i-cf\"><div class=\"g-cols offset_small valign_middle\"><div class=\"vc_col-sm-12 wpb_column vc_column_container\"><div class=\"vc_column-inner\"><div class=\"wpb_text_column \"><div class=\"wpb_wrapper\">\n<h5 style=\"text-align: center;\"><em><strong>(Estes cursos e viv\u00eancias, acontecem em datas espec\u00edficas divulgadas antecipadamente,<br \/>\n<\/strong><strong>podendo ser presenciais ou online. Caso tenha interesse entre em <a href=\"https:\/\/www.satyanandayoga.com.br\/website\/contato\/\"> <u>contato<\/u><\/a>.)<\/strong><\/em><\/h5>\n<\/div> <\/div> <\/div><\/div><\/div><\/div><\/section>\n","protected":false},"excerpt":{"rendered":"","protected":false},"author":3,"featured_media":0,"parent":0,"menu_order":0,"comment_status":"closed","ping_status":"closed","template":"","meta":{"footnotes":""},"class_list":["post-2736","page","type-page","status-publish","hentry"],"_links":{"self":[{"href":"https:\/\/www.satyanandayoga.com.br\/website\/wp-json\/wp\/v2\/pages\/2736","targetHints":{"allow":["GET"]}}],"collection":[{"href":"https:\/\/www.satyanandayoga.com.br\/website\/wp-json\/wp\/v2\/pages"}],"about":[{"href":"https:\/\/www.satyanandayoga.com.br\/website\/wp-json\/wp\/v2\/types\/page"}],"author":[{"embeddable":true,"href":"https:\/\/www.satyanandayoga.com.br\/website\/wp-json\/wp\/v2\/users\/3"}],"replies":[{"embeddable":true,"href":"https:\/\/www.satyanandayoga.com.br\/website\/wp-json\/wp\/v2\/comments?post=2736"}],"version-history":[{"count":7,"href":"https:\/\/www.satyanandayoga.com.br\/website\/wp-json\/wp\/v2\/pages\/2736\/revisions"}],"predecessor-version":[{"id":4393,"href":"https:\/\/www.satyanandayoga.com.br\/website\/wp-json\/wp\/v2\/pages\/2736\/revisions\/4393"}],"wp:attachment":[{"href":"https:\/\/www.satyanandayoga.com.br\/website\/wp-json\/wp\/v2\/media?parent=2736"}],"curies":[{"name":"wp","href":"https:\/\/api.w.org\/{rel}","templated":true}]}}