{"id":37,"date":"2015-08-19T17:18:26","date_gmt":"2015-08-19T17:18:26","guid":{"rendered":"http:\/\/umpra20.com.br\/satyananda\/?page_id=37"},"modified":"2025-06-13T23:24:36","modified_gmt":"2025-06-14T02:24:36","slug":"nossa-proposta","status":"publish","type":"page","link":"https:\/\/www.satyanandayoga.com.br\/website\/nossa-proposta\/","title":{"rendered":"NOSSA PROPOSTA"},"content":{"rendered":"<section class=\"l-section wpb_row height_medium color_custom with_img parallax_ver with_overlay\" style=\"background-color: #ffffff; color: #ffffff;padding-top: 140px !important;padding-bottom: 60px !important;\"><div class=\"l-section-img\" style=\"background-image: url(https:\/\/www.satyanandayoga.com.br\/website\/wp-content\/uploads\/2015\/08\/113.jpg);\" data-img-width=\"1000\" data-img-height=\"667\"><\/div><div class=\"l-section-overlay\" style=\"background-color: rgba(0,0,0,0.4)\"><\/div><div class=\"l-section-h i-cf\"><div class=\"g-cols offset_small\"><div class=\"vc_col-sm-12 wpb_column vc_column_container\"><div class=\"vc_column-inner\"><div class=\"wpb_text_column \"><div class=\"wpb_wrapper\">\n<h2 style=\"text-align: center; color: #ffffff; font-size: 40px;\">QUEM SOMOS<\/h2>\n<hr style=\"width: 80px; border: 1px solid #ffffff; margin: 10px auto;\">\n<p style=\"text-align: center; color: #ffffff; font-size: 18px;\">NOSSA PROPOSTA<\/p>\n<\/div> <\/div> <\/div><\/div><\/div><\/div><\/section><section class=\"l-section wpb_row height_medium\"><div class=\"l-section-h i-cf\"><div class=\"g-cols offset_small\"><div class=\"vc_col-sm-6 wpb_column vc_column_container\"><div class=\"vc_column-inner\"><div class=\"w-image \"><img loading=\"lazy\" decoding=\"async\" width=\"1024\" height=\"683\" src=\"https:\/\/www.satyanandayoga.com.br\/website\/wp-content\/uploads\/2015\/08\/IMG_8197-1024x683.jpg\" class=\"attachment-large size-large\" alt=\"\" srcset=\"https:\/\/www.satyanandayoga.com.br\/website\/wp-content\/uploads\/2015\/08\/IMG_8197-1024x683.jpg 1024w, https:\/\/www.satyanandayoga.com.br\/website\/wp-content\/uploads\/2015\/08\/IMG_8197-scaled-400x267.jpg 400w, https:\/\/www.satyanandayoga.com.br\/website\/wp-content\/uploads\/2015\/08\/IMG_8197-300x200.jpg 300w, https:\/\/www.satyanandayoga.com.br\/website\/wp-content\/uploads\/2015\/08\/IMG_8197-600x400.jpg 600w, https:\/\/www.satyanandayoga.com.br\/website\/wp-content\/uploads\/2015\/08\/IMG_8197-150x100.jpg 150w\" sizes=\"auto, (max-width: 1024px) 100vw, 1024px\" \/><\/div><\/div><\/div><div class=\"vc_col-sm-6 wpb_column vc_column_container\"><div class=\"vc_column-inner\"><div class=\"wpb_text_column \"><div class=\"wpb_wrapper\"><p>Satyananda Yoga\/Bihar Yoga \u00e9 uma experi\u00eancia de Yoga tal qual proposta e formulada por Swami Satyananda Saraswati (Bihar School of Yoga, Munger, \u00cdndia). Esse m\u00e9todo est\u00e1 ancorado nos cl\u00e1ssicos e ancestrais sistemas de Yoga (Hatha Yoga, Karma Yoga, Raja Yoga, Bhakti Yoga, Kriya Yoga e Jnana Yoga), em di\u00e1logo e conex\u00e3o com a ci\u00eancia contempor\u00e2nea.<\/p>\n<p>Satyananda Yoga\/Bihar Yoga transcende a experi\u00eancia cotidiana da sala de aula, no sentido em que prop\u00f5e uma intera\u00e7\u00e3o org\u00e2nica e completa com o Yoga nos convidando a incorporarmos essa pr\u00e1tica e experi\u00eancia em todos os n\u00edveis e aspectos de nossas vidas. Ao assim fazermos, passamos a observar como nos portamos em nossas intera\u00e7\u00f5es di\u00e1rias e como podemos sempre lapidar algum aspecto de nossas vidas para que ela seja mais positiva e harm\u00f4nica.<\/p><\/div> <\/div> <\/div><\/div><\/div><\/div><\/section>\n","protected":false},"excerpt":{"rendered":"","protected":false},"author":1809,"featured_media":0,"parent":0,"menu_order":0,"comment_status":"closed","ping_status":"closed","template":"","meta":{"footnotes":""},"class_list":["post-37","page","type-page","status-publish","hentry"],"_links":{"self":[{"href":"https:\/\/www.satyanandayoga.com.br\/website\/wp-json\/wp\/v2\/pages\/37","targetHints":{"allow":["GET"]}}],"collection":[{"href":"https:\/\/www.satyanandayoga.com.br\/website\/wp-json\/wp\/v2\/pages"}],"about":[{"href":"https:\/\/www.satyanandayoga.com.br\/website\/wp-json\/wp\/v2\/types\/page"}],"author":[{"embeddable":true,"href":"https:\/\/www.satyanandayoga.com.br\/website\/wp-json\/wp\/v2\/users\/1809"}],"replies":[{"embeddable":true,"href":"https:\/\/www.satyanandayoga.com.br\/website\/wp-json\/wp\/v2\/comments?post=37"}],"version-history":[{"count":19,"href":"https:\/\/www.satyanandayoga.com.br\/website\/wp-json\/wp\/v2\/pages\/37\/revisions"}],"predecessor-version":[{"id":4377,"href":"https:\/\/www.satyanandayoga.com.br\/website\/wp-json\/wp\/v2\/pages\/37\/revisions\/4377"}],"wp:attachment":[{"href":"https:\/\/www.satyanandayoga.com.br\/website\/wp-json\/wp\/v2\/media?parent=37"}],"curies":[{"name":"wp","href":"https:\/\/api.w.org\/{rel}","templated":true}]}}