{"id":4334,"date":"2025-06-02T17:59:03","date_gmt":"2025-06-02T20:59:03","guid":{"rendered":"https:\/\/www.satyanandayoga.com.br\/website\/?page_id=4334"},"modified":"2025-06-13T23:36:31","modified_gmt":"2025-06-14T02:36:31","slug":"projetos-e-acoes-sociais-ativos","status":"publish","type":"page","link":"https:\/\/www.satyanandayoga.com.br\/website\/projetos-e-acoes-sociais-ativos\/","title":{"rendered":"PROJETOS ATIVOS"},"content":{"rendered":"<section class=\"l-section wpb_row height_medium color_custom with_img parallax_ver with_overlay\" style=\" color: #ffffff;padding-top: 140px !important;padding-bottom: 60px !important;\"><div class=\"l-section-img\" style=\"background-image: url(https:\/\/www.satyanandayoga.com.br\/website\/wp-content\/uploads\/2016\/03\/Projeto-Sa\u00fade-mental_n.jpg);\" data-img-width=\"960\" data-img-height=\"640\"><\/div><div class=\"l-section-overlay\" style=\"background-color: rgba(0,0,0,0.5)\"><\/div><div class=\"l-section-h i-cf\"><div class=\"g-cols offset_small\"><div class=\"vc_col-sm-12 wpb_column vc_column_container\"><div class=\"vc_column-inner\"><div class=\"wpb_text_column \"><div class=\"wpb_wrapper\">\n<h2 style=\"text-align: center; color: #ffffff; font-size: 40px;\">PROJETOS E A\u00c7\u00d5ES SOCIAIS<\/h2>\n<hr style=\"width: 80px; border: 1px solid #ffffff; margin: 10px auto;\">\n<p style=\"text-align: center; color: #ffffff; font-size: 18px;\">PROJETOS ATIVOS<\/p>\n<\/div> <\/div> <\/div><\/div><\/div><\/div><\/section><section class=\"l-section wpb_row height_medium\"><div class=\"l-section-h i-cf\"><div class=\"g-cols offset_small\"><div class=\"vc_col-sm-12 wpb_column vc_column_container\"><div class=\"vc_column-inner\"><div class=\"g-cols wpb_row offset_small vc_inner\"><div class=\"vc_col-sm-12 wpb_column vc_column_container\"><div class=\"vc_column-inner\"><div class=\"wpb_text_column \"><div class=\"wpb_wrapper\">\n<p style=\"text-align: center;\"><em>\u201cAs atitudes devem mudar, as barreiras devem cair, para que surja um novo Yoga.<\/em><br \/>\n<em> Este ser\u00e1 o Yoga da unidade, de dar, de compartilhar e elevar-se como ser humano.\u201d<\/em><br \/>\nSwami Satyananda Saraswati<\/p>\n<\/div> <\/div> <div class=\"w-separator type_default size_medium thick_1 style_solid color_border cont_none\"><span class=\"w-separator-h\"><\/span><\/div><\/div><\/div><\/div><div class=\"g-cols wpb_row offset_small vc_inner\"><div class=\"vc_col-sm-6 wpb_column vc_column_container\"><div class=\"vc_column-inner\"><div class=\"wpb_text_column \"><div class=\"wpb_wrapper\">\n<h5 style=\"margin-bottom: 10px;\">PROJETO ECOLOGIA DE SABERES<\/h5>\n<p>Neste projeto, assumimos o Yoga como fio condutor e linha mestra que nos guia a explorarmos, junto \u00e0 juventude da cidade de Moeda, as belezas e riquezas ecol\u00f3gicas que encontramos dentro de cada um de n\u00f3s e no espa\u00e7o \u00e0 nossa volta. Temos trabalhado a partir de um movimento de conscientiza\u00e7\u00e3o e sensibiliza\u00e7\u00e3o dos jovens contemplados pelo projeto do territ\u00f3rio do qual fazem parte. Realizamos trilhas educativas, visitas e rodas de conversa nas comunidades, excurs\u00f5es para museus com tem\u00e1tica afim, interc\u00e2mbio de conhecimento com outras escolas, etc.<br \/>\nAinda, em ocasi\u00f5es pontuais, trabalhamos tamb\u00e9m com pr\u00e1ticas de sensibiliza\u00e7\u00e3o, conscientiza\u00e7\u00e3o e cuidado de si com as crian\u00e7as do munic\u00edpio de Moeda.<br \/>\nSendo este projeto ativo desde o ano de 2021, j\u00e1 contemplamos mais de 50 jovens desde sua inaugura\u00e7\u00e3o e mais de 120 crian\u00e7as nas atividades destinadas\u00a0\u00e0\u00a0elas.<\/div> <\/div> <\/div><\/div><div class=\"vc_col-sm-6 wpb_column vc_column_container\"><div class=\"vc_column-inner\"><div class=\"w-image  align_center\"><img loading=\"lazy\" decoding=\"async\" width=\"1024\" height=\"768\" src=\"https:\/\/www.satyanandayoga.com.br\/website\/wp-content\/uploads\/2025\/06\/Ecologia_Saberes-1024x768.jpg\" class=\"attachment-large size-large\" alt=\"\" srcset=\"https:\/\/www.satyanandayoga.com.br\/website\/wp-content\/uploads\/2025\/06\/Ecologia_Saberes-1024x768.jpg 1024w, https:\/\/www.satyanandayoga.com.br\/website\/wp-content\/uploads\/2025\/06\/Ecologia_Saberes-300x225.jpg 300w, https:\/\/www.satyanandayoga.com.br\/website\/wp-content\/uploads\/2025\/06\/Ecologia_Saberes-768x576.jpg 768w, https:\/\/www.satyanandayoga.com.br\/website\/wp-content\/uploads\/2025\/06\/Ecologia_Saberes-1536x1152.jpg 1536w, https:\/\/www.satyanandayoga.com.br\/website\/wp-content\/uploads\/2025\/06\/Ecologia_Saberes-600x450.jpg 600w, https:\/\/www.satyanandayoga.com.br\/website\/wp-content\/uploads\/2025\/06\/Ecologia_Saberes-400x300.jpg 400w, https:\/\/www.satyanandayoga.com.br\/website\/wp-content\/uploads\/2025\/06\/Ecologia_Saberes.jpg 1600w\" sizes=\"auto, (max-width: 1024px) 100vw, 1024px\" \/><\/div><div class=\"w-separator type_default size_medium thick_1 style_solid color_border cont_none\"><span class=\"w-separator-h\"><\/span><\/div><div class=\"w-video ratio_16x9\"><div class=\"w-video-h\"><iframe loading=\"lazy\" width=\"420\" height=\"315\" src=\"\/\/www.youtube.com\/embed\/uGAbuZ7d7_k\" allowfullscreen><\/iframe><\/div><\/div><\/div><\/div><\/div><div class=\"w-separator type_default size_medium thick_1 style_solid color_border cont_none\"><span class=\"w-separator-h\"><\/span><\/div><div class=\"g-cols wpb_row offset_small vc_inner\"><div class=\"vc_col-sm-6 wpb_column vc_column_container\"><div class=\"vc_column-inner\"><div class=\"wpb_text_column \"><div class=\"wpb_wrapper\">\n<h5>PROJETO YOGA NIDRA PARA TODOS<br \/>\nProjeto de Extens\u00e3o no Hospital das Cl\u00ednicas\/BH &#8211; Promo\u00e7\u00e3o da Sa\u00fade<\/h5>\n<p>Este projeto \u00e9 uma iniciativa de apoio a pacientes em reabilita\u00e7\u00e3o ap\u00f3s interna\u00e7\u00e3o em unidades de terapia intensiva (UTI).<br \/>\nDesde 2023, o Yoga Nidra integra essa iniciativa, contribuindo significativamente para o bem-estar e a recupera\u00e7\u00e3o desses pacientes, ao oferecer uma abordagem complementar no cuidado p\u00f3s-intensivo.<br \/>\nA pr\u00e1tica tamb\u00e9m tem sido estendida aos profissionais de sa\u00fade do hospital, incluindo enfermeiros e demais colaboradores, como forma de apoio diante das demandas f\u00edsicas e emocionais inerentes ao ambiente hospitalar.<br \/>\nEsta frente de atua\u00e7\u00e3o est\u00e1 inserida no escopo do programa &#8220;Yoga Nidra para Todos&#8221;, sob coordena\u00e7\u00e3o de Gangadhara Saraswati (@gangadharaalcione), que tem se dedicado \u00e0 promo\u00e7\u00e3o e democratiza\u00e7\u00e3o do acesso ao Yoga Nidra junto a diversos p\u00fablicos e institui\u00e7\u00f5es.<br \/>\nReiteramos nosso compromisso com a promo\u00e7\u00e3o da sa\u00fade integral e da qualidade de vida, por meio de pr\u00e1ticas que favore\u00e7am o equil\u00edbrio f\u00edsico, mental e emocional.<br \/>\nAcreditamos no potencial transformador do Yoga enquanto ferramenta de cuidado e preven\u00e7\u00e3o, e seguimos empenhados na amplia\u00e7\u00e3o de seu alcance junto\u00a0\u00e0\u00a0sociedade.<\/div> <\/div> <\/div><\/div><div class=\"vc_col-sm-6 wpb_column vc_column_container\"><div class=\"vc_column-inner\"><div class=\"w-image  align_center\"><img loading=\"lazy\" decoding=\"async\" width=\"1024\" height=\"675\" src=\"https:\/\/www.satyanandayoga.com.br\/website\/wp-content\/uploads\/2025\/06\/HospClinicas-1024x675.jpg\" class=\"attachment-large size-large\" alt=\"\" srcset=\"https:\/\/www.satyanandayoga.com.br\/website\/wp-content\/uploads\/2025\/06\/HospClinicas-1024x675.jpg 1024w, https:\/\/www.satyanandayoga.com.br\/website\/wp-content\/uploads\/2025\/06\/HospClinicas-300x198.jpg 300w, https:\/\/www.satyanandayoga.com.br\/website\/wp-content\/uploads\/2025\/06\/HospClinicas-768x506.jpg 768w, https:\/\/www.satyanandayoga.com.br\/website\/wp-content\/uploads\/2025\/06\/HospClinicas-600x396.jpg 600w, https:\/\/www.satyanandayoga.com.br\/website\/wp-content\/uploads\/2025\/06\/HospClinicas-400x264.jpg 400w, https:\/\/www.satyanandayoga.com.br\/website\/wp-content\/uploads\/2025\/06\/HospClinicas.jpg 1080w\" sizes=\"auto, (max-width: 1024px) 100vw, 1024px\" \/><\/div><\/div><\/div><\/div><div class=\"w-separator type_default size_medium thick_1 style_solid color_border cont_none\"><span class=\"w-separator-h\"><\/span><\/div><div class=\"g-cols wpb_row offset_small vc_inner\"><div class=\"vc_col-sm-6 wpb_column vc_column_container\"><div class=\"vc_column-inner\"><div class=\"wpb_text_column \"><div class=\"wpb_wrapper\">\n<h5 style=\"margin-bottom: 10px;\">YOGA PARA CRIAN\u00c7AS DE \u00c1REA SOCIAL DE RISCO<\/h5>\n<p><strong>Objetivos Espec\u00edficos do Programa<\/strong><br \/>\n\u2022 Resgatar a criatividade que se encontra em potencial nas crian\u00e7as e adolescentes;<br \/>\n\u2022 Apoiar os educadores no processo de relacionamento saud\u00e1vel com as crian\u00e7as e adolescentes;<br \/>\n\u2022 Manter um gerenciamento saud\u00e1vel da sa\u00fade das crian\u00e7as e adolescentes equilibrando o sistema nervoso, end\u00f3crino e o metabolismo atrav\u00e9s das pr\u00e1ticas de Yoga;<br \/>\n\u2022 Influenciar positivamente no controle do comportamento hiperativo;<br \/>\n\u2022 Favorecer a express\u00e3o saud\u00e1vel das emo\u00e7\u00f5es;<br \/>\n\u2022 Desenvolver o equil\u00edbrio emocional e auto-estima das crian\u00e7as, adolescentes e dos educadores;<br \/>\n\u2022 Trabalhar a habilidade de concentra\u00e7\u00e3o e a sistem\u00e1tica estimula\u00e7\u00e3o dos dois hemisf\u00e9rios cerebrais.<\/p>\n<p><strong>Responsabilidade:<\/strong> Satyananda Yoga Center\/ Professora Maria Beatriz Gomes (Sushumnachetana).<\/div> <\/div> <\/div><\/div><div class=\"vc_col-sm-6 wpb_column vc_column_container\"><div class=\"vc_column-inner\"><div class=\"w-video ratio_16x9\"><div class=\"w-video-h\"><iframe loading=\"lazy\" title=\"Projeto Social de Yoga para Crian\u00e7as na Associa\u00e7\u00e3o Mineira de Prote\u00e7\u00e3o \u00e0 Crian\u00e7a (AMPC)\" width=\"1333\" height=\"1000\" src=\"https:\/\/www.youtube.com\/embed\/A2P-VLVFAS8?feature=oembed\" frameborder=\"0\" allow=\"accelerometer; autoplay; clipboard-write; encrypted-media; gyroscope; picture-in-picture\" allowfullscreen><\/iframe><\/div><\/div><\/div><\/div><\/div><\/div><\/div><\/div><\/div><\/section>\n","protected":false},"excerpt":{"rendered":"","protected":false},"author":3,"featured_media":0,"parent":0,"menu_order":0,"comment_status":"closed","ping_status":"closed","template":"","meta":{"footnotes":""},"class_list":["post-4334","page","type-page","status-publish","hentry"],"_links":{"self":[{"href":"https:\/\/www.satyanandayoga.com.br\/website\/wp-json\/wp\/v2\/pages\/4334","targetHints":{"allow":["GET"]}}],"collection":[{"href":"https:\/\/www.satyanandayoga.com.br\/website\/wp-json\/wp\/v2\/pages"}],"about":[{"href":"https:\/\/www.satyanandayoga.com.br\/website\/wp-json\/wp\/v2\/types\/page"}],"author":[{"embeddable":true,"href":"https:\/\/www.satyanandayoga.com.br\/website\/wp-json\/wp\/v2\/users\/3"}],"replies":[{"embeddable":true,"href":"https:\/\/www.satyanandayoga.com.br\/website\/wp-json\/wp\/v2\/comments?post=4334"}],"version-history":[{"count":5,"href":"https:\/\/www.satyanandayoga.com.br\/website\/wp-json\/wp\/v2\/pages\/4334\/revisions"}],"predecessor-version":[{"id":4388,"href":"https:\/\/www.satyanandayoga.com.br\/website\/wp-json\/wp\/v2\/pages\/4334\/revisions\/4388"}],"wp:attachment":[{"href":"https:\/\/www.satyanandayoga.com.br\/website\/wp-json\/wp\/v2\/media?parent=4334"}],"curies":[{"name":"wp","href":"https:\/\/api.w.org\/{rel}","templated":true}]}}