{"id":1310,"date":"2020-06-05T22:28:03","date_gmt":"2020-06-05T22:28:03","guid":{"rendered":"http:\/\/satyanandayoga.com.br\/website\/?post_type=product&#038;p=1310"},"modified":"2025-12-09T08:41:31","modified_gmt":"2025-12-09T11:41:31","slug":"tantra-vidya","status":"publish","type":"product","link":"https:\/\/www.satyanandayoga.com.br\/website\/produto\/tantra-vidya\/","title":{"rendered":"TANTRA VIDYA"},"content":{"rendered":"<p>Este livro tem como objetivo apresentar alguns dos elementos pr\u00e1ticos, te\u00f3ricos, simb\u00f3licos e m\u00edticos que comp\u00f5em o Tantrismo Hindu, a partir de um contexto acad\u00eamico e tamb\u00e9m por meio da experi\u00eancia concreta do autor como estudioso e praticante desta tradi\u00e7\u00e3o.<\/p>\n<p><strong>Autor: Aghorananda Saraswati<\/strong><\/p>\n","protected":false},"excerpt":{"rendered":"<p>Este livro tem como objetivo apresentar alguns dos elementos pr\u00e1ticos, te\u00f3ricos, simb\u00f3licos e m\u00edticos que comp\u00f5em o Tantrismo Hindu, a&#8230;<\/p>\n","protected":false},"featured_media":211,"template":"","meta":[],"product_brand":[],"product_cat":[19],"product_tag":[],"class_list":{"0":"post-1310","1":"product","2":"type-product","3":"status-publish","4":"has-post-thumbnail","6":"product_cat-livros","7":"product_shipping_class-impresso","9":"first","10":"instock","11":"shipping-taxable","12":"purchasable","13":"product-type-simple"},"_links":{"self":[{"href":"https:\/\/www.satyanandayoga.com.br\/website\/wp-json\/wp\/v2\/product\/1310","targetHints":{"allow":["GET"]}}],"collection":[{"href":"https:\/\/www.satyanandayoga.com.br\/website\/wp-json\/wp\/v2\/product"}],"about":[{"href":"https:\/\/www.satyanandayoga.com.br\/website\/wp-json\/wp\/v2\/types\/product"}],"wp:featuredmedia":[{"embeddable":true,"href":"https:\/\/www.satyanandayoga.com.br\/website\/wp-json\/wp\/v2\/media\/211"}],"wp:attachment":[{"href":"https:\/\/www.satyanandayoga.com.br\/website\/wp-json\/wp\/v2\/media?parent=1310"}],"wp:term":[{"taxonomy":"product_brand","embeddable":true,"href":"https:\/\/www.satyanandayoga.com.br\/website\/wp-json\/wp\/v2\/product_brand?post=1310"},{"taxonomy":"product_cat","embeddable":true,"href":"https:\/\/www.satyanandayoga.com.br\/website\/wp-json\/wp\/v2\/product_cat?post=1310"},{"taxonomy":"product_tag","embeddable":true,"href":"https:\/\/www.satyanandayoga.com.br\/website\/wp-json\/wp\/v2\/product_tag?post=1310"}],"curies":[{"name":"wp","href":"https:\/\/api.w.org\/{rel}","templated":true}]}}