{"id":1311,"date":"2020-06-05T22:28:57","date_gmt":"2020-06-05T22:28:57","guid":{"rendered":"http:\/\/satyanandayoga.com.br\/website\/?post_type=product&#038;p=1311"},"modified":"2026-04-06T09:25:46","modified_gmt":"2026-04-06T12:25:46","slug":"surya-namaskara","status":"publish","type":"product","link":"https:\/\/www.satyanandayoga.com.br\/website\/produto\/surya-namaskara\/","title":{"rendered":"SURYA NAMASKARA"},"content":{"rendered":"<p>Este livro discute a pr\u00e1tica completa da \u201cSauda\u00e7\u00e3o ao Sol\u201d, em detalhes, inclusive os pontos de concentra\u00e7\u00e3o, auxiliando tanto praticantes quanto professores. Um estudo fisiol\u00f3gico profundo do Surya Namaskara encoraja seu uso nos dias de hoje como uma poderosa pr\u00e1tica terap\u00eautica.<\/p>\n<p><strong>Autor: Swami Satyananda Saraswati<\/strong><\/p>\n","protected":false},"excerpt":{"rendered":"<p>Este livro discute a pr\u00e1tica completa da \u201cSauda\u00e7\u00e3o ao Sol\u201d, em detalhes, inclusive os pontos de concentra\u00e7\u00e3o, auxiliando tanto praticantes&#8230;<\/p>\n","protected":false},"featured_media":216,"template":"","meta":[],"product_brand":[],"product_cat":[19],"product_tag":[],"class_list":{"0":"post-1311","1":"product","2":"type-product","3":"status-publish","4":"has-post-thumbnail","6":"product_cat-livros","7":"product_shipping_class-impresso","9":"first","10":"instock","11":"shipping-taxable","12":"purchasable","13":"product-type-simple"},"_links":{"self":[{"href":"https:\/\/www.satyanandayoga.com.br\/website\/wp-json\/wp\/v2\/product\/1311","targetHints":{"allow":["GET"]}}],"collection":[{"href":"https:\/\/www.satyanandayoga.com.br\/website\/wp-json\/wp\/v2\/product"}],"about":[{"href":"https:\/\/www.satyanandayoga.com.br\/website\/wp-json\/wp\/v2\/types\/product"}],"wp:featuredmedia":[{"embeddable":true,"href":"https:\/\/www.satyanandayoga.com.br\/website\/wp-json\/wp\/v2\/media\/216"}],"wp:attachment":[{"href":"https:\/\/www.satyanandayoga.com.br\/website\/wp-json\/wp\/v2\/media?parent=1311"}],"wp:term":[{"taxonomy":"product_brand","embeddable":true,"href":"https:\/\/www.satyanandayoga.com.br\/website\/wp-json\/wp\/v2\/product_brand?post=1311"},{"taxonomy":"product_cat","embeddable":true,"href":"https:\/\/www.satyanandayoga.com.br\/website\/wp-json\/wp\/v2\/product_cat?post=1311"},{"taxonomy":"product_tag","embeddable":true,"href":"https:\/\/www.satyanandayoga.com.br\/website\/wp-json\/wp\/v2\/product_tag?post=1311"}],"curies":[{"name":"wp","href":"https:\/\/api.w.org\/{rel}","templated":true}]}}