{"id":1312,"date":"2020-06-05T22:29:57","date_gmt":"2020-06-05T22:29:57","guid":{"rendered":"http:\/\/satyanandayoga.com.br\/website\/?post_type=product&#038;p=1312"},"modified":"2026-04-28T14:36:10","modified_gmt":"2026-04-28T17:36:10","slug":"asana-pranayama-mudra-bandha","status":"publish","type":"product","link":"https:\/\/www.satyanandayoga.com.br\/website\/produto\/asana-pranayama-mudra-bandha\/","title":{"rendered":"ASANA PRANAYAMA MUDRA BANDHA"},"content":{"rendered":"<p>APMB \u00e9 reconhecido internacionalmente como um dos mais sistem\u00e1ticos manuais de Yoga dispon\u00edveis na atualidade. Desde sua primeira publica\u00e7\u00e3o, pela Bihar School of Yoga, em 1969, esta obra foi reimpressa 16 vezes e traduzida em muitos idiomas. \u00c9 a principal refer\u00eancia bibliogr\u00e1fica usada pelos professores de Yoga e estudantes de BIHAR YOGA\u00ae ou SATYANANDA YOGA\u00ae, assim como por muitas outras tradi\u00e7\u00f5es. Este texto explicativo cont\u00e9m ilustra\u00e7\u00f5es claras, instru\u00e7\u00f5es passo a passo e detalhes como a consci\u00eancia dos Chakras. Esta obra guia o praticante ou professor desde as mais simples at\u00e9 as mais avan\u00e7adas pr\u00e1ticas do sistema de Hatha Yoga. Com sucesso, esta edi\u00e7\u00e3o apresenta a exposi\u00e7\u00e3o das pr\u00e1ticas de Yoga com bases de um texto acad\u00eamico.<\/p>\n<p><strong>Autor: Swami Satyananda Saraswati<\/strong><\/p>\n","protected":false},"excerpt":{"rendered":"<p>APMB \u00e9 reconhecido internacionalmente como um dos mais sistem\u00e1ticos manuais de Yoga dispon\u00edveis na atualidade. Desde sua primeira publica\u00e7\u00e3o, pela&#8230;<\/p>\n","protected":false},"featured_media":297,"template":"","meta":[],"product_brand":[],"product_cat":[19],"product_tag":[],"class_list":{"0":"post-1312","1":"product","2":"type-product","3":"status-publish","4":"has-post-thumbnail","6":"product_cat-livros","7":"product_shipping_class-impresso","9":"first","10":"instock","11":"shipping-taxable","12":"purchasable","13":"product-type-simple"},"_links":{"self":[{"href":"https:\/\/www.satyanandayoga.com.br\/website\/wp-json\/wp\/v2\/product\/1312","targetHints":{"allow":["GET"]}}],"collection":[{"href":"https:\/\/www.satyanandayoga.com.br\/website\/wp-json\/wp\/v2\/product"}],"about":[{"href":"https:\/\/www.satyanandayoga.com.br\/website\/wp-json\/wp\/v2\/types\/product"}],"wp:featuredmedia":[{"embeddable":true,"href":"https:\/\/www.satyanandayoga.com.br\/website\/wp-json\/wp\/v2\/media\/297"}],"wp:attachment":[{"href":"https:\/\/www.satyanandayoga.com.br\/website\/wp-json\/wp\/v2\/media?parent=1312"}],"wp:term":[{"taxonomy":"product_brand","embeddable":true,"href":"https:\/\/www.satyanandayoga.com.br\/website\/wp-json\/wp\/v2\/product_brand?post=1312"},{"taxonomy":"product_cat","embeddable":true,"href":"https:\/\/www.satyanandayoga.com.br\/website\/wp-json\/wp\/v2\/product_cat?post=1312"},{"taxonomy":"product_tag","embeddable":true,"href":"https:\/\/www.satyanandayoga.com.br\/website\/wp-json\/wp\/v2\/product_tag?post=1312"}],"curies":[{"name":"wp","href":"https:\/\/api.w.org\/{rel}","templated":true}]}}