{"id":1314,"date":"2020-06-05T22:32:07","date_gmt":"2020-06-05T22:32:07","guid":{"rendered":"http:\/\/satyanandayoga.com.br\/website\/?post_type=product&#038;p=1314"},"modified":"2026-04-13T15:51:29","modified_gmt":"2026-04-13T18:51:29","slug":"yoga-nidra-o-sono-consciente","status":"publish","type":"product","link":"https:\/\/www.satyanandayoga.com.br\/website\/produto\/yoga-nidra-o-sono-consciente\/","title":{"rendered":"YOGA NIDRA \u2013 O SONO CONSCIENTE"},"content":{"rendered":"<p>Este livro apresenta uma t\u00e9cnica do Yoga chamada Satyananda Yoga Nidra, definida como sono consciente e elaborada por Swami Satyananda Saraswati, um dos grandes mestres de Yoga do s\u00e9culo XXI.<br \/>\nExpondo esta pr\u00e1tica alicer\u00e7ada num conhecimento ancestral e contextualizada para o homem moderno, que vive sua ang\u00fastia existencial numa sociedade pobre de esp\u00edrito cada vez mais regida pela impessoalidade e superficialidade, a autora faz uma analogia do Yoga Nidra com elementos do pensamento de Jung, mostrando suas contribui\u00e7\u00f5es no caminho do crescimento pessoal, integra\u00e7\u00e3o da personalidade e constru\u00e7\u00e3o da Individua\u00e7\u00e3o.<\/p>\n<p><strong>Autor: Gangadhara Saraswati<\/strong><\/p>\n","protected":false},"excerpt":{"rendered":"<p>Este livro apresenta uma t\u00e9cnica do Yoga chamada Satyananda Yoga Nidra, definida como sono consciente e elaborada por Swami Satyananda&#8230;<\/p>\n","protected":false},"featured_media":227,"template":"","meta":[],"product_brand":[],"product_cat":[19],"product_tag":[],"class_list":{"0":"post-1314","1":"product","2":"type-product","3":"status-publish","4":"has-post-thumbnail","6":"product_cat-livros","7":"product_shipping_class-impresso","9":"first","10":"instock","11":"shipping-taxable","12":"purchasable","13":"product-type-simple"},"_links":{"self":[{"href":"https:\/\/www.satyanandayoga.com.br\/website\/wp-json\/wp\/v2\/product\/1314","targetHints":{"allow":["GET"]}}],"collection":[{"href":"https:\/\/www.satyanandayoga.com.br\/website\/wp-json\/wp\/v2\/product"}],"about":[{"href":"https:\/\/www.satyanandayoga.com.br\/website\/wp-json\/wp\/v2\/types\/product"}],"wp:featuredmedia":[{"embeddable":true,"href":"https:\/\/www.satyanandayoga.com.br\/website\/wp-json\/wp\/v2\/media\/227"}],"wp:attachment":[{"href":"https:\/\/www.satyanandayoga.com.br\/website\/wp-json\/wp\/v2\/media?parent=1314"}],"wp:term":[{"taxonomy":"product_brand","embeddable":true,"href":"https:\/\/www.satyanandayoga.com.br\/website\/wp-json\/wp\/v2\/product_brand?post=1314"},{"taxonomy":"product_cat","embeddable":true,"href":"https:\/\/www.satyanandayoga.com.br\/website\/wp-json\/wp\/v2\/product_cat?post=1314"},{"taxonomy":"product_tag","embeddable":true,"href":"https:\/\/www.satyanandayoga.com.br\/website\/wp-json\/wp\/v2\/product_tag?post=1314"}],"curies":[{"name":"wp","href":"https:\/\/api.w.org\/{rel}","templated":true}]}}