{"id":1573,"date":"2020-11-01T12:59:34","date_gmt":"2020-11-01T15:59:34","guid":{"rendered":"https:\/\/www.satyanandayoga.com.br\/website\/?post_type=product&#038;p=1573"},"modified":"2026-04-30T05:45:24","modified_gmt":"2026-04-30T08:45:24","slug":"kundalini-tantra","status":"publish","type":"product","link":"https:\/\/www.satyanandayoga.com.br\/website\/produto\/kundalini-tantra\/","title":{"rendered":"KUNDALINI TANTRA"},"content":{"rendered":"<p>Kundalini Tantra \u00e9 o trabalho pioneiro de Swami Satyananda Saraswati sobre Kundalini, Chakras e Kriya Yoga. Ao definir e explicar Kundalini, este livro oferece uma abordagem detalhada do seu despertar, incluindo os sinais e os efeitos dessa experi\u00eancia, assim como formas de fazer com que ela se manifeste e seja administrada.<\/p>\n<p>O livro cont\u00e9m uma descri\u00e7\u00e3o clara e o significado de cada Chakra nas pr\u00e1ticas Yogis e T\u00e2ntricas. As t\u00e9cnicas s\u00e3o oferecidas para equilibrar cada centro para uma maior harmonia na mente, no corpo e no espirito, assim como uma forma de prepara\u00e7\u00e3o para o despertar de Kundalini Shakti. O livro elucida completamente vinte Kriyas e as suas pr\u00e1ticas preparat\u00f3rias.<\/p>\n<p>Inclui gravuras coloridas, diagramas e quadros.<\/p>\n<p>&nbsp;<\/p>\n<p><strong>Autor: Swami Satyananda Saraswati<\/strong><\/p>\n","protected":false},"excerpt":{"rendered":"<p>Kundalini Tantra \u00e9 o trabalho pioneiro de Swami Satyananda Saraswati sobre Kundalini, Chakras e Kriya Yoga.<\/p>\n","protected":false},"featured_media":3220,"template":"","meta":[],"product_brand":[],"product_cat":[19],"product_tag":[],"class_list":{"0":"post-1573","1":"product","2":"type-product","3":"status-publish","4":"has-post-thumbnail","6":"product_cat-livros","7":"product_shipping_class-impresso","9":"first","10":"instock","11":"shipping-taxable","12":"purchasable","13":"product-type-simple"},"_links":{"self":[{"href":"https:\/\/www.satyanandayoga.com.br\/website\/wp-json\/wp\/v2\/product\/1573","targetHints":{"allow":["GET"]}}],"collection":[{"href":"https:\/\/www.satyanandayoga.com.br\/website\/wp-json\/wp\/v2\/product"}],"about":[{"href":"https:\/\/www.satyanandayoga.com.br\/website\/wp-json\/wp\/v2\/types\/product"}],"wp:featuredmedia":[{"embeddable":true,"href":"https:\/\/www.satyanandayoga.com.br\/website\/wp-json\/wp\/v2\/media\/3220"}],"wp:attachment":[{"href":"https:\/\/www.satyanandayoga.com.br\/website\/wp-json\/wp\/v2\/media?parent=1573"}],"wp:term":[{"taxonomy":"product_brand","embeddable":true,"href":"https:\/\/www.satyanandayoga.com.br\/website\/wp-json\/wp\/v2\/product_brand?post=1573"},{"taxonomy":"product_cat","embeddable":true,"href":"https:\/\/www.satyanandayoga.com.br\/website\/wp-json\/wp\/v2\/product_cat?post=1573"},{"taxonomy":"product_tag","embeddable":true,"href":"https:\/\/www.satyanandayoga.com.br\/website\/wp-json\/wp\/v2\/product_tag?post=1573"}],"curies":[{"name":"wp","href":"https:\/\/api.w.org\/{rel}","templated":true}]}}