{"id":2219,"date":"2021-11-11T10:46:28","date_gmt":"2021-11-11T13:46:28","guid":{"rendered":"https:\/\/www.satyanandayoga.com.br\/website\/?post_type=product&#038;p=2219"},"modified":"2025-12-09T08:39:47","modified_gmt":"2025-12-09T11:39:47","slug":"yoga-chakra-1-a-roda-do-yoga","status":"publish","type":"product","link":"https:\/\/www.satyanandayoga.com.br\/website\/produto\/yoga-chakra-1-a-roda-do-yoga\/","title":{"rendered":"YOGA CHAKRA 1 &#8211; A Roda do Yoga"},"content":{"rendered":"<p><a ref=\"magnificPopup\" href=\"https:\/\/www.satyanandayoga.com.br\/website\/wp-content\/uploads\/2021\/11\/Yoga-Chakra.jpg\"><img loading=\"lazy\" decoding=\"async\" class=\"alignnone size-medium wp-image-2220\" src=\"https:\/\/www.satyanandayoga.com.br\/website\/wp-content\/uploads\/2021\/11\/Yoga-Chakra-187x300.jpg\" alt=\"\" width=\"187\" height=\"300\" srcset=\"https:\/\/www.satyanandayoga.com.br\/website\/wp-content\/uploads\/2021\/11\/Yoga-Chakra-187x300.jpg 187w, https:\/\/www.satyanandayoga.com.br\/website\/wp-content\/uploads\/2021\/11\/Yoga-Chakra-400x642.jpg 400w, https:\/\/www.satyanandayoga.com.br\/website\/wp-content\/uploads\/2021\/11\/Yoga-Chakra.jpg 591w\" sizes=\"auto, (max-width: 187px) 100vw, 187px\" \/><\/a><\/p>\n<p>Por ocasi\u00e3o do Jubileu de Ouro da Bihar School of Yoga, Swami Niranjanananda Saraswati anunciou uma nova dire\u00e7\u00e3o para o Yoga: a Bihar School entra nos pr\u00f3ximos 50 anos com uma nova compreens\u00e3o e abordagem. Ele exp\u00f4s a origem do Yoga e seus tr\u00eas per\u00edodos distintos de desenvolvimento na hist\u00f3ria. Descreveu o papel e a contribui\u00e7\u00e3o dos expoentes dos v\u00e1rios ramos do Yoga, contextualizando sua compreens\u00e3o contempor\u00e2nea. Nesta obra, o leitor \u00e9 convidado a embarcar em uma jornada de descoberta para uma nova dimens\u00e3o do Yoga.<\/p>\n<p>&nbsp;<\/p>\n<p>&nbsp;<\/p>\n","protected":false},"excerpt":{"rendered":"<p>Por ocasi\u00e3o do Jubileu de Ouro da Bihar School of Yoga, Swami Niranjanananda Saraswati anunciou uma nova dire\u00e7\u00e3o para o&#8230;<\/p>\n","protected":false},"featured_media":2220,"template":"","meta":[],"product_brand":[],"product_cat":[19],"product_tag":[32,30,33,31],"class_list":{"0":"post-2219","1":"product","2":"type-product","3":"status-publish","4":"has-post-thumbnail","6":"product_cat-livros","7":"product_tag-bihar","8":"product_tag-chakra","9":"product_tag-niranja","10":"product_tag-roda","11":"product_shipping_class-impresso","13":"first","14":"instock","15":"shipping-taxable","16":"purchasable","17":"product-type-simple"},"_links":{"self":[{"href":"https:\/\/www.satyanandayoga.com.br\/website\/wp-json\/wp\/v2\/product\/2219","targetHints":{"allow":["GET"]}}],"collection":[{"href":"https:\/\/www.satyanandayoga.com.br\/website\/wp-json\/wp\/v2\/product"}],"about":[{"href":"https:\/\/www.satyanandayoga.com.br\/website\/wp-json\/wp\/v2\/types\/product"}],"wp:featuredmedia":[{"embeddable":true,"href":"https:\/\/www.satyanandayoga.com.br\/website\/wp-json\/wp\/v2\/media\/2220"}],"wp:attachment":[{"href":"https:\/\/www.satyanandayoga.com.br\/website\/wp-json\/wp\/v2\/media?parent=2219"}],"wp:term":[{"taxonomy":"product_brand","embeddable":true,"href":"https:\/\/www.satyanandayoga.com.br\/website\/wp-json\/wp\/v2\/product_brand?post=2219"},{"taxonomy":"product_cat","embeddable":true,"href":"https:\/\/www.satyanandayoga.com.br\/website\/wp-json\/wp\/v2\/product_cat?post=2219"},{"taxonomy":"product_tag","embeddable":true,"href":"https:\/\/www.satyanandayoga.com.br\/website\/wp-json\/wp\/v2\/product_tag?post=2219"}],"curies":[{"name":"wp","href":"https:\/\/api.w.org\/{rel}","templated":true}]}}