{"id":3032,"date":"2022-07-28T16:57:21","date_gmt":"2022-07-28T19:57:21","guid":{"rendered":"https:\/\/www.satyanandayoga.com.br\/website\/?post_type=product&#038;p=3032"},"modified":"2026-02-01T12:31:53","modified_gmt":"2026-02-01T15:31:53","slug":"sabado-de-yoga-na-casa-do-guru","status":"publish","type":"product","link":"https:\/\/www.satyanandayoga.com.br\/website\/produto\/sabado-de-yoga-na-casa-do-guru\/","title":{"rendered":"S\u00e1bado de Yoga na Casa do Guru"},"content":{"rendered":"<p>Venha desfrutar de um dia de experi\u00eancias auspiciosas na Casa do Guru.<\/p>\n<p>Data: Todo Primeiro S\u00e1bado do M\u00eas.<\/p>\n<p>PROGRAMA:<br \/>\nAula de Yoga<br \/>\nKarma Yoga<br \/>\nYoga Nidra<br \/>\nMantra da Cura<\/p>\n<p>Mais Informa\u00e7\u00f5es: <a href=\"https:\/\/drive.google.com\/file\/d\/13-YJSFHqLN_F0Vn0gOmwDglUJsUMFH3L\/view?usp=sharing\">CLIQUE AQUI<\/a><\/p>\n<p>&nbsp;<\/p>\n","protected":false},"excerpt":{"rendered":"<p>Venha desfrutar de um dia de experi\u00eancias auspiciosas na Casa do Guru. Data: Todo Primeiro S\u00e1bado do M\u00eas. PROGRAMA: Aula&#8230;<\/p>\n","protected":false},"featured_media":2768,"template":"","meta":[],"product_brand":[],"product_cat":[45],"product_tag":[],"class_list":{"0":"post-3032","1":"product","2":"type-product","3":"status-publish","4":"has-post-thumbnail","6":"product_cat-eventos","8":"first","9":"instock","10":"shipping-taxable","11":"purchasable","12":"product-type-variable","13":"has-default-attributes"},"_links":{"self":[{"href":"https:\/\/www.satyanandayoga.com.br\/website\/wp-json\/wp\/v2\/product\/3032","targetHints":{"allow":["GET"]}}],"collection":[{"href":"https:\/\/www.satyanandayoga.com.br\/website\/wp-json\/wp\/v2\/product"}],"about":[{"href":"https:\/\/www.satyanandayoga.com.br\/website\/wp-json\/wp\/v2\/types\/product"}],"wp:featuredmedia":[{"embeddable":true,"href":"https:\/\/www.satyanandayoga.com.br\/website\/wp-json\/wp\/v2\/media\/2768"}],"wp:attachment":[{"href":"https:\/\/www.satyanandayoga.com.br\/website\/wp-json\/wp\/v2\/media?parent=3032"}],"wp:term":[{"taxonomy":"product_brand","embeddable":true,"href":"https:\/\/www.satyanandayoga.com.br\/website\/wp-json\/wp\/v2\/product_brand?post=3032"},{"taxonomy":"product_cat","embeddable":true,"href":"https:\/\/www.satyanandayoga.com.br\/website\/wp-json\/wp\/v2\/product_cat?post=3032"},{"taxonomy":"product_tag","embeddable":true,"href":"https:\/\/www.satyanandayoga.com.br\/website\/wp-json\/wp\/v2\/product_tag?post=3032"}],"curies":[{"name":"wp","href":"https:\/\/api.w.org\/{rel}","templated":true}]}}