{"id":3215,"date":"2023-01-04T18:28:25","date_gmt":"2023-01-04T21:28:25","guid":{"rendered":"https:\/\/www.satyanandayoga.com.br\/website\/?post_type=product&#038;p=3215"},"modified":"2025-12-09T08:39:31","modified_gmt":"2025-12-09T11:39:31","slug":"hatha-yoga-para-todos","status":"publish","type":"product","link":"https:\/\/www.satyanandayoga.com.br\/website\/produto\/hatha-yoga-para-todos\/","title":{"rendered":"HATHA YOGA PARA TODOS"},"content":{"rendered":"<blockquote><p>Ap\u00f3s seu Jubileu de Ouro em 2013, que celebrou a conclus\u00e3o de 50 anos de propaga\u00e7\u00e3o do <em>Yoga<\/em>, a <em>Bihar School of Yoga<\/em> embarcou no &#8220;2\u00ba Cap\u00edtulo do <em>Yoga<\/em>&#8220;, Nesse pr\u00f3ximo n\u00edvel de aprendizagem, o <em>Yoga<\/em> deve ser experimentado e vivido como um <em>Sadhana<\/em> e estilo de vida.<\/p><\/blockquote>\n<p>A s\u00e9rie de <em>Yoga para Todos<\/em> oferece uma vis\u00e3o geral de v\u00e1rios ramos do <em>Yoga<\/em> e inclui c\u00e1psulas de pr\u00e1ticas para diferentes grupos e condi\u00e7\u00f5es.<\/p>\n<p><em>Hatha Yoga para Todos<\/em>: <em>Vis\u00e3o geral e C\u00e1psulas de Pr\u00e1tica<\/em> descreve as muitas facetas do <em>Hatha Yoga<\/em>, incluindo os objetivos, os benef\u00edcios, os obst\u00e1culos e os ajustes no estilo de vida. Estudantes, adultos, fam\u00edlias, idosos, desportistas e outros encontrar\u00e3o orienta\u00e7\u00f5es pr\u00e1ticas para o seu bem-estar no dia a dia e para condi\u00e7\u00f5es como o estresse, a ansiedade e a ins\u00f4nia.<\/p>\n","protected":false},"excerpt":{"rendered":"<p>Ap\u00f3s seu Jubileu de Ouro em 2013, que celebrou a conclus\u00e3o de 50 anos de propaga\u00e7\u00e3o do Yoga, a Bihar&#8230;<\/p>\n","protected":false},"featured_media":3219,"template":"","meta":[],"product_brand":[],"product_cat":[19],"product_tag":[],"class_list":{"0":"post-3215","1":"product","2":"type-product","3":"status-publish","4":"has-post-thumbnail","6":"product_cat-livros","7":"product_shipping_class-impresso","9":"first","10":"instock","11":"shipping-taxable","12":"purchasable","13":"product-type-simple"},"_links":{"self":[{"href":"https:\/\/www.satyanandayoga.com.br\/website\/wp-json\/wp\/v2\/product\/3215","targetHints":{"allow":["GET"]}}],"collection":[{"href":"https:\/\/www.satyanandayoga.com.br\/website\/wp-json\/wp\/v2\/product"}],"about":[{"href":"https:\/\/www.satyanandayoga.com.br\/website\/wp-json\/wp\/v2\/types\/product"}],"wp:featuredmedia":[{"embeddable":true,"href":"https:\/\/www.satyanandayoga.com.br\/website\/wp-json\/wp\/v2\/media\/3219"}],"wp:attachment":[{"href":"https:\/\/www.satyanandayoga.com.br\/website\/wp-json\/wp\/v2\/media?parent=3215"}],"wp:term":[{"taxonomy":"product_brand","embeddable":true,"href":"https:\/\/www.satyanandayoga.com.br\/website\/wp-json\/wp\/v2\/product_brand?post=3215"},{"taxonomy":"product_cat","embeddable":true,"href":"https:\/\/www.satyanandayoga.com.br\/website\/wp-json\/wp\/v2\/product_cat?post=3215"},{"taxonomy":"product_tag","embeddable":true,"href":"https:\/\/www.satyanandayoga.com.br\/website\/wp-json\/wp\/v2\/product_tag?post=3215"}],"curies":[{"name":"wp","href":"https:\/\/api.w.org\/{rel}","templated":true}]}}