{"id":3661,"date":"2023-11-07T16:10:45","date_gmt":"2023-11-07T19:10:45","guid":{"rendered":"https:\/\/www.satyanandayoga.com.br\/website\/?post_type=product&#038;p=3661"},"modified":"2026-04-06T09:25:46","modified_gmt":"2026-04-06T12:25:46","slug":"trilogia-do-tantra","status":"publish","type":"product","link":"https:\/\/www.satyanandayoga.com.br\/website\/produto\/trilogia-do-tantra\/","title":{"rendered":"TRILOGIA DO TANTRA"},"content":{"rendered":"<p>Kit Promocional contendo 3 livros:<\/p>\n<p>TANTRA VIDYA<br \/>\nEste livro tem como objetivo apresentar alguns dos elementos pr\u00e1ticos, te\u00f3ricos, simb\u00f3licos e m\u00edticos que comp\u00f5em o Tantrismo Hindu, a partir de um contexto acad\u00eamico e tamb\u00e9m por meio da experi\u00eancia concreta do autor como estudioso e praticante desta tradi\u00e7\u00e3o.<\/p>\n<p>INCURS\u00d5ES PELA MITOLOGIA HINDU<br \/>\nNeste livro, o autor apresenta a Mitologia Hindu<br \/>\ncomo um instrumento de ajuda para percorrer os caminhos do autoconhecimento e do desenvolvimento de uma maturidade intelectual, emocional e espiritual.<\/p>\n<p>TANTRA E GANESHA<br \/>\nEste livro \u00e9 uma tentativa de apresentar, a partir da linguagem discursiva, elementos que d\u00e3o forma \u00e0 filosofia do Tantra e de ilustrar um poss\u00edvel processo de intera\u00e7\u00e3o para com os princ\u00edpios m\u00edticos e experimentais discorridos pela mitologia e pelo simbolismo que comp\u00f5em o imagin\u00e1rio e o universo ps\u00edquico de Ganesha, o senhor de todos os grupos, destruidor dos obst\u00e1culos e ordenador do processo de manejo, de forma positiva, das necessidades da vida material, da conquista de um equil\u00edbrio mental, emocional e de um despertar espiritual.<\/p>\n<p>De Swami Aghorananda Saraswati<\/p>\n","protected":false},"excerpt":{"rendered":"<p>Kit Promocional contendo 3 livros: TANTRA VIDYA Este livro tem como objetivo apresentar alguns dos elementos pr\u00e1ticos, te\u00f3ricos, simb\u00f3licos e&#8230;<\/p>\n","protected":false},"featured_media":3670,"template":"","meta":[],"product_brand":[],"product_cat":[19],"product_tag":[],"class_list":{"0":"post-3661","1":"product","2":"type-product","3":"status-publish","4":"has-post-thumbnail","6":"product_cat-livros","7":"product_shipping_class-impresso","9":"first","10":"instock","11":"shipping-taxable","12":"purchasable","13":"product-type-simple"},"_links":{"self":[{"href":"https:\/\/www.satyanandayoga.com.br\/website\/wp-json\/wp\/v2\/product\/3661","targetHints":{"allow":["GET"]}}],"collection":[{"href":"https:\/\/www.satyanandayoga.com.br\/website\/wp-json\/wp\/v2\/product"}],"about":[{"href":"https:\/\/www.satyanandayoga.com.br\/website\/wp-json\/wp\/v2\/types\/product"}],"wp:featuredmedia":[{"embeddable":true,"href":"https:\/\/www.satyanandayoga.com.br\/website\/wp-json\/wp\/v2\/media\/3670"}],"wp:attachment":[{"href":"https:\/\/www.satyanandayoga.com.br\/website\/wp-json\/wp\/v2\/media?parent=3661"}],"wp:term":[{"taxonomy":"product_brand","embeddable":true,"href":"https:\/\/www.satyanandayoga.com.br\/website\/wp-json\/wp\/v2\/product_brand?post=3661"},{"taxonomy":"product_cat","embeddable":true,"href":"https:\/\/www.satyanandayoga.com.br\/website\/wp-json\/wp\/v2\/product_cat?post=3661"},{"taxonomy":"product_tag","embeddable":true,"href":"https:\/\/www.satyanandayoga.com.br\/website\/wp-json\/wp\/v2\/product_tag?post=3661"}],"curies":[{"name":"wp","href":"https:\/\/api.w.org\/{rel}","templated":true}]}}