{"id":3924,"date":"2024-06-04T13:46:56","date_gmt":"2024-06-04T16:46:56","guid":{"rendered":"https:\/\/www.satyanandayoga.com.br\/website\/?post_type=product&#038;p=3924"},"modified":"2025-12-09T08:38:15","modified_gmt":"2025-12-09T11:38:15","slug":"aprofundando-meu-yoga","status":"publish","type":"product","link":"https:\/\/www.satyanandayoga.com.br\/website\/produto\/aprofundando-meu-yoga\/","title":{"rendered":"APROFUNDANDO MEU YOGA"},"content":{"rendered":"<p>Kit Promocional contendo 4 livros:<\/p>\n<p>REVISTA SATYANANDA YOGA VIDYA \u2013 volume V<br \/>\nEssa publica\u00e7\u00e3o foi compilada e publicada pelo Satyananda Yoga Center, e tem como objetivo tornar acess\u00edvel a sabedoria e os princ\u00edpios do Yoga transmitidos pelo sistema Satyananda Yoga.<br \/>\nOs textos s\u00e3o tradu\u00e7\u00f5es autorizadas extra\u00eddas da Revista Yoga Mag.<\/p>\n<p>YOGA CHAKRA 1 \u2013 A Roda do Yoga<br \/>\nPor ocasi\u00e3o do Jubileu de Ouro da Bihar School of Yoga, Swami Niranjanananda Saraswati anunciou uma nova dire\u00e7\u00e3o para o Yoga: a Bihar School entra nos pr\u00f3ximos 50 anos com uma nova compreens\u00e3o e abordagem. Ele exp\u00f4s a origem do Yoga e seus tr\u00eas per\u00edodos distintos de desenvolvimento na hist\u00f3ria. Descreveu o papel e a contribui\u00e7\u00e3o dos expoentes dos v\u00e1rios ramos do Yoga, contextualizando sua compreens\u00e3o contempor\u00e2nea. Nesta obra, o leitor \u00e9 convidado a embarcar em uma jornada de descoberta para uma nova dimens\u00e3o do Yoga.<\/p>\n<p>HATHA YOGA PARA TODOS<br \/>\nVis\u00e3o geral e C\u00e1psulas de Pr\u00e1tica descreve as muitas facetas do Hatha Yoga, incluindo os objetivos, os benef\u00edcios, os obst\u00e1culos e os ajustes no estilo de vida. Estudantes, adultos, fam\u00edlias, idosos, desportistas e outros encontrar\u00e3o orienta\u00e7\u00f5es pr\u00e1ticas para o seu bem-estar no dia a dia e para condi\u00e7\u00f5es como o estresse, a ansiedade e a ins\u00f4nia.<\/p>\n<p>O YOGA NA VIDA DI\u00c1RIA<br \/>\nNeste livro, Swami Niranjanananda discorre sobre o prop\u00f3sito do Yoga na vida cotidiana e descreve de forma detalhada as c\u00e1psulas de Yoga que todos podem incluir em sua vida di\u00e1ria. Swamiji elucida as ci\u00eancias e tradi\u00e7\u00f5es espirituais de maneira cl\u00e1ssica, profunda e, ao mesmo tempo, leve, dando vida \u00e0 percep\u00e7\u00e3o e \u00e0 sabedoria dos antigos videntes e \u00e0s Escrituras.<\/p>\n","protected":false},"excerpt":{"rendered":"<p>Kit Promocional contendo 4 livros: REVISTA SATYANANDA YOGA VIDYA \u2013 volume V Essa publica\u00e7\u00e3o foi compilada e publicada pelo Satyananda&#8230;<\/p>\n","protected":false},"featured_media":3925,"template":"","meta":[],"product_brand":[],"product_cat":[19],"product_tag":[],"class_list":{"0":"post-3924","1":"product","2":"type-product","3":"status-publish","4":"has-post-thumbnail","6":"product_cat-livros","7":"product_shipping_class-impresso","9":"first","10":"instock","11":"shipping-taxable","12":"purchasable","13":"product-type-simple"},"_links":{"self":[{"href":"https:\/\/www.satyanandayoga.com.br\/website\/wp-json\/wp\/v2\/product\/3924","targetHints":{"allow":["GET"]}}],"collection":[{"href":"https:\/\/www.satyanandayoga.com.br\/website\/wp-json\/wp\/v2\/product"}],"about":[{"href":"https:\/\/www.satyanandayoga.com.br\/website\/wp-json\/wp\/v2\/types\/product"}],"wp:featuredmedia":[{"embeddable":true,"href":"https:\/\/www.satyanandayoga.com.br\/website\/wp-json\/wp\/v2\/media\/3925"}],"wp:attachment":[{"href":"https:\/\/www.satyanandayoga.com.br\/website\/wp-json\/wp\/v2\/media?parent=3924"}],"wp:term":[{"taxonomy":"product_brand","embeddable":true,"href":"https:\/\/www.satyanandayoga.com.br\/website\/wp-json\/wp\/v2\/product_brand?post=3924"},{"taxonomy":"product_cat","embeddable":true,"href":"https:\/\/www.satyanandayoga.com.br\/website\/wp-json\/wp\/v2\/product_cat?post=3924"},{"taxonomy":"product_tag","embeddable":true,"href":"https:\/\/www.satyanandayoga.com.br\/website\/wp-json\/wp\/v2\/product_tag?post=3924"}],"curies":[{"name":"wp","href":"https:\/\/api.w.org\/{rel}","templated":true}]}}