{"id":4318,"date":"2025-05-23T18:02:38","date_gmt":"2025-05-23T21:02:38","guid":{"rendered":"https:\/\/www.satyanandayoga.com.br\/website\/?post_type=product&#038;p=4318"},"modified":"2025-12-09T08:37:39","modified_gmt":"2025-12-09T11:37:39","slug":"um-cachorro-chamado-silencio","status":"publish","type":"product","link":"https:\/\/www.satyanandayoga.com.br\/website\/produto\/um-cachorro-chamado-silencio\/","title":{"rendered":"UM CACHORRO CHAMADO SIL\u00caNCIO"},"content":{"rendered":"<p>Contado em forma de versos, de uma forma simples e profunda,<br \/>\no livro \u201cUm cachorro chamado Sil\u00eancio\u201d \u00e9 um convite para<br \/>\ncrian\u00e7as e adultos criarem espa\u00e7os de sil\u00eancio como uma<br \/>\npr\u00e1tica de autoconhecimento.<br \/>\nRepleto de uma linguagem simb\u00f3lica, o livro apresenta uma<br \/>\nreflex\u00e3o sobre a presen\u00e7a do sil\u00eancio nos tempos atuais, em<br \/>\nque a efervesc\u00eancia de est\u00edmulos distancia crian\u00e7as e adultos<br \/>\nde si mesmos.<br \/>\nBaseado em um personagem real, o cachorro Muni, com seu<br \/>\njeito carinhoso, nos faz refletir sobre a altern\u00e2ncia de momentos<br \/>\nque pedem uma postura silenciosa e aqueles em que precisamos<br \/>\nnos expressar, provocando-nos tamb\u00e9m posturas \u00e9ticas diante<br \/>\nde acontecimentos da vida cotidiana.<\/p>\n<p>Autora: Gangadhara Saraswati<br \/>\n28 p\u00e1ginas<\/p>\n","protected":false},"excerpt":{"rendered":"<p>Contado em forma de versos, de uma forma simples e profunda, o livro \u201cUm cachorro chamado Sil\u00eancio\u201d \u00e9 um convite&#8230;<\/p>\n","protected":false},"featured_media":4319,"template":"","meta":[],"product_brand":[],"product_cat":[19],"product_tag":[],"class_list":{"0":"post-4318","1":"product","2":"type-product","3":"status-publish","4":"has-post-thumbnail","6":"product_cat-livros","7":"product_shipping_class-impresso","9":"first","10":"instock","11":"shipping-taxable","12":"purchasable","13":"product-type-simple"},"_links":{"self":[{"href":"https:\/\/www.satyanandayoga.com.br\/website\/wp-json\/wp\/v2\/product\/4318","targetHints":{"allow":["GET"]}}],"collection":[{"href":"https:\/\/www.satyanandayoga.com.br\/website\/wp-json\/wp\/v2\/product"}],"about":[{"href":"https:\/\/www.satyanandayoga.com.br\/website\/wp-json\/wp\/v2\/types\/product"}],"wp:featuredmedia":[{"embeddable":true,"href":"https:\/\/www.satyanandayoga.com.br\/website\/wp-json\/wp\/v2\/media\/4319"}],"wp:attachment":[{"href":"https:\/\/www.satyanandayoga.com.br\/website\/wp-json\/wp\/v2\/media?parent=4318"}],"wp:term":[{"taxonomy":"product_brand","embeddable":true,"href":"https:\/\/www.satyanandayoga.com.br\/website\/wp-json\/wp\/v2\/product_brand?post=4318"},{"taxonomy":"product_cat","embeddable":true,"href":"https:\/\/www.satyanandayoga.com.br\/website\/wp-json\/wp\/v2\/product_cat?post=4318"},{"taxonomy":"product_tag","embeddable":true,"href":"https:\/\/www.satyanandayoga.com.br\/website\/wp-json\/wp\/v2\/product_tag?post=4318"}],"curies":[{"name":"wp","href":"https:\/\/api.w.org\/{rel}","templated":true}]}}