{"id":4505,"date":"2025-09-09T17:54:22","date_gmt":"2025-09-09T20:54:22","guid":{"rendered":"https:\/\/www.satyanandayoga.com.br\/website\/?post_type=product&#038;p=4505"},"modified":"2026-04-12T10:43:59","modified_gmt":"2026-04-12T13:43:59","slug":"meditacoes-dos-tantras","status":"publish","type":"product","link":"https:\/\/www.satyanandayoga.com.br\/website\/produto\/meditacoes-dos-tantras\/","title":{"rendered":"MEDITA\u00c7\u00d5ES DOS TANTRAS"},"content":{"rendered":"<p>Medita\u00e7\u00f5es dos Tantras \u00e9 um livro claro e abrangente sobre medita\u00e7\u00e3o para iniciantes. Seu objetivo geral \u00e9 apresentar as possibilidades dispon\u00edveis ao praticante de medita\u00e7\u00e3o, a prepara\u00e7\u00e3o necess\u00e1ria, assim como m\u00e9todos pr\u00e1ticos para alcan\u00e7ar experi\u00eancias meditativas.<br \/>\nA obra apresenta pr\u00e1ticas fundamentais de Pratyahara (abstra\u00e7\u00e3o sensorial), como Antar Mouna, e introdu\u00e7\u00f5es a outras t\u00e9cnicas meditativas, como Satyananda Yoga Nidra, Ajapa Japa, Trataka, os Kriyas e diferentes formas de pr\u00e1tica com Mantras. Assim, oferece uma base essencial para todas as pr\u00e1ticas avan\u00e7adas de medita\u00e7\u00e3o.<br \/>\nEst\u00e3o inclu\u00eddas transcri\u00e7\u00f5es de aulas com as pr\u00e1ticas tal como foram originalmente ensinadas por Swami Satyananda\u00a0Saraswati.<\/p>\n<p>362 p\u00e1ginas<\/p>\n","protected":false},"excerpt":{"rendered":"<p>Medita\u00e7\u00f5es dos Tantras \u00e9 um livro claro e abrangente sobre medita\u00e7\u00e3o para iniciantes. Seu objetivo geral \u00e9 apresentar as possibilidades&#8230;<\/p>\n","protected":false},"featured_media":4506,"template":"","meta":[],"product_brand":[],"product_cat":[19],"product_tag":[],"class_list":{"0":"post-4505","1":"product","2":"type-product","3":"status-publish","4":"has-post-thumbnail","6":"product_cat-livros","7":"product_shipping_class-impresso","9":"first","10":"instock","11":"featured","12":"shipping-taxable","13":"purchasable","14":"product-type-simple"},"_links":{"self":[{"href":"https:\/\/www.satyanandayoga.com.br\/website\/wp-json\/wp\/v2\/product\/4505","targetHints":{"allow":["GET"]}}],"collection":[{"href":"https:\/\/www.satyanandayoga.com.br\/website\/wp-json\/wp\/v2\/product"}],"about":[{"href":"https:\/\/www.satyanandayoga.com.br\/website\/wp-json\/wp\/v2\/types\/product"}],"wp:featuredmedia":[{"embeddable":true,"href":"https:\/\/www.satyanandayoga.com.br\/website\/wp-json\/wp\/v2\/media\/4506"}],"wp:attachment":[{"href":"https:\/\/www.satyanandayoga.com.br\/website\/wp-json\/wp\/v2\/media?parent=4505"}],"wp:term":[{"taxonomy":"product_brand","embeddable":true,"href":"https:\/\/www.satyanandayoga.com.br\/website\/wp-json\/wp\/v2\/product_brand?post=4505"},{"taxonomy":"product_cat","embeddable":true,"href":"https:\/\/www.satyanandayoga.com.br\/website\/wp-json\/wp\/v2\/product_cat?post=4505"},{"taxonomy":"product_tag","embeddable":true,"href":"https:\/\/www.satyanandayoga.com.br\/website\/wp-json\/wp\/v2\/product_tag?post=4505"}],"curies":[{"name":"wp","href":"https:\/\/api.w.org\/{rel}","templated":true}]}}