{"id":4633,"date":"2026-02-05T17:03:27","date_gmt":"2026-02-05T20:03:27","guid":{"rendered":"https:\/\/www.satyanandayoga.com.br\/website\/?post_type=product&#038;p=4633"},"modified":"2026-02-05T17:09:51","modified_gmt":"2026-02-05T20:09:51","slug":"qualificacao-hata-yoga","status":"publish","type":"product","link":"https:\/\/www.satyanandayoga.com.br\/website\/produto\/qualificacao-hata-yoga\/","title":{"rendered":"QUALIFICA\u00c7\u00c3O HATHA YOGA"},"content":{"rendered":"<p>ESTUDOS TE\u00d3RICO-PR\u00c1TICOS<br \/>\nFormato h\u00edbrido (online ao vivo, remoto e imers\u00e3o)<\/p>\n<p>Inscri\u00e7\u00f5es: at\u00e9 07 de abril de 2026<br \/>\nIn\u00edcio do curso: 14 de abril de 2026<br \/>\nConclus\u00e3o do curso: Out\/nov 2026<\/p>\n<p>Mais Informa\u00e7\u00f5es:\u00a0<a href=\"https:\/\/drive.google.com\/file\/d\/1nHIcCx9fe8TS5Ujl0PCDG6f-9VIgnXk0\/view\" target=\"_blank\" rel=\"noopener\">CLIQUE AQUI<\/a><\/p>\n<p>&nbsp;<\/p>\n","protected":false},"excerpt":{"rendered":"<p>ESTUDOS TE\u00d3RICO-PR\u00c1TICOS Formato h\u00edbrido (online ao vivo, remoto e imers\u00e3o) Inscri\u00e7\u00f5es: at\u00e9 07 de abril de 2026 In\u00edcio do curso:&#8230;<\/p>\n","protected":false},"featured_media":4631,"template":"","meta":[],"product_brand":[],"product_cat":[38],"product_tag":[],"class_list":{"0":"post-4633","1":"product","2":"type-product","3":"status-publish","4":"has-post-thumbnail","6":"product_cat-aulas","8":"first","9":"instock","10":"virtual","11":"purchasable","12":"product-type-simple"},"_links":{"self":[{"href":"https:\/\/www.satyanandayoga.com.br\/website\/wp-json\/wp\/v2\/product\/4633","targetHints":{"allow":["GET"]}}],"collection":[{"href":"https:\/\/www.satyanandayoga.com.br\/website\/wp-json\/wp\/v2\/product"}],"about":[{"href":"https:\/\/www.satyanandayoga.com.br\/website\/wp-json\/wp\/v2\/types\/product"}],"wp:featuredmedia":[{"embeddable":true,"href":"https:\/\/www.satyanandayoga.com.br\/website\/wp-json\/wp\/v2\/media\/4631"}],"wp:attachment":[{"href":"https:\/\/www.satyanandayoga.com.br\/website\/wp-json\/wp\/v2\/media?parent=4633"}],"wp:term":[{"taxonomy":"product_brand","embeddable":true,"href":"https:\/\/www.satyanandayoga.com.br\/website\/wp-json\/wp\/v2\/product_brand?post=4633"},{"taxonomy":"product_cat","embeddable":true,"href":"https:\/\/www.satyanandayoga.com.br\/website\/wp-json\/wp\/v2\/product_cat?post=4633"},{"taxonomy":"product_tag","embeddable":true,"href":"https:\/\/www.satyanandayoga.com.br\/website\/wp-json\/wp\/v2\/product_tag?post=4633"}],"curies":[{"name":"wp","href":"https:\/\/api.w.org\/{rel}","templated":true}]}}