{"id":4662,"date":"2026-03-17T20:38:35","date_gmt":"2026-03-17T23:38:35","guid":{"rendered":"https:\/\/www.satyanandayoga.com.br\/website\/?post_type=product&#038;p=4662"},"modified":"2026-03-17T20:41:02","modified_gmt":"2026-03-17T23:41:02","slug":"retiro-semana-santa","status":"publish","type":"product","link":"https:\/\/www.satyanandayoga.com.br\/website\/produto\/retiro-semana-santa\/","title":{"rendered":"RETIRO NA SEMANA SANTA"},"content":{"rendered":"<p><strong>A Arte de Desapegar com Leveza<\/strong><br \/>\ncom Swami Aghorananda Saraswati e Swami Gangadhara Saraswati<\/p>\n<p>Um mergulho consciente para soltar excessos,<br \/>\nsilenciar ru\u00eddos internos e reencontrar o<br \/>\nessencial.<\/p>\n<p>Inscri\u00e7\u00f5es: at\u00e9 dia 28 de mar\u00e7o ou enquanto houver vagas.<br \/>\nData: 3, 4 e 5 de abril de 2026<br \/>\nVagas limitadas<\/p>\n<p>Mais Informa\u00e7\u00f5es:\u00a0<a href=\"https:\/\/drive.google.com\/file\/d\/1WT_TApllH5Mh5h4nTsj5PFfSHbjbV1nL\/view\" target=\"_blank\" rel=\"noopener\">CLIQUE AQUI<\/a><\/p>\n<p>&nbsp;<\/p>\n","protected":false},"excerpt":{"rendered":"<p>A Arte de Desapegar com Leveza com Swami Aghorananda Saraswati e Swami Gangadhara Saraswati Um mergulho consciente para soltar excessos,&#8230;<\/p>\n","protected":false},"featured_media":4663,"template":"","meta":[],"product_brand":[],"product_cat":[45],"product_tag":[],"class_list":{"0":"post-4662","1":"product","2":"type-product","3":"status-publish","4":"has-post-thumbnail","6":"product_cat-eventos","8":"first","9":"instock","10":"virtual","11":"purchasable","12":"product-type-simple"},"_links":{"self":[{"href":"https:\/\/www.satyanandayoga.com.br\/website\/wp-json\/wp\/v2\/product\/4662","targetHints":{"allow":["GET"]}}],"collection":[{"href":"https:\/\/www.satyanandayoga.com.br\/website\/wp-json\/wp\/v2\/product"}],"about":[{"href":"https:\/\/www.satyanandayoga.com.br\/website\/wp-json\/wp\/v2\/types\/product"}],"wp:featuredmedia":[{"embeddable":true,"href":"https:\/\/www.satyanandayoga.com.br\/website\/wp-json\/wp\/v2\/media\/4663"}],"wp:attachment":[{"href":"https:\/\/www.satyanandayoga.com.br\/website\/wp-json\/wp\/v2\/media?parent=4662"}],"wp:term":[{"taxonomy":"product_brand","embeddable":true,"href":"https:\/\/www.satyanandayoga.com.br\/website\/wp-json\/wp\/v2\/product_brand?post=4662"},{"taxonomy":"product_cat","embeddable":true,"href":"https:\/\/www.satyanandayoga.com.br\/website\/wp-json\/wp\/v2\/product_cat?post=4662"},{"taxonomy":"product_tag","embeddable":true,"href":"https:\/\/www.satyanandayoga.com.br\/website\/wp-json\/wp\/v2\/product_tag?post=4662"}],"curies":[{"name":"wp","href":"https:\/\/api.w.org\/{rel}","templated":true}]}}